{"id":37537,"date":"2026-01-05T12:01:32","date_gmt":"2026-01-05T12:01:32","guid":{"rendered":"https:\/\/gangnambeaute.com\/?post_type=product&#038;p=37537"},"modified":"2026-04-11T02:54:41","modified_gmt":"2026-04-11T02:54:41","slug":"celimax-retinol-shot-retinal-shot-booster-pack-of-2-serum-et-creme-visage-exclusive-kit","status":"publish","type":"product","link":"https:\/\/gangnambeaute.com\/fr\/product\/celimax-retinol-shot-retinal-shot-booster-pack-of-2-serum-et-creme-visage-exclusive-kit\/","title":{"rendered":"Celimax &#8211; Retinol Shot + Retinal Shot Booster pack of 2 &#8211; S\u00e9rum et cr\u00e8me visage &#8211; Exclusive Kit"},"content":{"rendered":"<div class=\"Y3BBE\" data-sfc-cp=\"\" data-hveid=\"CAEIAhAA\" data-processed=\"true\" data-complete=\"true\"><strong class=\"Yjhzub\" data-complete=\"true\" data-processed=\"true\">Ce duo anti-\u00e2ge surpuissant au r\u00e9tinol et peptides booste l&rsquo;\u00e9lasticit\u00e9 et lisse les rides. Gr\u00e2ce \u00e0 la technologie A-Shot, les actifs p\u00e9n\u00e8trent en profondeur pour revitaliser la peau, tandis que le panth\u00e9nol et la vitamine E hydratent intens\u00e9ment sans fini gras. Un combo id\u00e9al pour une peau ferme, rebondie et \u00e9clatante.<\/strong><\/div>\n","protected":false},"excerpt":{"rendered":"<div class=\"Y3BBE\" data-sfc-cp=\"\" data-hveid=\"CAEIAhAA\" data-complete=\"true\" data-processed=\"true\"><strong class=\"Yjhzub\" data-complete=\"true\" data-processed=\"true\">Le soir uniquement : appliquez d&rsquo;abord le s\u00e9rum (30 ml) sur l&rsquo;ensemble du visage, puis utilisez le booster (15 ml) sur les zones marqu\u00e9es (rides, pores dilat\u00e9s). Massez pour faire p\u00e9n\u00e9trer et n&rsquo;oubliez pas votre cr\u00e8me solaire le lendemain matin.<\/strong><\/div>\n","protected":false},"featured_media":43331,"comment_status":"open","ping_status":"closed","template":"","meta":[],"product_brand":[1059,1015],"product_cat":[344,348,368,431,434,436,438],"product_tag":[],"class_list":{"0":"post-37537","1":"product","2":"type-product","3":"status-publish","4":"has-post-thumbnail","6":"product_brand-celimax-populare","7":"product_brand-populare","8":"product_cat-skincare","9":"product_cat-soin-concentre","10":"product_cat-serums","11":"product_cat-offres","12":"product_cat-nouveautes","13":"product_cat-kits-coffrets","14":"product_cat-selection-dexperts-de-gangnam","16":"first","17":"outofstock","18":"sale","19":"shipping-taxable","20":"purchasable","21":"product-type-simple"},"_links":{"self":[{"href":"https:\/\/gangnambeaute.com\/fr\/wp-json\/wp\/v2\/product\/37537","targetHints":{"allow":["GET"]}}],"collection":[{"href":"https:\/\/gangnambeaute.com\/fr\/wp-json\/wp\/v2\/product"}],"about":[{"href":"https:\/\/gangnambeaute.com\/fr\/wp-json\/wp\/v2\/types\/product"}],"replies":[{"embeddable":true,"href":"https:\/\/gangnambeaute.com\/fr\/wp-json\/wp\/v2\/comments?post=37537"}],"version-history":[{"count":2,"href":"https:\/\/gangnambeaute.com\/fr\/wp-json\/wp\/v2\/product\/37537\/revisions"}],"predecessor-version":[{"id":42414,"href":"https:\/\/gangnambeaute.com\/fr\/wp-json\/wp\/v2\/product\/37537\/revisions\/42414"}],"wp:featuredmedia":[{"embeddable":true,"href":"https:\/\/gangnambeaute.com\/fr\/wp-json\/wp\/v2\/media\/43331"}],"wp:attachment":[{"href":"https:\/\/gangnambeaute.com\/fr\/wp-json\/wp\/v2\/media?parent=37537"}],"wp:term":[{"taxonomy":"product_brand","embeddable":true,"href":"https:\/\/gangnambeaute.com\/fr\/wp-json\/wp\/v2\/product_brand?post=37537"},{"taxonomy":"product_cat","embeddable":true,"href":"https:\/\/gangnambeaute.com\/fr\/wp-json\/wp\/v2\/product_cat?post=37537"},{"taxonomy":"product_tag","embeddable":true,"href":"https:\/\/gangnambeaute.com\/fr\/wp-json\/wp\/v2\/product_tag?post=37537"}],"curies":[{"name":"wp","href":"https:\/\/api.w.org\/{rel}","templated":true}]}}