{"id":37466,"date":"2026-01-05T10:44:42","date_gmt":"2026-01-05T10:44:42","guid":{"rendered":"https:\/\/gangnambeaute.com\/?post_type=product&#038;p=37466"},"modified":"2026-04-11T02:54:38","modified_gmt":"2026-04-11T02:54:38","slug":"eqqualberry-bakuchiol-vitamin-c-serum-set-serum-visage-exclusive-kit","status":"publish","type":"product","link":"https:\/\/gangnambeaute.com\/fr\/product\/eqqualberry-bakuchiol-vitamin-c-serum-set-serum-visage-exclusive-kit\/","title":{"rendered":"EQQUALBERRY &#8211; Bakuchiol &#038; Vitamin C Serum Set &#8211; S\u00e9rum visage &#8211; Exclusive Kit"},"content":{"rendered":"<p><strong>Ce coffret sert \u00e0 lisser les rides et \u00e0 raviver l&rsquo;\u00e9clat du teint gr\u00e2ce \u00e0 la puissance du bakuchiol et de la vitamine C.<\/strong><\/p>\n","protected":false},"excerpt":{"rendered":"<div class=\"Y3BBE\" data-sfc-cp=\"\" data-sfc-cb=\"\" data-hveid=\"CAEIAhAA\" data-processed=\"true\" data-complete=\"true\"><strong>Appliquez quelques gouttes sur votre visage propre et\u00a0tapotez doucement jusqu&rsquo;\u00e0 absorption compl\u00e8te avant votre cr\u00e8me.<\/strong><\/div>\n","protected":false},"featured_media":41733,"comment_status":"open","ping_status":"closed","template":"","meta":[],"product_brand":[1015,1060],"product_cat":[344,348,349,368,431,434,436,438],"product_tag":[],"class_list":{"0":"post-37466","1":"product","2":"type-product","3":"status-publish","4":"has-post-thumbnail","6":"product_brand-populare","7":"product_brand-eqqualberry-populare","8":"product_cat-skincare","9":"product_cat-soin-concentre","10":"product_cat-vitamine-c","11":"product_cat-serums","12":"product_cat-offres","13":"product_cat-nouveautes","14":"product_cat-kits-coffrets","15":"product_cat-selection-dexperts-de-gangnam","17":"first","18":"outofstock","19":"sale","20":"shipping-taxable","21":"purchasable","22":"product-type-simple"},"_links":{"self":[{"href":"https:\/\/gangnambeaute.com\/fr\/wp-json\/wp\/v2\/product\/37466","targetHints":{"allow":["GET"]}}],"collection":[{"href":"https:\/\/gangnambeaute.com\/fr\/wp-json\/wp\/v2\/product"}],"about":[{"href":"https:\/\/gangnambeaute.com\/fr\/wp-json\/wp\/v2\/types\/product"}],"replies":[{"embeddable":true,"href":"https:\/\/gangnambeaute.com\/fr\/wp-json\/wp\/v2\/comments?post=37466"}],"version-history":[{"count":2,"href":"https:\/\/gangnambeaute.com\/fr\/wp-json\/wp\/v2\/product\/37466\/revisions"}],"predecessor-version":[{"id":43367,"href":"https:\/\/gangnambeaute.com\/fr\/wp-json\/wp\/v2\/product\/37466\/revisions\/43367"}],"wp:featuredmedia":[{"embeddable":true,"href":"https:\/\/gangnambeaute.com\/fr\/wp-json\/wp\/v2\/media\/41733"}],"wp:attachment":[{"href":"https:\/\/gangnambeaute.com\/fr\/wp-json\/wp\/v2\/media?parent=37466"}],"wp:term":[{"taxonomy":"product_brand","embeddable":true,"href":"https:\/\/gangnambeaute.com\/fr\/wp-json\/wp\/v2\/product_brand?post=37466"},{"taxonomy":"product_cat","embeddable":true,"href":"https:\/\/gangnambeaute.com\/fr\/wp-json\/wp\/v2\/product_cat?post=37466"},{"taxonomy":"product_tag","embeddable":true,"href":"https:\/\/gangnambeaute.com\/fr\/wp-json\/wp\/v2\/product_tag?post=37466"}],"curies":[{"name":"wp","href":"https:\/\/api.w.org\/{rel}","templated":true}]}}