{"id":37441,"date":"2026-01-05T10:12:25","date_gmt":"2026-01-05T10:12:25","guid":{"rendered":"https:\/\/gangnambeaute.com\/?post_type=product&#038;p=37441"},"modified":"2026-05-03T13:03:53","modified_gmt":"2026-05-03T13:03:53","slug":"eqqualberry-bakuchiol-duo-serum-et-creme-visage-exclusive-kit","status":"publish","type":"product","link":"https:\/\/gangnambeaute.com\/fr\/product\/eqqualberry-bakuchiol-duo-serum-et-creme-visage-exclusive-kit\/","title":{"rendered":"EQQUALBERRY &#8211; Bakuchiol Duo &#8211; S\u00e9rum et cr\u00e8me visage &#8211; Exclusive Kit"},"content":{"rendered":"<p><strong>Ce duo sert \u00e0 raffermir la peau et lisser les ridules en combinant les bienfaits r\u00e9g\u00e9n\u00e9rants du bakuchiol en s\u00e9rum et en cr\u00e8me.<\/strong><\/p>\n","protected":false},"excerpt":{"rendered":"<div class=\"Y3BBE\" data-sfc-cp=\"\" data-sfc-cb=\"\" data-hveid=\"CAEIAhAA\" data-complete=\"true\" data-processed=\"true\">\n<div class=\"Y3BBE\" data-sfc-cp=\"\" data-sfc-cb=\"\" data-hveid=\"CAEIAhAA\" data-complete=\"true\" data-processed=\"true\"><strong>Appliquez d&rsquo;abord le s\u00e9rum sur\u00a0visage propre, puis scellez l&rsquo;hydratation en massant d\u00e9licatement la cr\u00e8me sur l&rsquo;ensemble du visage.<span class=\"uJ19be notranslate\" data-wiz-uids=\"BUJ4Nd_j,BUJ4Nd_k\" data-sfc-cb=\"\" data-complete=\"true\" data-processed=\"true\"><span class=\"vKEkVd\" data-animation-atomic=\"\" data-wiz-attrbind=\"class=BUJ4Nd_i\/TKHnVd\" data-sae=\"\"><span aria-hidden=\"true\">\u00a0<\/span><\/span><\/span><\/strong><\/div>\n<\/div>\n","protected":false},"featured_media":41718,"comment_status":"open","ping_status":"closed","template":"","meta":[],"product_brand":[1060,1015],"product_cat":[344,348,368,370,431,434,436,438],"product_tag":[],"class_list":{"0":"post-37441","1":"product","2":"type-product","3":"status-publish","4":"has-post-thumbnail","6":"product_brand-eqqualberry-populare","7":"product_brand-populare","8":"product_cat-skincare","9":"product_cat-soin-concentre","10":"product_cat-serums","11":"product_cat-cremes","12":"product_cat-offres","13":"product_cat-nouveautes","14":"product_cat-kits-coffrets","15":"product_cat-selection-dexperts-de-gangnam","17":"first","18":"instock","19":"sale","20":"shipping-taxable","21":"purchasable","22":"product-type-simple"},"_links":{"self":[{"href":"https:\/\/gangnambeaute.com\/fr\/wp-json\/wp\/v2\/product\/37441","targetHints":{"allow":["GET"]}}],"collection":[{"href":"https:\/\/gangnambeaute.com\/fr\/wp-json\/wp\/v2\/product"}],"about":[{"href":"https:\/\/gangnambeaute.com\/fr\/wp-json\/wp\/v2\/types\/product"}],"replies":[{"embeddable":true,"href":"https:\/\/gangnambeaute.com\/fr\/wp-json\/wp\/v2\/comments?post=37441"}],"version-history":[{"count":2,"href":"https:\/\/gangnambeaute.com\/fr\/wp-json\/wp\/v2\/product\/37441\/revisions"}],"predecessor-version":[{"id":43370,"href":"https:\/\/gangnambeaute.com\/fr\/wp-json\/wp\/v2\/product\/37441\/revisions\/43370"}],"wp:featuredmedia":[{"embeddable":true,"href":"https:\/\/gangnambeaute.com\/fr\/wp-json\/wp\/v2\/media\/41718"}],"wp:attachment":[{"href":"https:\/\/gangnambeaute.com\/fr\/wp-json\/wp\/v2\/media?parent=37441"}],"wp:term":[{"taxonomy":"product_brand","embeddable":true,"href":"https:\/\/gangnambeaute.com\/fr\/wp-json\/wp\/v2\/product_brand?post=37441"},{"taxonomy":"product_cat","embeddable":true,"href":"https:\/\/gangnambeaute.com\/fr\/wp-json\/wp\/v2\/product_cat?post=37441"},{"taxonomy":"product_tag","embeddable":true,"href":"https:\/\/gangnambeaute.com\/fr\/wp-json\/wp\/v2\/product_tag?post=37441"}],"curies":[{"name":"wp","href":"https:\/\/api.w.org\/{rel}","templated":true}]}}