{"id":37360,"date":"2026-01-02T15:15:03","date_gmt":"2026-01-02T15:15:03","guid":{"rendered":"https:\/\/gangnambeaute.com\/?post_type=product&#038;p=37360"},"modified":"2026-04-15T14:37:46","modified_gmt":"2026-04-15T14:37:46","slug":"cosrx-balancium-comfort-ceramide-cream-hand-cream-50ml","status":"publish","type":"product","link":"https:\/\/gangnambeaute.com\/fr\/product\/cosrx-balancium-comfort-ceramide-cream-hand-cream-50ml\/","title":{"rendered":"COSRX &#8211; Balancium Comfort Ceramide Hand Cream &#8211; Cr\u00e8me pour les mains &#8211; 50m0"},"content":{"rendered":"<p>Cette cr\u00e8me sert \u00e0 r\u00e9parer les mains s\u00e8ches et ab\u00eem\u00e9es en renfor\u00e7ant la barri\u00e8re cutan\u00e9e gr\u00e2ce aux c\u00e9ramides.<\/p>\n","protected":false},"excerpt":{"rendered":"<div class=\"Y3BBE\" data-sfc-cp=\"\" data-sfc-cb=\"\" data-hveid=\"CAEIAhAA\" data-complete=\"true\" data-processed=\"true\">\n<div class=\"Y3BBE\" data-sfc-cp=\"\" data-sfc-cb=\"\" data-hveid=\"CAEIAhAA\" data-complete=\"true\" data-processed=\"true\"><strong>Appliquez une noisette sur vos\u00a0mains propres\u00a0et massez jusqu&rsquo;\u00e0 absorption compl\u00e8te d\u00e8s que n\u00e9cessaire.<span class=\"uJ19be notranslate\" data-wiz-uids=\"kqNGfb_j,kqNGfb_k\" data-sfc-cb=\"\" data-complete=\"true\" data-processed=\"true\"><span class=\"vKEkVd\" data-animation-atomic=\"\" data-wiz-attrbind=\"class=kqNGfb_i\/TKHnVd\" data-sae=\"\"><span aria-hidden=\"true\">\u00a0<\/span><\/span><\/span><\/strong><\/div>\n<\/div>\n","protected":false},"featured_media":41711,"comment_status":"open","ping_status":"closed","template":"","meta":[],"product_brand":[1015,1048],"product_cat":[416,424],"product_tag":[],"class_list":{"0":"post-37360","1":"product","2":"type-product","3":"status-publish","4":"has-post-thumbnail","6":"product_brand-populare","7":"product_brand-cosrx-populare","8":"product_cat-soins-des-mains","9":"product_cat-cremes-pour-les-mains","11":"first","12":"outofstock","13":"sale","14":"shipping-taxable","15":"purchasable","16":"product-type-simple"},"_links":{"self":[{"href":"https:\/\/gangnambeaute.com\/fr\/wp-json\/wp\/v2\/product\/37360","targetHints":{"allow":["GET"]}}],"collection":[{"href":"https:\/\/gangnambeaute.com\/fr\/wp-json\/wp\/v2\/product"}],"about":[{"href":"https:\/\/gangnambeaute.com\/fr\/wp-json\/wp\/v2\/types\/product"}],"replies":[{"embeddable":true,"href":"https:\/\/gangnambeaute.com\/fr\/wp-json\/wp\/v2\/comments?post=37360"}],"version-history":[{"count":5,"href":"https:\/\/gangnambeaute.com\/fr\/wp-json\/wp\/v2\/product\/37360\/revisions"}],"predecessor-version":[{"id":44103,"href":"https:\/\/gangnambeaute.com\/fr\/wp-json\/wp\/v2\/product\/37360\/revisions\/44103"}],"wp:featuredmedia":[{"embeddable":true,"href":"https:\/\/gangnambeaute.com\/fr\/wp-json\/wp\/v2\/media\/41711"}],"wp:attachment":[{"href":"https:\/\/gangnambeaute.com\/fr\/wp-json\/wp\/v2\/media?parent=37360"}],"wp:term":[{"taxonomy":"product_brand","embeddable":true,"href":"https:\/\/gangnambeaute.com\/fr\/wp-json\/wp\/v2\/product_brand?post=37360"},{"taxonomy":"product_cat","embeddable":true,"href":"https:\/\/gangnambeaute.com\/fr\/wp-json\/wp\/v2\/product_cat?post=37360"},{"taxonomy":"product_tag","embeddable":true,"href":"https:\/\/gangnambeaute.com\/fr\/wp-json\/wp\/v2\/product_tag?post=37360"}],"curies":[{"name":"wp","href":"https:\/\/api.w.org\/{rel}","templated":true}]}}