{"id":37330,"date":"2026-01-02T14:08:41","date_gmt":"2026-01-02T14:08:41","guid":{"rendered":"https:\/\/gangnambeaute.com\/?post_type=product&#038;p=37330"},"modified":"2026-04-11T02:54:33","modified_gmt":"2026-04-11T02:54:33","slug":"cosrx-full-fit-propolis-synergy-toner-tonique-hydratant-150ml","status":"publish","type":"product","link":"https:\/\/gangnambeaute.com\/fr\/product\/cosrx-full-fit-propolis-synergy-toner-tonique-hydratant-150ml\/","title":{"rendered":"COSRX &#8211; Full Fit Propolis Synergy Toner &#8211; Tonique hydratant &#8211; 150ml"},"content":{"rendered":"<p><strong>Ce tonique sert \u00e0 nourrir la peau en profondeur et \u00e0 lui redonner de l&rsquo;\u00e9clat gr\u00e2ce \u00e0 sa haute teneur en propolis.<\/strong><\/p>\n","protected":false},"excerpt":{"rendered":"<div class=\"Y3BBE\" data-sfc-cp=\"\" data-sfc-cb=\"\" data-hveid=\"CAEIAhAA\" data-complete=\"true\" data-processed=\"true\"><strong>Appliquez le produit sur votre\u00a0visage propre\u00a0\u00e0 l&rsquo;aide d&rsquo;un coton ou en tapotant avec les mains.<span class=\"uJ19be notranslate\" data-wiz-uids=\"fTOT3c_j,fTOT3c_k\" data-sfc-cb=\"\" data-complete=\"true\" data-processed=\"true\"><span class=\"vKEkVd\" data-animation-atomic=\"\" data-wiz-attrbind=\"class=fTOT3c_i\/TKHnVd\" data-sae=\"\"><span aria-hidden=\"true\">\u00a0<\/span><\/span><\/span><\/strong><\/div>\n","protected":false},"featured_media":43433,"comment_status":"open","ping_status":"closed","template":"","meta":[],"product_brand":[1015,1048],"product_cat":[344,347,366],"product_tag":[],"class_list":{"0":"post-37330","1":"product","2":"type-product","3":"status-publish","4":"has-post-thumbnail","6":"product_brand-populare","7":"product_brand-cosrx-populare","8":"product_cat-skincare","9":"product_cat-toniques","10":"product_cat-toniques-hydratants-toniques","12":"first","13":"outofstock","14":"sale","15":"shipping-taxable","16":"purchasable","17":"product-type-simple"},"_links":{"self":[{"href":"https:\/\/gangnambeaute.com\/fr\/wp-json\/wp\/v2\/product\/37330","targetHints":{"allow":["GET"]}}],"collection":[{"href":"https:\/\/gangnambeaute.com\/fr\/wp-json\/wp\/v2\/product"}],"about":[{"href":"https:\/\/gangnambeaute.com\/fr\/wp-json\/wp\/v2\/types\/product"}],"replies":[{"embeddable":true,"href":"https:\/\/gangnambeaute.com\/fr\/wp-json\/wp\/v2\/comments?post=37330"}],"version-history":[{"count":3,"href":"https:\/\/gangnambeaute.com\/fr\/wp-json\/wp\/v2\/product\/37330\/revisions"}],"predecessor-version":[{"id":43434,"href":"https:\/\/gangnambeaute.com\/fr\/wp-json\/wp\/v2\/product\/37330\/revisions\/43434"}],"wp:featuredmedia":[{"embeddable":true,"href":"https:\/\/gangnambeaute.com\/fr\/wp-json\/wp\/v2\/media\/43433"}],"wp:attachment":[{"href":"https:\/\/gangnambeaute.com\/fr\/wp-json\/wp\/v2\/media?parent=37330"}],"wp:term":[{"taxonomy":"product_brand","embeddable":true,"href":"https:\/\/gangnambeaute.com\/fr\/wp-json\/wp\/v2\/product_brand?post=37330"},{"taxonomy":"product_cat","embeddable":true,"href":"https:\/\/gangnambeaute.com\/fr\/wp-json\/wp\/v2\/product_cat?post=37330"},{"taxonomy":"product_tag","embeddable":true,"href":"https:\/\/gangnambeaute.com\/fr\/wp-json\/wp\/v2\/product_tag?post=37330"}],"curies":[{"name":"wp","href":"https:\/\/api.w.org\/{rel}","templated":true}]}}