{"id":37323,"date":"2026-01-02T13:59:32","date_gmt":"2026-01-02T13:59:32","guid":{"rendered":"https:\/\/gangnambeaute.com\/?post_type=product&#038;p=37323"},"modified":"2026-05-12T16:11:13","modified_gmt":"2026-05-12T16:11:13","slug":"cosrx-pure-fit-cica-toner-tonique-calmant-150ml","status":"publish","type":"product","link":"https:\/\/gangnambeaute.com\/fr\/product\/cosrx-pure-fit-cica-toner-tonique-calmant-150ml\/","title":{"rendered":"COSRX &#8211; Pure Fit Cica Toner &#8211; Tonique calmant &#8211; 150ml"},"content":{"rendered":"<p><strong>Ce tonique sert \u00e0 calmer les rougeurs et \u00e0 renforcer la barri\u00e8re cutan\u00e9e gr\u00e2ce \u00e0 un puissant complexe de Centella Asiatica.<\/strong><\/p>\n","protected":false},"excerpt":{"rendered":"<div class=\"Y3BBE\" data-sfc-cp=\"\" data-sfc-cb=\"\" data-hveid=\"CAEIAhAA\" data-complete=\"true\" data-processed=\"true\"><strong>Appliquez le produit sur votre\u00a0visage propre\u00a0\u00e0 l&rsquo;aide d&rsquo;un coton ou en tapotant directement avec les mains.<span class=\"uJ19be notranslate\" data-wiz-uids=\"CxOc1b_j,CxOc1b_k\" data-sfc-cb=\"\" data-complete=\"true\" data-processed=\"true\"><span class=\"vKEkVd\" data-animation-atomic=\"\" data-wiz-attrbind=\"class=CxOc1b_i\/TKHnVd\" data-sae=\"\"><span aria-hidden=\"true\">\u00a0<\/span><\/span><\/span><\/strong><\/div>\n","protected":false},"featured_media":41697,"comment_status":"open","ping_status":"closed","template":"","meta":[],"product_brand":[1015,1048],"product_cat":[344,347,364],"product_tag":[],"class_list":{"0":"post-37323","1":"product","2":"type-product","3":"status-publish","4":"has-post-thumbnail","6":"product_brand-populare","7":"product_brand-cosrx-populare","8":"product_cat-skincare","9":"product_cat-toniques","10":"product_cat-toniques-calmants","12":"first","13":"outofstock","14":"sale","15":"shipping-taxable","16":"purchasable","17":"product-type-simple"},"_links":{"self":[{"href":"https:\/\/gangnambeaute.com\/fr\/wp-json\/wp\/v2\/product\/37323","targetHints":{"allow":["GET"]}}],"collection":[{"href":"https:\/\/gangnambeaute.com\/fr\/wp-json\/wp\/v2\/product"}],"about":[{"href":"https:\/\/gangnambeaute.com\/fr\/wp-json\/wp\/v2\/types\/product"}],"replies":[{"embeddable":true,"href":"https:\/\/gangnambeaute.com\/fr\/wp-json\/wp\/v2\/comments?post=37323"}],"version-history":[{"count":3,"href":"https:\/\/gangnambeaute.com\/fr\/wp-json\/wp\/v2\/product\/37323\/revisions"}],"predecessor-version":[{"id":43438,"href":"https:\/\/gangnambeaute.com\/fr\/wp-json\/wp\/v2\/product\/37323\/revisions\/43438"}],"wp:featuredmedia":[{"embeddable":true,"href":"https:\/\/gangnambeaute.com\/fr\/wp-json\/wp\/v2\/media\/41697"}],"wp:attachment":[{"href":"https:\/\/gangnambeaute.com\/fr\/wp-json\/wp\/v2\/media?parent=37323"}],"wp:term":[{"taxonomy":"product_brand","embeddable":true,"href":"https:\/\/gangnambeaute.com\/fr\/wp-json\/wp\/v2\/product_brand?post=37323"},{"taxonomy":"product_cat","embeddable":true,"href":"https:\/\/gangnambeaute.com\/fr\/wp-json\/wp\/v2\/product_cat?post=37323"},{"taxonomy":"product_tag","embeddable":true,"href":"https:\/\/gangnambeaute.com\/fr\/wp-json\/wp\/v2\/product_tag?post=37323"}],"curies":[{"name":"wp","href":"https:\/\/api.w.org\/{rel}","templated":true}]}}