{"id":37254,"date":"2025-12-30T15:13:14","date_gmt":"2025-12-30T15:13:14","guid":{"rendered":"https:\/\/gangnambeaute.com\/?post_type=product&#038;p=37254"},"modified":"2026-04-21T10:00:37","modified_gmt":"2026-04-21T10:00:37","slug":"celimax-jiwoogae-heartleaf-bha-peeling-pad-60pads","status":"publish","type":"product","link":"https:\/\/gangnambeaute.com\/fr\/product\/celimax-jiwoogae-heartleaf-bha-peeling-pad-60pads\/","title":{"rendered":"Celimax &#8211; JIWOOGAE Heartleaf BHA Peeling Pad &#8211; Disques exfoliants &#8211; 60pads"},"content":{"rendered":"<p><strong>Ces disques exfolient en douceur, hydratent et apaisent la peau : passez le c\u00f4t\u00e9 gaufr\u00e9 sur le visage, puis le c\u00f4t\u00e9 gaze sur les zones grasses.<\/strong><\/p>\n","protected":false},"excerpt":{"rendered":"<p><strong>Passez le c\u00f4t\u00e9 gaufr\u00e9 sur tout le visage, puis le c\u00f4t\u00e9 gaze sur le nez et le menton.<\/strong><\/p>\n","protected":false},"featured_media":41682,"comment_status":"open","ping_status":"closed","template":"","meta":[],"product_brand":[1015,1059],"product_cat":[344,347,351,363,375],"product_tag":[],"class_list":{"0":"post-37254","1":"product","2":"type-product","3":"status-publish","4":"has-post-thumbnail","6":"product_brand-populare","7":"product_brand-celimax-populare","8":"product_cat-skincare","9":"product_cat-toniques","10":"product_cat-pads","11":"product_cat-toniques-exfoliants","12":"product_cat-toner-pads","14":"first","15":"outofstock","16":"sale","17":"shipping-taxable","18":"purchasable","19":"product-type-simple"},"_links":{"self":[{"href":"https:\/\/gangnambeaute.com\/fr\/wp-json\/wp\/v2\/product\/37254","targetHints":{"allow":["GET"]}}],"collection":[{"href":"https:\/\/gangnambeaute.com\/fr\/wp-json\/wp\/v2\/product"}],"about":[{"href":"https:\/\/gangnambeaute.com\/fr\/wp-json\/wp\/v2\/types\/product"}],"replies":[{"embeddable":true,"href":"https:\/\/gangnambeaute.com\/fr\/wp-json\/wp\/v2\/comments?post=37254"}],"version-history":[{"count":5,"href":"https:\/\/gangnambeaute.com\/fr\/wp-json\/wp\/v2\/product\/37254\/revisions"}],"predecessor-version":[{"id":44283,"href":"https:\/\/gangnambeaute.com\/fr\/wp-json\/wp\/v2\/product\/37254\/revisions\/44283"}],"wp:featuredmedia":[{"embeddable":true,"href":"https:\/\/gangnambeaute.com\/fr\/wp-json\/wp\/v2\/media\/41682"}],"wp:attachment":[{"href":"https:\/\/gangnambeaute.com\/fr\/wp-json\/wp\/v2\/media?parent=37254"}],"wp:term":[{"taxonomy":"product_brand","embeddable":true,"href":"https:\/\/gangnambeaute.com\/fr\/wp-json\/wp\/v2\/product_brand?post=37254"},{"taxonomy":"product_cat","embeddable":true,"href":"https:\/\/gangnambeaute.com\/fr\/wp-json\/wp\/v2\/product_cat?post=37254"},{"taxonomy":"product_tag","embeddable":true,"href":"https:\/\/gangnambeaute.com\/fr\/wp-json\/wp\/v2\/product_tag?post=37254"}],"curies":[{"name":"wp","href":"https:\/\/api.w.org\/{rel}","templated":true}]}}