{"id":37243,"date":"2025-12-30T14:42:08","date_gmt":"2025-12-30T14:42:08","guid":{"rendered":"https:\/\/gangnambeaute.com\/?post_type=product&#038;p=37243"},"modified":"2026-04-28T16:39:59","modified_gmt":"2026-04-28T16:39:59","slug":"celimax-pore-dark-spot-brightening-serum-serum-visage-30ml","status":"publish","type":"product","link":"https:\/\/gangnambeaute.com\/fr\/product\/celimax-pore-dark-spot-brightening-serum-serum-visage-30ml\/","title":{"rendered":"Celimax &#8211; Pore + Dark Spot Brightening Serum &#8211; S\u00e9rum visage &#8211; 30ml"},"content":{"rendered":"<p><strong>Ce s\u00e9rum \u00e0 la niacinamide et au tranexamate illumine le teint, resserre les pores et estompe visiblement les taches pigmentaires.<\/strong><\/p>\n","protected":false},"excerpt":{"rendered":"<p>&nbsp;<\/p>\n<div class=\"Y3BBE\" data-sfc-cp=\"\" data-sfc-cb=\"\" data-hveid=\"CAEIAhAA\" data-complete=\"true\" data-processed=\"true\"><strong>Appliquez quelques gouttes sur le visage propre en\u00a0tapotant doucement jusqu&rsquo;\u00e0 absorption compl\u00e8te avant votre cr\u00e8me hydratante.<\/strong><\/div>\n","protected":false},"featured_media":41671,"comment_status":"open","ping_status":"closed","template":"","meta":[],"product_brand":[1015,1059],"product_cat":[344,348,368],"product_tag":[666],"class_list":{"0":"post-37243","1":"product","2":"type-product","3":"status-publish","4":"has-post-thumbnail","6":"product_brand-populare","7":"product_brand-celimax-populare","8":"product_cat-skincare","9":"product_cat-soin-concentre","10":"product_cat-serums","11":"product_tag-coupcoeur","13":"first","14":"instock","15":"sale","16":"shipping-taxable","17":"purchasable","18":"product-type-simple"},"_links":{"self":[{"href":"https:\/\/gangnambeaute.com\/fr\/wp-json\/wp\/v2\/product\/37243","targetHints":{"allow":["GET"]}}],"collection":[{"href":"https:\/\/gangnambeaute.com\/fr\/wp-json\/wp\/v2\/product"}],"about":[{"href":"https:\/\/gangnambeaute.com\/fr\/wp-json\/wp\/v2\/types\/product"}],"replies":[{"embeddable":true,"href":"https:\/\/gangnambeaute.com\/fr\/wp-json\/wp\/v2\/comments?post=37243"}],"version-history":[{"count":2,"href":"https:\/\/gangnambeaute.com\/fr\/wp-json\/wp\/v2\/product\/37243\/revisions"}],"predecessor-version":[{"id":43344,"href":"https:\/\/gangnambeaute.com\/fr\/wp-json\/wp\/v2\/product\/37243\/revisions\/43344"}],"wp:featuredmedia":[{"embeddable":true,"href":"https:\/\/gangnambeaute.com\/fr\/wp-json\/wp\/v2\/media\/41671"}],"wp:attachment":[{"href":"https:\/\/gangnambeaute.com\/fr\/wp-json\/wp\/v2\/media?parent=37243"}],"wp:term":[{"taxonomy":"product_brand","embeddable":true,"href":"https:\/\/gangnambeaute.com\/fr\/wp-json\/wp\/v2\/product_brand?post=37243"},{"taxonomy":"product_cat","embeddable":true,"href":"https:\/\/gangnambeaute.com\/fr\/wp-json\/wp\/v2\/product_cat?post=37243"},{"taxonomy":"product_tag","embeddable":true,"href":"https:\/\/gangnambeaute.com\/fr\/wp-json\/wp\/v2\/product_tag?post=37243"}],"curies":[{"name":"wp","href":"https:\/\/api.w.org\/{rel}","templated":true}]}}