{"id":37176,"date":"2025-12-22T13:40:02","date_gmt":"2025-12-22T13:40:02","guid":{"rendered":"https:\/\/gangnambeaute.com\/?post_type=product&#038;p=37176"},"modified":"2026-05-03T13:17:02","modified_gmt":"2026-05-03T13:17:02","slug":"medicube-pdrn-pink-glutathione-serum-mist-brume-serum-100ml","status":"publish","type":"product","link":"https:\/\/gangnambeaute.com\/fr\/product\/medicube-pdrn-pink-glutathione-serum-mist-brume-serum-100ml\/","title":{"rendered":"Medicube &#8211; PDRN Pink Glow Jelly Mist Serum- Brume S\u00e9rum &#8211; 100ml"},"content":{"rendered":"<p><strong>Cette brume au PDRN de saumon hydrate et apaise instantan\u00e9ment la peau tout en boostant l&rsquo;\u00e9clat de 17,63 % et en r\u00e9duisant la temp\u00e9rature cutan\u00e9e pour un effet rafra\u00eechissant imm\u00e9diat.<\/strong><\/p>\n<p>&nbsp;<\/p>\n<p>&nbsp;<\/p>\n","protected":false},"excerpt":{"rendered":"<p><strong>Vaporisez \u00e0 tout moment, n&rsquo;importe o\u00f9, d\u00e8s que votre visage est sec.<\/strong><\/p>\n","protected":false},"featured_media":44397,"comment_status":"open","ping_status":"closed","template":"","meta":[],"product_brand":[1015,1058],"product_cat":[344,347,348,366,368,435],"product_tag":[],"class_list":{"0":"post-37176","1":"product","2":"type-product","3":"status-publish","4":"has-post-thumbnail","6":"product_brand-populare","7":"product_brand-medicube-populare","8":"product_cat-skincare","9":"product_cat-toniques","10":"product_cat-soin-concentre","11":"product_cat-toniques-hydratants-toniques","12":"product_cat-serums","13":"product_cat-retour-en-stock","15":"first","16":"instock","17":"sale","18":"shipping-taxable","19":"purchasable","20":"product-type-simple"},"_links":{"self":[{"href":"https:\/\/gangnambeaute.com\/fr\/wp-json\/wp\/v2\/product\/37176","targetHints":{"allow":["GET"]}}],"collection":[{"href":"https:\/\/gangnambeaute.com\/fr\/wp-json\/wp\/v2\/product"}],"about":[{"href":"https:\/\/gangnambeaute.com\/fr\/wp-json\/wp\/v2\/types\/product"}],"replies":[{"embeddable":true,"href":"https:\/\/gangnambeaute.com\/fr\/wp-json\/wp\/v2\/comments?post=37176"}],"version-history":[{"count":4,"href":"https:\/\/gangnambeaute.com\/fr\/wp-json\/wp\/v2\/product\/37176\/revisions"}],"predecessor-version":[{"id":42792,"href":"https:\/\/gangnambeaute.com\/fr\/wp-json\/wp\/v2\/product\/37176\/revisions\/42792"}],"wp:featuredmedia":[{"embeddable":true,"href":"https:\/\/gangnambeaute.com\/fr\/wp-json\/wp\/v2\/media\/44397"}],"wp:attachment":[{"href":"https:\/\/gangnambeaute.com\/fr\/wp-json\/wp\/v2\/media?parent=37176"}],"wp:term":[{"taxonomy":"product_brand","embeddable":true,"href":"https:\/\/gangnambeaute.com\/fr\/wp-json\/wp\/v2\/product_brand?post=37176"},{"taxonomy":"product_cat","embeddable":true,"href":"https:\/\/gangnambeaute.com\/fr\/wp-json\/wp\/v2\/product_cat?post=37176"},{"taxonomy":"product_tag","embeddable":true,"href":"https:\/\/gangnambeaute.com\/fr\/wp-json\/wp\/v2\/product_tag?post=37176"}],"curies":[{"name":"wp","href":"https:\/\/api.w.org\/{rel}","templated":true}]}}