{"id":37123,"date":"2025-12-22T12:46:18","date_gmt":"2025-12-22T12:46:18","guid":{"rendered":"https:\/\/gangnambeaute.com\/?post_type=product&#038;p=37123"},"modified":"2026-04-11T02:54:25","modified_gmt":"2026-04-11T02:54:25","slug":"medicube-kojic-acid-turmeric-pad-disques-toniques-70-pads","status":"publish","type":"product","link":"https:\/\/gangnambeaute.com\/fr\/product\/medicube-kojic-acid-turmeric-pad-disques-toniques-70-pads\/","title":{"rendered":"Medicube &#8211; Kojic Acid Turmeric Pad &#8211; Disques Toniques &#8211; 70 Pads"},"content":{"rendered":"<p><strong>Ces disques \u00e0 l&rsquo;acide kojique et au curcuma exfolient d\u00e9licatement pour estomper les taches et redonner un \u00e9clat imm\u00e9diat au teint.<\/strong><\/p>\n","protected":false},"excerpt":{"rendered":"<p><strong>\u00a0Passez le\u00a0<strong class=\"Yjhzub\" data-sfc-cb=\"\" data-complete=\"true\" data-processed=\"true\">c\u00f4t\u00e9 textur\u00e9<\/strong>\u00a0sur votre visage propre pour unifier, puis le\u00a0<strong class=\"Yjhzub\" data-sfc-cb=\"\" data-complete=\"true\" data-processed=\"true\">c\u00f4t\u00e9 doux<\/strong> pour hydrater et apaiser.<\/strong><\/p>\n","protected":false},"featured_media":42961,"comment_status":"open","ping_status":"closed","template":"","meta":[],"product_brand":[1058,1015],"product_cat":[344,347,351,363,364,366,375],"product_tag":[],"class_list":{"0":"post-37123","1":"product","2":"type-product","3":"status-publish","4":"has-post-thumbnail","6":"product_brand-medicube-populare","7":"product_brand-populare","8":"product_cat-skincare","9":"product_cat-toniques","10":"product_cat-pads","11":"product_cat-toniques-exfoliants","12":"product_cat-toniques-calmants","13":"product_cat-toniques-hydratants-toniques","14":"product_cat-toner-pads","16":"first","17":"outofstock","18":"sale","19":"shipping-taxable","20":"purchasable","21":"product-type-simple"},"_links":{"self":[{"href":"https:\/\/gangnambeaute.com\/fr\/wp-json\/wp\/v2\/product\/37123","targetHints":{"allow":["GET"]}}],"collection":[{"href":"https:\/\/gangnambeaute.com\/fr\/wp-json\/wp\/v2\/product"}],"about":[{"href":"https:\/\/gangnambeaute.com\/fr\/wp-json\/wp\/v2\/types\/product"}],"replies":[{"embeddable":true,"href":"https:\/\/gangnambeaute.com\/fr\/wp-json\/wp\/v2\/comments?post=37123"}],"version-history":[{"count":3,"href":"https:\/\/gangnambeaute.com\/fr\/wp-json\/wp\/v2\/product\/37123\/revisions"}],"predecessor-version":[{"id":42962,"href":"https:\/\/gangnambeaute.com\/fr\/wp-json\/wp\/v2\/product\/37123\/revisions\/42962"}],"wp:featuredmedia":[{"embeddable":true,"href":"https:\/\/gangnambeaute.com\/fr\/wp-json\/wp\/v2\/media\/42961"}],"wp:attachment":[{"href":"https:\/\/gangnambeaute.com\/fr\/wp-json\/wp\/v2\/media?parent=37123"}],"wp:term":[{"taxonomy":"product_brand","embeddable":true,"href":"https:\/\/gangnambeaute.com\/fr\/wp-json\/wp\/v2\/product_brand?post=37123"},{"taxonomy":"product_cat","embeddable":true,"href":"https:\/\/gangnambeaute.com\/fr\/wp-json\/wp\/v2\/product_cat?post=37123"},{"taxonomy":"product_tag","embeddable":true,"href":"https:\/\/gangnambeaute.com\/fr\/wp-json\/wp\/v2\/product_tag?post=37123"}],"curies":[{"name":"wp","href":"https:\/\/api.w.org\/{rel}","templated":true}]}}