{"id":37108,"date":"2025-12-22T12:22:00","date_gmt":"2025-12-22T12:22:00","guid":{"rendered":"https:\/\/gangnambeaute.com\/?post_type=product&#038;p=37108"},"modified":"2026-05-03T13:15:40","modified_gmt":"2026-05-03T13:15:40","slug":"medicube-hyaluronic-ceramide-jelly-cream-creme-visage-50ml","status":"publish","type":"product","link":"https:\/\/gangnambeaute.com\/fr\/product\/medicube-hyaluronic-ceramide-jelly-cream-creme-visage-50ml\/","title":{"rendered":"Medicube &#8211; Hyaluronic Ceramide Jelly Cream &#8211; Cr\u00e8me Visage &#8211; 50ml"},"content":{"rendered":"<p>&nbsp;<\/p>\n<p><strong>Cette cr\u00e8me \u00e0 l&rsquo;acide hyaluronique pur (99 %) et au PDRN hydrate intens\u00e9ment la peau en quelques secondes et maintient cet effet repulpant pendant 144 heures. Sa texture non collante et hypoallerg\u00e9nique renforce l&rsquo;\u00e9lasticit\u00e9 tout en respectant parfaitement les peaux sensibles.<\/strong><\/p>\n<p>&nbsp;<\/p>\n<p>&nbsp;<\/p>\n","protected":false},"excerpt":{"rendered":"<p><strong>Lors de la derni\u00e8re \u00e9tape de votre routine de nuit, appliquez une quantit\u00e9 mod\u00e9r\u00e9e de produit sur l\u2019ensemble de votre visage.<\/strong><\/p>\n","protected":false},"featured_media":41632,"comment_status":"open","ping_status":"closed","template":"","meta":[],"product_brand":[1015,1058],"product_cat":[344,348,370],"product_tag":[],"class_list":{"0":"post-37108","1":"product","2":"type-product","3":"status-publish","4":"has-post-thumbnail","6":"product_brand-populare","7":"product_brand-medicube-populare","8":"product_cat-skincare","9":"product_cat-soin-concentre","10":"product_cat-cremes","12":"first","13":"instock","14":"sale","15":"shipping-taxable","16":"purchasable","17":"product-type-simple"},"_links":{"self":[{"href":"https:\/\/gangnambeaute.com\/fr\/wp-json\/wp\/v2\/product\/37108","targetHints":{"allow":["GET"]}}],"collection":[{"href":"https:\/\/gangnambeaute.com\/fr\/wp-json\/wp\/v2\/product"}],"about":[{"href":"https:\/\/gangnambeaute.com\/fr\/wp-json\/wp\/v2\/types\/product"}],"replies":[{"embeddable":true,"href":"https:\/\/gangnambeaute.com\/fr\/wp-json\/wp\/v2\/comments?post=37108"}],"version-history":[{"count":2,"href":"https:\/\/gangnambeaute.com\/fr\/wp-json\/wp\/v2\/product\/37108\/revisions"}],"predecessor-version":[{"id":42797,"href":"https:\/\/gangnambeaute.com\/fr\/wp-json\/wp\/v2\/product\/37108\/revisions\/42797"}],"wp:featuredmedia":[{"embeddable":true,"href":"https:\/\/gangnambeaute.com\/fr\/wp-json\/wp\/v2\/media\/41632"}],"wp:attachment":[{"href":"https:\/\/gangnambeaute.com\/fr\/wp-json\/wp\/v2\/media?parent=37108"}],"wp:term":[{"taxonomy":"product_brand","embeddable":true,"href":"https:\/\/gangnambeaute.com\/fr\/wp-json\/wp\/v2\/product_brand?post=37108"},{"taxonomy":"product_cat","embeddable":true,"href":"https:\/\/gangnambeaute.com\/fr\/wp-json\/wp\/v2\/product_cat?post=37108"},{"taxonomy":"product_tag","embeddable":true,"href":"https:\/\/gangnambeaute.com\/fr\/wp-json\/wp\/v2\/product_tag?post=37108"}],"curies":[{"name":"wp","href":"https:\/\/api.w.org\/{rel}","templated":true}]}}