{"id":37063,"date":"2025-12-22T10:23:33","date_gmt":"2025-12-22T10:23:33","guid":{"rendered":"https:\/\/gangnambeaute.com\/?post_type=product&#038;p=37063"},"modified":"2026-05-03T13:22:04","modified_gmt":"2026-05-03T13:22:04","slug":"medicube-hyaluronic-multi-peptide-serum-serum-visage-30ml","status":"publish","type":"product","link":"https:\/\/gangnambeaute.com\/fr\/product\/medicube-hyaluronic-multi-peptide-serum-serum-visage-30ml\/","title":{"rendered":"Medicube &#8211; Hyaluronic Multi Peptide Serum &#8211; S\u00e9rum Visage &#8211; 30ml"},"content":{"rendered":"<p>&nbsp;<\/p>\n<p>&nbsp;<\/p>\n<p><strong>Ce s\u00e9rum \u00e0 l&rsquo;acide hyaluronique pur (99 %) et au PDRN hydrate intens\u00e9ment la peau en quelques secondes et maintient cet effet repulpant pendant 144 heures. Sa texture non collante et hypoallerg\u00e9nique renforce l&rsquo;\u00e9lasticit\u00e9 tout en respectant parfaitement les peaux sensibles.<\/strong><\/p>\n<p>&nbsp;<\/p>\n","protected":false},"excerpt":{"rendered":"<p><strong>Bien agiter avant usage et appliquer une quantit\u00e9 appropri\u00e9e sur la peau.<\/strong><\/p>\n","protected":false},"featured_media":41594,"comment_status":"open","ping_status":"closed","template":"","meta":[],"product_brand":[1015,1058],"product_cat":[344,348,368,369,435],"product_tag":[],"class_list":{"0":"post-37063","1":"product","2":"type-product","3":"status-publish","4":"has-post-thumbnail","6":"product_brand-populare","7":"product_brand-medicube-populare","8":"product_cat-skincare","9":"product_cat-soin-concentre","10":"product_cat-serums","11":"product_cat-ampoules","12":"product_cat-retour-en-stock","14":"first","15":"instock","16":"sale","17":"shipping-taxable","18":"purchasable","19":"product-type-simple"},"_links":{"self":[{"href":"https:\/\/gangnambeaute.com\/fr\/wp-json\/wp\/v2\/product\/37063","targetHints":{"allow":["GET"]}}],"collection":[{"href":"https:\/\/gangnambeaute.com\/fr\/wp-json\/wp\/v2\/product"}],"about":[{"href":"https:\/\/gangnambeaute.com\/fr\/wp-json\/wp\/v2\/types\/product"}],"replies":[{"embeddable":true,"href":"https:\/\/gangnambeaute.com\/fr\/wp-json\/wp\/v2\/comments?post=37063"}],"version-history":[{"count":4,"href":"https:\/\/gangnambeaute.com\/fr\/wp-json\/wp\/v2\/product\/37063\/revisions"}],"predecessor-version":[{"id":42808,"href":"https:\/\/gangnambeaute.com\/fr\/wp-json\/wp\/v2\/product\/37063\/revisions\/42808"}],"wp:featuredmedia":[{"embeddable":true,"href":"https:\/\/gangnambeaute.com\/fr\/wp-json\/wp\/v2\/media\/41594"}],"wp:attachment":[{"href":"https:\/\/gangnambeaute.com\/fr\/wp-json\/wp\/v2\/media?parent=37063"}],"wp:term":[{"taxonomy":"product_brand","embeddable":true,"href":"https:\/\/gangnambeaute.com\/fr\/wp-json\/wp\/v2\/product_brand?post=37063"},{"taxonomy":"product_cat","embeddable":true,"href":"https:\/\/gangnambeaute.com\/fr\/wp-json\/wp\/v2\/product_cat?post=37063"},{"taxonomy":"product_tag","embeddable":true,"href":"https:\/\/gangnambeaute.com\/fr\/wp-json\/wp\/v2\/product_tag?post=37063"}],"curies":[{"name":"wp","href":"https:\/\/api.w.org\/{rel}","templated":true}]}}