{"id":36943,"date":"2025-12-08T00:42:12","date_gmt":"2025-12-08T00:42:12","guid":{"rendered":"https:\/\/gangnambeaute.com\/?post_type=product&#038;p=36943"},"modified":"2026-05-03T13:06:48","modified_gmt":"2026-05-03T13:06:48","slug":"medicube-collagen-firming-sun-cream-spf-50-creme-solaire-50-ml","status":"publish","type":"product","link":"https:\/\/gangnambeaute.com\/fr\/product\/medicube-collagen-firming-sun-cream-spf-50-creme-solaire-50-ml\/","title":{"rendered":"Medicube &#8211; Collagen Firming Sun Cream SPF 50+ &#8211; Cr\u00e8me solaire &#8211; 50 ml"},"content":{"rendered":"<div class=\"Y3BBE\" data-sfc-cp=\"\" data-hveid=\"CAEIARAA\" data-complete=\"true\" data-processed=\"true\"><strong>Cette cr\u00e8me solaire\u00a0SPF 50+\u00a0au\u00a0collag\u00e8ne\u00a0prot\u00e8ge des UV tout en offrant un teint frais et naturel gr\u00e2ce \u00e0 sa couleur\u00a0p\u00eache. Sa formule aux\u00a0c\u00e9ramides hydrate, lisse les rides et unifie le visage, m\u00eame pour les peaux sensibles.<\/strong><\/div>\n","protected":false},"excerpt":{"rendered":"<p><strong>Appliquez uniform\u00e9ment une quantit\u00e9 g\u00e9n\u00e9reuse sur l&rsquo;ensemble du visage et du cou comme derni\u00e8re \u00e9tape de votre routine matinale, environ 15 \u00e0 30 minutes avant l&rsquo;exposition au soleil<\/strong><\/p>\n","protected":false},"featured_media":44140,"comment_status":"open","ping_status":"closed","template":"","meta":[],"product_brand":[1015,1058],"product_cat":[344,352,376,429],"product_tag":[],"class_list":{"0":"post-36943","1":"product","2":"type-product","3":"status-publish","4":"has-post-thumbnail","6":"product_brand-populare","7":"product_brand-medicube-populare","8":"product_cat-skincare","9":"product_cat-soins-solaires","10":"product_cat-ecrans","11":"product_cat-soldes","13":"first","14":"instock","15":"sale","16":"shipping-taxable","17":"purchasable","18":"product-type-simple"},"_links":{"self":[{"href":"https:\/\/gangnambeaute.com\/fr\/wp-json\/wp\/v2\/product\/36943","targetHints":{"allow":["GET"]}}],"collection":[{"href":"https:\/\/gangnambeaute.com\/fr\/wp-json\/wp\/v2\/product"}],"about":[{"href":"https:\/\/gangnambeaute.com\/fr\/wp-json\/wp\/v2\/types\/product"}],"replies":[{"embeddable":true,"href":"https:\/\/gangnambeaute.com\/fr\/wp-json\/wp\/v2\/comments?post=36943"}],"version-history":[{"count":3,"href":"https:\/\/gangnambeaute.com\/fr\/wp-json\/wp\/v2\/product\/36943\/revisions"}],"predecessor-version":[{"id":42818,"href":"https:\/\/gangnambeaute.com\/fr\/wp-json\/wp\/v2\/product\/36943\/revisions\/42818"}],"wp:featuredmedia":[{"embeddable":true,"href":"https:\/\/gangnambeaute.com\/fr\/wp-json\/wp\/v2\/media\/44140"}],"wp:attachment":[{"href":"https:\/\/gangnambeaute.com\/fr\/wp-json\/wp\/v2\/media?parent=36943"}],"wp:term":[{"taxonomy":"product_brand","embeddable":true,"href":"https:\/\/gangnambeaute.com\/fr\/wp-json\/wp\/v2\/product_brand?post=36943"},{"taxonomy":"product_cat","embeddable":true,"href":"https:\/\/gangnambeaute.com\/fr\/wp-json\/wp\/v2\/product_cat?post=36943"},{"taxonomy":"product_tag","embeddable":true,"href":"https:\/\/gangnambeaute.com\/fr\/wp-json\/wp\/v2\/product_tag?post=36943"}],"curies":[{"name":"wp","href":"https:\/\/api.w.org\/{rel}","templated":true}]}}