{"id":36930,"date":"2025-12-08T00:08:25","date_gmt":"2025-12-08T00:08:25","guid":{"rendered":"https:\/\/gangnambeaute.com\/?post_type=product&#038;p=36930"},"modified":"2026-04-11T10:41:47","modified_gmt":"2026-04-11T10:41:47","slug":"medicube-zero-pore-one-day-cream-creme-visage-50-ml","status":"publish","type":"product","link":"https:\/\/gangnambeaute.com\/fr\/product\/medicube-zero-pore-one-day-cream-creme-visage-50-ml\/","title":{"rendered":"Medicube &#8211; Zero Pore One Day Cream &#8211; Cr\u00e8me visage &#8211; 50 ml"},"content":{"rendered":"<p>&nbsp;<\/p>\n<p>&nbsp;<\/p>\n<p><strong>Cette cr\u00e8me aqueuse resserre les pores dilat\u00e9s et purifie la peau en \u00e9liminant les points noirs et le s\u00e9bum. Sa texture l\u00e9g\u00e8re et non collante hydrate en profondeur tout en affinant le grain de peau pour un teint lisse et sain.<\/strong><\/p>\n","protected":false},"excerpt":{"rendered":"<div class=\"Y3BBE\" data-sfc-cp=\"\" data-hveid=\"CAEIARAA\" data-processed=\"true\" data-complete=\"true\"><strong>Appliquez une\u00a0noisette de cr\u00e8me\u00a0sur l&rsquo;ensemble du visage propre et massez d\u00e9licatement jusqu&rsquo;\u00e0 absorption compl\u00e8te pour lisser les pores.<button class=\"rBl3me\" tabindex=\"0\" data-amic=\"true\" data-icl-uuid=\"91dad592-4ab8-4fb2-a3e9-b3f62026868b\" aria-label=\"Afficher les liens associ\u00e9s\" data-wiz-attrbind=\"disabled=T3kBvc_c\/C5gNJc;aria-label=T3kBvc_c\/bOjMyf;class=T3kBvc_c\/UpSNec\" data-ved=\"2ahUKEwiju8GvwfySAxXRMvsDHdc0B9wQye0OegYIAQgBEAE\" data-hveid=\"CAEIARAB\"><\/button><\/strong><\/div>\n","protected":false},"featured_media":41549,"comment_status":"open","ping_status":"closed","template":"","meta":[],"product_brand":[1015,1058],"product_cat":[344,348,370,429],"product_tag":[666],"class_list":{"0":"post-36930","1":"product","2":"type-product","3":"status-publish","4":"has-post-thumbnail","6":"product_brand-populare","7":"product_brand-medicube-populare","8":"product_cat-skincare","9":"product_cat-soin-concentre","10":"product_cat-cremes","11":"product_cat-soldes","12":"product_tag-coupcoeur","14":"first","15":"instock","16":"sale","17":"shipping-taxable","18":"purchasable","19":"product-type-simple"},"_links":{"self":[{"href":"https:\/\/gangnambeaute.com\/fr\/wp-json\/wp\/v2\/product\/36930","targetHints":{"allow":["GET"]}}],"collection":[{"href":"https:\/\/gangnambeaute.com\/fr\/wp-json\/wp\/v2\/product"}],"about":[{"href":"https:\/\/gangnambeaute.com\/fr\/wp-json\/wp\/v2\/types\/product"}],"replies":[{"embeddable":true,"href":"https:\/\/gangnambeaute.com\/fr\/wp-json\/wp\/v2\/comments?post=36930"}],"version-history":[{"count":2,"href":"https:\/\/gangnambeaute.com\/fr\/wp-json\/wp\/v2\/product\/36930\/revisions"}],"predecessor-version":[{"id":42821,"href":"https:\/\/gangnambeaute.com\/fr\/wp-json\/wp\/v2\/product\/36930\/revisions\/42821"}],"wp:featuredmedia":[{"embeddable":true,"href":"https:\/\/gangnambeaute.com\/fr\/wp-json\/wp\/v2\/media\/41549"}],"wp:attachment":[{"href":"https:\/\/gangnambeaute.com\/fr\/wp-json\/wp\/v2\/media?parent=36930"}],"wp:term":[{"taxonomy":"product_brand","embeddable":true,"href":"https:\/\/gangnambeaute.com\/fr\/wp-json\/wp\/v2\/product_brand?post=36930"},{"taxonomy":"product_cat","embeddable":true,"href":"https:\/\/gangnambeaute.com\/fr\/wp-json\/wp\/v2\/product_cat?post=36930"},{"taxonomy":"product_tag","embeddable":true,"href":"https:\/\/gangnambeaute.com\/fr\/wp-json\/wp\/v2\/product_tag?post=36930"}],"curies":[{"name":"wp","href":"https:\/\/api.w.org\/{rel}","templated":true}]}}