{"id":36900,"date":"2025-12-05T12:23:09","date_gmt":"2025-12-05T12:23:09","guid":{"rendered":"https:\/\/gangnambeaute.com\/?post_type=product&#038;p=36900"},"modified":"2026-05-03T13:11:33","modified_gmt":"2026-05-03T13:11:33","slug":"medicube-txa-niacinamide-capsule-cream-creme-capsule-55-g","status":"publish","type":"product","link":"https:\/\/gangnambeaute.com\/fr\/product\/medicube-txa-niacinamide-capsule-cream-creme-capsule-55-g\/","title":{"rendered":"medicube &#8211; TXA Niacinamide Capsule Cream &#8211; Cr\u00e8me capsule &#8211; 55 G"},"content":{"rendered":"<div class=\"Y3BBE\" data-sfc-cp=\"\" data-hveid=\"CAEIARAA\" data-complete=\"true\" data-processed=\"true\"><strong>Cette cr\u00e8me au\u00a0TXA\u00a0et \u00e0 la\u00a0niacinamide\u00a0unifie le teint et booste l&rsquo;\u00e9clat d\u00e8s la premi\u00e8re application. Sa formule \u00e0 l&rsquo;alpha-arbutine hydrate intens\u00e9ment et clarifie la peau, tout en \u00e9tant adapt\u00e9e aux peaux \u00e0 imperfections.<\/strong><\/div>\n","protected":false},"excerpt":{"rendered":"<div class=\"Y3BBE\" data-sfc-cp=\"\" data-hveid=\"CAEIARAA\" data-complete=\"true\" data-processed=\"true\"><strong>Pr\u00e9levez une noisette de\u00a0cr\u00e8me avec ses capsules, \u00e9crasez-les d\u00e9licatement entre vos doigts pour lib\u00e9rer les actifs, puis massez sur tout le visage jusqu&rsquo;\u00e0 absorption compl\u00e8te.<\/strong><\/div>\n","protected":false},"featured_media":41532,"comment_status":"open","ping_status":"closed","template":"","meta":[],"product_brand":[1015,1058],"product_cat":[344,348,370,432],"product_tag":[],"class_list":{"0":"post-36900","1":"product","2":"type-product","3":"status-publish","4":"has-post-thumbnail","6":"product_brand-populare","7":"product_brand-medicube-populare","8":"product_cat-skincare","9":"product_cat-soin-concentre","10":"product_cat-cremes","11":"product_cat-meilleurs-ventes","13":"first","14":"instock","15":"sale","16":"shipping-taxable","17":"purchasable","18":"product-type-simple"},"_links":{"self":[{"href":"https:\/\/gangnambeaute.com\/fr\/wp-json\/wp\/v2\/product\/36900","targetHints":{"allow":["GET"]}}],"collection":[{"href":"https:\/\/gangnambeaute.com\/fr\/wp-json\/wp\/v2\/product"}],"about":[{"href":"https:\/\/gangnambeaute.com\/fr\/wp-json\/wp\/v2\/types\/product"}],"replies":[{"embeddable":true,"href":"https:\/\/gangnambeaute.com\/fr\/wp-json\/wp\/v2\/comments?post=36900"}],"version-history":[{"count":4,"href":"https:\/\/gangnambeaute.com\/fr\/wp-json\/wp\/v2\/product\/36900\/revisions"}],"predecessor-version":[{"id":42833,"href":"https:\/\/gangnambeaute.com\/fr\/wp-json\/wp\/v2\/product\/36900\/revisions\/42833"}],"wp:featuredmedia":[{"embeddable":true,"href":"https:\/\/gangnambeaute.com\/fr\/wp-json\/wp\/v2\/media\/41532"}],"wp:attachment":[{"href":"https:\/\/gangnambeaute.com\/fr\/wp-json\/wp\/v2\/media?parent=36900"}],"wp:term":[{"taxonomy":"product_brand","embeddable":true,"href":"https:\/\/gangnambeaute.com\/fr\/wp-json\/wp\/v2\/product_brand?post=36900"},{"taxonomy":"product_cat","embeddable":true,"href":"https:\/\/gangnambeaute.com\/fr\/wp-json\/wp\/v2\/product_cat?post=36900"},{"taxonomy":"product_tag","embeddable":true,"href":"https:\/\/gangnambeaute.com\/fr\/wp-json\/wp\/v2\/product_tag?post=36900"}],"curies":[{"name":"wp","href":"https:\/\/api.w.org\/{rel}","templated":true}]}}