{"id":36666,"date":"2025-11-17T17:24:05","date_gmt":"2025-11-17T17:24:05","guid":{"rendered":"https:\/\/gangnambeaute.com\/?post_type=product&#038;p=36666"},"modified":"2026-04-11T02:54:07","modified_gmt":"2026-04-11T02:54:07","slug":"celimax-poredark-spot-brightening-care-sunscreen-ecran-solaire-50-ml","status":"publish","type":"product","link":"https:\/\/gangnambeaute.com\/fr\/product\/celimax-poredark-spot-brightening-care-sunscreen-ecran-solaire-50-ml\/","title":{"rendered":"celimax &#8211; Pore+Dark Spot Brightening Care Sunscreen &#8211; Ecran solaire &#8211; 50 ml"},"content":{"rendered":"<p>&nbsp;<\/p>\n<p><strong>Cette cr\u00e8me solaire \u00e0 la niacinamide prot\u00e8ge efficacement des UV tout en att\u00e9nuant les taches et en resserrant les pores.<\/strong><\/p>\n","protected":false},"excerpt":{"rendered":"<div class=\"Y3BBE\" data-sfc-cp=\"\" data-sfc-cb=\"\" data-hveid=\"CAEIAhAA\" data-complete=\"true\" data-processed=\"true\"><strong>Appliquez g\u00e9n\u00e9reusement sur le visage et le cou comme\u00a0derni\u00e8re \u00e9tape de votre routine matinale avant l&rsquo;exposition.<\/strong><\/div>\n","protected":false},"featured_media":41467,"comment_status":"open","ping_status":"closed","template":"","meta":[],"product_brand":[1059],"product_cat":[344,352,376],"product_tag":[],"class_list":{"0":"post-36666","1":"product","2":"type-product","3":"status-publish","4":"has-post-thumbnail","6":"product_brand-celimax-populare","7":"product_cat-skincare","8":"product_cat-soins-solaires","9":"product_cat-ecrans","11":"first","12":"outofstock","13":"sale","14":"shipping-taxable","15":"purchasable","16":"product-type-simple"},"_links":{"self":[{"href":"https:\/\/gangnambeaute.com\/fr\/wp-json\/wp\/v2\/product\/36666","targetHints":{"allow":["GET"]}}],"collection":[{"href":"https:\/\/gangnambeaute.com\/fr\/wp-json\/wp\/v2\/product"}],"about":[{"href":"https:\/\/gangnambeaute.com\/fr\/wp-json\/wp\/v2\/types\/product"}],"replies":[{"embeddable":true,"href":"https:\/\/gangnambeaute.com\/fr\/wp-json\/wp\/v2\/comments?post=36666"}],"version-history":[{"count":3,"href":"https:\/\/gangnambeaute.com\/fr\/wp-json\/wp\/v2\/product\/36666\/revisions"}],"predecessor-version":[{"id":43342,"href":"https:\/\/gangnambeaute.com\/fr\/wp-json\/wp\/v2\/product\/36666\/revisions\/43342"}],"wp:featuredmedia":[{"embeddable":true,"href":"https:\/\/gangnambeaute.com\/fr\/wp-json\/wp\/v2\/media\/41467"}],"wp:attachment":[{"href":"https:\/\/gangnambeaute.com\/fr\/wp-json\/wp\/v2\/media?parent=36666"}],"wp:term":[{"taxonomy":"product_brand","embeddable":true,"href":"https:\/\/gangnambeaute.com\/fr\/wp-json\/wp\/v2\/product_brand?post=36666"},{"taxonomy":"product_cat","embeddable":true,"href":"https:\/\/gangnambeaute.com\/fr\/wp-json\/wp\/v2\/product_cat?post=36666"},{"taxonomy":"product_tag","embeddable":true,"href":"https:\/\/gangnambeaute.com\/fr\/wp-json\/wp\/v2\/product_tag?post=36666"}],"curies":[{"name":"wp","href":"https:\/\/api.w.org\/{rel}","templated":true}]}}