{"id":36573,"date":"2025-10-21T08:39:43","date_gmt":"2025-10-21T08:39:43","guid":{"rendered":"https:\/\/gangnambeaute.com\/?post_type=product&#038;p=36573"},"modified":"2026-04-11T02:54:05","modified_gmt":"2026-04-11T02:54:05","slug":"eqqualberry-hyaltoin-flooding-serum-serum-30-ml","status":"publish","type":"product","link":"https:\/\/gangnambeaute.com\/fr\/product\/eqqualberry-hyaltoin-flooding-serum-serum-30-ml\/","title":{"rendered":"EQQUALBERRY &#8211; Hyaltoin Flooding Serum &#8211; S\u00e9rum &#8211; 30 ml"},"content":{"rendered":"<p><strong>Ce s\u00e9rum sert \u00e0\u00a0hydrater intens\u00e9ment la peau en profondeur et \u00e0 renforcer sa barri\u00e8re protectrice.<\/strong><\/p>\n","protected":false},"excerpt":{"rendered":"<div class=\"Y3BBE\" data-sfc-cp=\"\" data-sfc-cb=\"\" data-hveid=\"CAEIAhAA\" data-complete=\"true\" data-processed=\"true\"><strong>Appliquez quelques gouttes sur votre\u00a0visage propre\u00a0et tapotez doucement jusqu&rsquo;\u00e0 absorption compl\u00e8te.<span class=\"uJ19be notranslate\" data-wiz-uids=\"kHjCcb_j,kHjCcb_k\" data-sfc-cb=\"\" data-complete=\"true\" data-processed=\"true\"><span class=\"vKEkVd\" data-animation-atomic=\"\" data-wiz-attrbind=\"class=kHjCcb_i\/TKHnVd\" data-sae=\"\"><span aria-hidden=\"true\">\u00a0<\/span><\/span><\/span><\/strong><\/div>\n","protected":false},"featured_media":43399,"comment_status":"open","ping_status":"closed","template":"","meta":[],"product_brand":[1015,1060],"product_cat":[344,348,368,369,429,431,434],"product_tag":[],"class_list":{"0":"post-36573","1":"product","2":"type-product","3":"status-publish","4":"has-post-thumbnail","6":"product_brand-populare","7":"product_brand-eqqualberry-populare","8":"product_cat-skincare","9":"product_cat-soin-concentre","10":"product_cat-serums","11":"product_cat-ampoules","12":"product_cat-soldes","13":"product_cat-offres","14":"product_cat-nouveautes","16":"first","17":"instock","18":"sale","19":"shipping-taxable","20":"purchasable","21":"product-type-simple"},"_links":{"self":[{"href":"https:\/\/gangnambeaute.com\/fr\/wp-json\/wp\/v2\/product\/36573","targetHints":{"allow":["GET"]}}],"collection":[{"href":"https:\/\/gangnambeaute.com\/fr\/wp-json\/wp\/v2\/product"}],"about":[{"href":"https:\/\/gangnambeaute.com\/fr\/wp-json\/wp\/v2\/types\/product"}],"replies":[{"embeddable":true,"href":"https:\/\/gangnambeaute.com\/fr\/wp-json\/wp\/v2\/comments?post=36573"}],"version-history":[{"count":5,"href":"https:\/\/gangnambeaute.com\/fr\/wp-json\/wp\/v2\/product\/36573\/revisions"}],"predecessor-version":[{"id":43398,"href":"https:\/\/gangnambeaute.com\/fr\/wp-json\/wp\/v2\/product\/36573\/revisions\/43398"}],"wp:featuredmedia":[{"embeddable":true,"href":"https:\/\/gangnambeaute.com\/fr\/wp-json\/wp\/v2\/media\/43399"}],"wp:attachment":[{"href":"https:\/\/gangnambeaute.com\/fr\/wp-json\/wp\/v2\/media?parent=36573"}],"wp:term":[{"taxonomy":"product_brand","embeddable":true,"href":"https:\/\/gangnambeaute.com\/fr\/wp-json\/wp\/v2\/product_brand?post=36573"},{"taxonomy":"product_cat","embeddable":true,"href":"https:\/\/gangnambeaute.com\/fr\/wp-json\/wp\/v2\/product_cat?post=36573"},{"taxonomy":"product_tag","embeddable":true,"href":"https:\/\/gangnambeaute.com\/fr\/wp-json\/wp\/v2\/product_tag?post=36573"}],"curies":[{"name":"wp","href":"https:\/\/api.w.org\/{rel}","templated":true}]}}