{"id":35065,"date":"2025-06-29T16:37:05","date_gmt":"2025-06-29T16:37:05","guid":{"rendered":"https:\/\/gangnambeaute.com\/?post_type=product&#038;p=35065"},"modified":"2026-04-11T02:53:48","modified_gmt":"2026-04-11T02:53:48","slug":"mediheal-derma-synergy-wrapping-mask-blemish","status":"publish","type":"product","link":"https:\/\/gangnambeaute.com\/fr\/product\/mediheal-derma-synergy-wrapping-mask-blemish\/","title":{"rendered":"MEDIHEAL &#8211; DERMA SYNERGY WRAPPING MASK BLEMISH 1 EA \u2013 25ml"},"content":{"rendered":"<div class=\"Y3BBE\" data-sfc-cp=\"\" data-sfc-cb=\"\" data-hveid=\"CAEIARAA\" data-processed=\"true\" data-complete=\"true\"><strong>Ce masque sert \u00e0\u00a0traiter les imperfections et \u00e0 apaiser la peau gr\u00e2ce \u00e0 la synergie du r\u00e9tinol et de la niacinamide qui resserre les pores.<\/strong><\/div>\n","protected":false},"excerpt":{"rendered":"<div class=\"Y3BBE\" data-sfc-cp=\"\" data-sfc-cb=\"\" data-hveid=\"CAEIAhAA\" data-complete=\"true\" data-processed=\"true\"><strong>Appliquez le masque sur votre\u00a0visage propre, laissez agir 10 \u00e0 20 minutes, puis tapotez l&rsquo;exc\u00e9dent de s\u00e9rum pour faire p\u00e9n\u00e9trer.<span class=\"uJ19be notranslate\" data-wiz-uids=\"Kjf4Hf_i,Kjf4Hf_j\" data-sfc-cb=\"\" data-complete=\"true\" data-processed=\"true\"><span class=\"vKEkVd\" data-animation-atomic=\"\" data-wiz-attrbind=\"class=Kjf4Hf_h\/TKHnVd\" data-sae=\"\"><span aria-hidden=\"true\">\u00a0<\/span><\/span><\/span><\/strong><\/div>\n","protected":false},"featured_media":41406,"comment_status":"open","ping_status":"closed","template":"","meta":[],"product_brand":[1057],"product_cat":[344,355,384],"product_tag":[],"class_list":{"0":"post-35065","1":"product","2":"type-product","3":"status-publish","4":"has-post-thumbnail","6":"product_brand-mediheal-populare","7":"product_cat-skincare","8":"product_cat-masques","9":"product_cat-masques-en-feuille","11":"first","12":"outofstock","13":"sale","14":"shipping-taxable","15":"purchasable","16":"product-type-simple"},"_links":{"self":[{"href":"https:\/\/gangnambeaute.com\/fr\/wp-json\/wp\/v2\/product\/35065","targetHints":{"allow":["GET"]}}],"collection":[{"href":"https:\/\/gangnambeaute.com\/fr\/wp-json\/wp\/v2\/product"}],"about":[{"href":"https:\/\/gangnambeaute.com\/fr\/wp-json\/wp\/v2\/types\/product"}],"replies":[{"embeddable":true,"href":"https:\/\/gangnambeaute.com\/fr\/wp-json\/wp\/v2\/comments?post=35065"}],"version-history":[{"count":6,"href":"https:\/\/gangnambeaute.com\/fr\/wp-json\/wp\/v2\/product\/35065\/revisions"}],"predecessor-version":[{"id":43909,"href":"https:\/\/gangnambeaute.com\/fr\/wp-json\/wp\/v2\/product\/35065\/revisions\/43909"}],"wp:featuredmedia":[{"embeddable":true,"href":"https:\/\/gangnambeaute.com\/fr\/wp-json\/wp\/v2\/media\/41406"}],"wp:attachment":[{"href":"https:\/\/gangnambeaute.com\/fr\/wp-json\/wp\/v2\/media?parent=35065"}],"wp:term":[{"taxonomy":"product_brand","embeddable":true,"href":"https:\/\/gangnambeaute.com\/fr\/wp-json\/wp\/v2\/product_brand?post=35065"},{"taxonomy":"product_cat","embeddable":true,"href":"https:\/\/gangnambeaute.com\/fr\/wp-json\/wp\/v2\/product_cat?post=35065"},{"taxonomy":"product_tag","embeddable":true,"href":"https:\/\/gangnambeaute.com\/fr\/wp-json\/wp\/v2\/product_tag?post=35065"}],"curies":[{"name":"wp","href":"https:\/\/api.w.org\/{rel}","templated":true}]}}