{"id":34845,"date":"2025-06-26T16:34:10","date_gmt":"2025-06-26T16:34:10","guid":{"rendered":"https:\/\/gangnambeaute.com\/?post_type=product&#038;p=34845"},"modified":"2026-04-11T02:53:42","modified_gmt":"2026-04-11T02:53:42","slug":"mediheal-pantenolips-serum-honey","status":"publish","type":"product","link":"https:\/\/gangnambeaute.com\/fr\/product\/mediheal-pantenolips-serum-honey\/","title":{"rendered":"MEDIHEAL &#8211; PANTENOLIPS SERUM HONEY &#8211; Baume \u00e0 l\u00e8vres -10 ml"},"content":{"rendered":"<div class=\"Y3BBE\" data-sfc-cp=\"\" data-sfc-cb=\"\" data-hveid=\"CAEIARAA\" data-complete=\"true\" data-processed=\"true\"><strong>Ce baume sert \u00e0\u00a0nourrir et adoucir\u00a0les l\u00e8vres gerc\u00e9es ou rugueuses gr\u00e2ce au panth\u00e9nol et \u00e0 l&rsquo;extrait de miel qui apportent une hydratation profonde.<span class=\"uJ19be notranslate\" data-wiz-uids=\"wP8mfd_d,wP8mfd_e\" data-sfc-cb=\"\" data-complete=\"true\" data-processed=\"true\"><span class=\"vKEkVd\" data-animation-atomic=\"\" data-wiz-attrbind=\"class=wP8mfd_c\/TKHnVd\" data-sae=\"\"><span aria-hidden=\"true\">\u00a0<\/span><\/span><\/span><\/strong><\/div>\n","protected":false},"excerpt":{"rendered":"<div class=\"Y3BBE\" data-sfc-cp=\"\" data-sfc-cb=\"\" data-hveid=\"CAEIAhAA\" data-complete=\"true\" data-processed=\"true\"><strong>Appliquez une petite quantit\u00e9 sur vos\u00a0l\u00e8vres propres\u00a0tout au long de la journ\u00e9e ou en couche \u00e9paisse avant de dormir pour un soin intensif.<span class=\"uJ19be notranslate\" data-wiz-uids=\"wP8mfd_i,wP8mfd_j\" data-sfc-cb=\"\" data-complete=\"true\" data-processed=\"true\"><span class=\"vKEkVd\" data-animation-atomic=\"\" data-wiz-attrbind=\"class=wP8mfd_h\/TKHnVd\" data-sae=\"\"><span aria-hidden=\"true\">\u00a0<\/span><\/span><\/span><\/strong><\/div>\n","protected":false},"featured_media":41350,"comment_status":"open","ping_status":"closed","template":"","meta":[],"product_brand":[1057],"product_cat":[354,383,388,391,410],"product_tag":[],"class_list":{"0":"post-34845","1":"product","2":"type-product","3":"status-publish","4":"has-post-thumbnail","6":"product_brand-mediheal-populare","7":"product_cat-soins-des-levres","8":"product_cat-masque-de-nuit","9":"product_cat-maquillage","10":"product_cat-levres","11":"product_cat-baume-a-levres","13":"first","14":"outofstock","15":"sale","16":"shipping-taxable","17":"purchasable","18":"product-type-simple"},"_links":{"self":[{"href":"https:\/\/gangnambeaute.com\/fr\/wp-json\/wp\/v2\/product\/34845","targetHints":{"allow":["GET"]}}],"collection":[{"href":"https:\/\/gangnambeaute.com\/fr\/wp-json\/wp\/v2\/product"}],"about":[{"href":"https:\/\/gangnambeaute.com\/fr\/wp-json\/wp\/v2\/types\/product"}],"replies":[{"embeddable":true,"href":"https:\/\/gangnambeaute.com\/fr\/wp-json\/wp\/v2\/comments?post=34845"}],"version-history":[{"count":5,"href":"https:\/\/gangnambeaute.com\/fr\/wp-json\/wp\/v2\/product\/34845\/revisions"}],"predecessor-version":[{"id":43932,"href":"https:\/\/gangnambeaute.com\/fr\/wp-json\/wp\/v2\/product\/34845\/revisions\/43932"}],"wp:featuredmedia":[{"embeddable":true,"href":"https:\/\/gangnambeaute.com\/fr\/wp-json\/wp\/v2\/media\/41350"}],"wp:attachment":[{"href":"https:\/\/gangnambeaute.com\/fr\/wp-json\/wp\/v2\/media?parent=34845"}],"wp:term":[{"taxonomy":"product_brand","embeddable":true,"href":"https:\/\/gangnambeaute.com\/fr\/wp-json\/wp\/v2\/product_brand?post=34845"},{"taxonomy":"product_cat","embeddable":true,"href":"https:\/\/gangnambeaute.com\/fr\/wp-json\/wp\/v2\/product_cat?post=34845"},{"taxonomy":"product_tag","embeddable":true,"href":"https:\/\/gangnambeaute.com\/fr\/wp-json\/wp\/v2\/product_tag?post=34845"}],"curies":[{"name":"wp","href":"https:\/\/api.w.org\/{rel}","templated":true}]}}