{"id":34833,"date":"2025-06-26T16:32:42","date_gmt":"2025-06-26T16:32:42","guid":{"rendered":"https:\/\/gangnambeaute.com\/?post_type=product&#038;p=34833"},"modified":"2026-04-11T02:53:40","modified_gmt":"2026-04-11T02:53:40","slug":"mediheal-labocare-pantenolips-healssence","status":"publish","type":"product","link":"https:\/\/gangnambeaute.com\/fr\/product\/mediheal-labocare-pantenolips-healssence\/","title":{"rendered":"MEDIHEAL &#8211; LABOCARE PANTENOLIPS HEALSSENCE &#8211; 10ml"},"content":{"rendered":"<p><strong>Ce baume sert \u00e0\u00a0nourrir intens\u00e9ment les l\u00e8vres s\u00e8ches et gerc\u00e9es tout en leur apportant une l\u00e9g\u00e8re brillance ros\u00e9e gr\u00e2ce au panth\u00e9nol et aux huiles v\u00e9g\u00e9tales.<\/strong><\/p>\n","protected":false},"excerpt":{"rendered":"<div class=\"Y3BBE\" data-sfc-cp=\"\" data-sfc-cb=\"\" data-hveid=\"CAEIAhAA\" data-complete=\"true\" data-processed=\"true\"><strong>Appliquez une petite quantit\u00e9 sur vos\u00a0l\u00e8vres propres tout au long de la journ\u00e9e ou en couche \u00e9paisse le soir comme masque de nuit.<\/strong><\/div>\n","protected":false},"featured_media":41332,"comment_status":"open","ping_status":"closed","template":"","meta":[],"product_brand":[1057],"product_cat":[388,391,410],"product_tag":[],"class_list":{"0":"post-34833","1":"product","2":"type-product","3":"status-publish","4":"has-post-thumbnail","6":"product_brand-mediheal-populare","7":"product_cat-maquillage","8":"product_cat-levres","9":"product_cat-baume-a-levres","11":"first","12":"outofstock","13":"sale","14":"shipping-taxable","15":"purchasable","16":"product-type-simple"},"_links":{"self":[{"href":"https:\/\/gangnambeaute.com\/fr\/wp-json\/wp\/v2\/product\/34833","targetHints":{"allow":["GET"]}}],"collection":[{"href":"https:\/\/gangnambeaute.com\/fr\/wp-json\/wp\/v2\/product"}],"about":[{"href":"https:\/\/gangnambeaute.com\/fr\/wp-json\/wp\/v2\/types\/product"}],"replies":[{"embeddable":true,"href":"https:\/\/gangnambeaute.com\/fr\/wp-json\/wp\/v2\/comments?post=34833"}],"version-history":[{"count":10,"href":"https:\/\/gangnambeaute.com\/fr\/wp-json\/wp\/v2\/product\/34833\/revisions"}],"predecessor-version":[{"id":43821,"href":"https:\/\/gangnambeaute.com\/fr\/wp-json\/wp\/v2\/product\/34833\/revisions\/43821"}],"wp:featuredmedia":[{"embeddable":true,"href":"https:\/\/gangnambeaute.com\/fr\/wp-json\/wp\/v2\/media\/41332"}],"wp:attachment":[{"href":"https:\/\/gangnambeaute.com\/fr\/wp-json\/wp\/v2\/media?parent=34833"}],"wp:term":[{"taxonomy":"product_brand","embeddable":true,"href":"https:\/\/gangnambeaute.com\/fr\/wp-json\/wp\/v2\/product_brand?post=34833"},{"taxonomy":"product_cat","embeddable":true,"href":"https:\/\/gangnambeaute.com\/fr\/wp-json\/wp\/v2\/product_cat?post=34833"},{"taxonomy":"product_tag","embeddable":true,"href":"https:\/\/gangnambeaute.com\/fr\/wp-json\/wp\/v2\/product_tag?post=34833"}],"curies":[{"name":"wp","href":"https:\/\/api.w.org\/{rel}","templated":true}]}}