{"id":34829,"date":"2025-06-26T16:27:40","date_gmt":"2025-06-26T16:27:40","guid":{"rendered":"https:\/\/gangnambeaute.com\/?post_type=product&#038;p=34829"},"modified":"2026-04-17T11:41:18","modified_gmt":"2026-04-17T11:41:18","slug":"numbuzin-no-5-glutatione-vitamin-concentrated-mask","status":"publish","type":"product","link":"https:\/\/gangnambeaute.com\/fr\/product\/numbuzin-no-5-glutatione-vitamin-concentrated-mask\/","title":{"rendered":"Numbuzin &#8211; No.5+ Glutatione Vitamin Concentrated Mask &#8211; 27 ml"},"content":{"rendered":"<p>Ingr\u00e9dients :<\/p>\n<p>Eau, m\u00e9thylpropanediol, niacinamide (50 000 ppm), copolym\u00e8re PEG\/PPG-17\/6, extrait de racine de Coptis Japonica, 1,2-hexanediol, hydroxyac\u00e9toph\u00e9none, hydroxy\u00e9thyl ur\u00e9e, isopentyldiol, m\u00e9thylglyc\u00e9th-20, carbom\u00e8re, allanto\u00efne, phosphate d&rsquo;ascorbyle sodique (1 000 ppm), glutathion (500 ppm), l\u00e9cithine hydrog\u00e9n\u00e9e, PEG-60 Hydrogenated Castor Oil, Xanthan Gum, Adenosine, Ethylhexylglycerin, Sodium Polyacrylate, Butylene Glycol, Centella Asiatica Extract, Disodium EDTA, Hydroxyethylcellulose, Methyl Diisopropyl Propionamide, Polyglutamic Acid, Protease, Ceramide NP, Ascorbic Acid(10,000ppb), Arbutin, Bisabolol, Hyaluronic Acid<br \/>\nBienfaits et avantages :<br \/>\n1.Un ensemble de masques \u00e0 base d&rsquo;ampoules de Glutachion C hautement concentr\u00e9es.<br \/>\n2.Aide \u00e0 am\u00e9liorer les tons fonc\u00e9s, rouges et jaunes en une seule fois.<br \/>\n3.Contient du m\u00e9thylpropanediol, de l&rsquo;allanto\u00efne et de l&rsquo;acide hyaluronique pour un effet \u00e9claircissant.<br \/>\n4.Test d&rsquo;irritation de la peau termin\u00e9, sans colorant artificiel.<\/p>\n<p>Utilisation :<br \/>\nAppliquer le masque en feuille apr\u00e8s avoir nettoy\u00e9 et tonifi\u00e9 la peau et laisser reposer pendant 10 \u00e0 20 minutes.<\/p>\n","protected":false},"excerpt":{"rendered":"<p>Ingr\u00e9dients : Eau, m\u00e9thylpropanediol, niacinamide (50 000 ppm), copolym\u00e8re PEG\/PPG-17\/6, extrait de racine de Coptis Japonica, 1,2-hexanediol, hydroxyac\u00e9toph\u00e9none, hydroxy\u00e9thyl ur\u00e9e,<\/p>\n","protected":false},"featured_media":41327,"comment_status":"open","ping_status":"closed","template":"","meta":[],"product_brand":[1030],"product_cat":[344,355,384,430,433],"product_tag":[],"class_list":{"0":"post-34829","1":"product","2":"type-product","3":"status-publish","4":"has-post-thumbnail","6":"product_brand-numbuzin","7":"product_cat-skincare","8":"product_cat-masques","9":"product_cat-masques-en-feuille","10":"product_cat-promotions","11":"product_cat-promotion-dete","13":"first","14":"outofstock","15":"sale","16":"shipping-taxable","17":"purchasable","18":"product-type-simple"},"_links":{"self":[{"href":"https:\/\/gangnambeaute.com\/fr\/wp-json\/wp\/v2\/product\/34829","targetHints":{"allow":["GET"]}}],"collection":[{"href":"https:\/\/gangnambeaute.com\/fr\/wp-json\/wp\/v2\/product"}],"about":[{"href":"https:\/\/gangnambeaute.com\/fr\/wp-json\/wp\/v2\/types\/product"}],"replies":[{"embeddable":true,"href":"https:\/\/gangnambeaute.com\/fr\/wp-json\/wp\/v2\/comments?post=34829"}],"version-history":[{"count":4,"href":"https:\/\/gangnambeaute.com\/fr\/wp-json\/wp\/v2\/product\/34829\/revisions"}],"predecessor-version":[{"id":35592,"href":"https:\/\/gangnambeaute.com\/fr\/wp-json\/wp\/v2\/product\/34829\/revisions\/35592"}],"wp:featuredmedia":[{"embeddable":true,"href":"https:\/\/gangnambeaute.com\/fr\/wp-json\/wp\/v2\/media\/41327"}],"wp:attachment":[{"href":"https:\/\/gangnambeaute.com\/fr\/wp-json\/wp\/v2\/media?parent=34829"}],"wp:term":[{"taxonomy":"product_brand","embeddable":true,"href":"https:\/\/gangnambeaute.com\/fr\/wp-json\/wp\/v2\/product_brand?post=34829"},{"taxonomy":"product_cat","embeddable":true,"href":"https:\/\/gangnambeaute.com\/fr\/wp-json\/wp\/v2\/product_cat?post=34829"},{"taxonomy":"product_tag","embeddable":true,"href":"https:\/\/gangnambeaute.com\/fr\/wp-json\/wp\/v2\/product_tag?post=34829"}],"curies":[{"name":"wp","href":"https:\/\/api.w.org\/{rel}","templated":true}]}}