{"id":34286,"date":"2025-06-20T20:19:11","date_gmt":"2025-06-20T20:19:11","guid":{"rendered":"https:\/\/gangnambeaute.com\/?post_type=product&#038;p=34286"},"modified":"2026-04-11T02:53:29","modified_gmt":"2026-04-11T02:53:29","slug":"jigott-cats-eye-perfect-volume-mascara","status":"publish","type":"product","link":"https:\/\/gangnambeaute.com\/fr\/product\/jigott-cats-eye-perfect-volume-mascara\/","title":{"rendered":"JIGOTT &#8211; CAT`S EYE PERFECT VOLUME MASCARA"},"content":{"rendered":"<div class=\"Y3BBE\" data-sfc-cp=\"\" data-sfc-cb=\"\" data-hveid=\"CAEIARAA\" data-complete=\"true\" data-processed=\"true\"><strong>Ce mascara sert \u00e0\u00a0donner du volume\u00a0intense et \u00e0 gainer les cils d\u00e8s la racine gr\u00e2ce \u00e0 sa brosse \u00e9paisse et sa formule haute pr\u00e9cision.<span class=\"uJ19be notranslate\" data-wiz-uids=\"ewfbOc_d,ewfbOc_e\" data-sfc-cb=\"\" data-complete=\"true\" data-processed=\"true\"><span class=\"vKEkVd\" data-animation-atomic=\"\" data-wiz-attrbind=\"class=ewfbOc_c\/TKHnVd\" data-sae=\"\"><span aria-hidden=\"true\">\u00a0<\/span><\/span><\/span><\/strong><\/div>\n","protected":false},"excerpt":{"rendered":"<div class=\"Y3BBE\" data-sfc-cp=\"\" data-sfc-cb=\"\" data-hveid=\"CAEIAhAA\" data-complete=\"true\" data-processed=\"true\"><strong>Brossez vos\u00a0cils propres\u00a0de la racine vers les pointes en effectuant des mouvements de zigzag pour bien s\u00e9parer et charger la mati\u00e8re.<span class=\"uJ19be notranslate\" data-wiz-uids=\"ewfbOc_i,ewfbOc_j\" data-sfc-cb=\"\" data-complete=\"true\" data-processed=\"true\"><span class=\"vKEkVd\" data-animation-atomic=\"\" data-wiz-attrbind=\"class=ewfbOc_h\/TKHnVd\" data-sae=\"\"><span aria-hidden=\"true\">\u00a0<\/span><\/span><\/span><\/strong><\/div>\n","protected":false},"featured_media":41280,"comment_status":"open","ping_status":"closed","template":"","meta":[],"product_brand":[1029],"product_cat":[388,390,401,433],"product_tag":[],"class_list":{"0":"post-34286","1":"product","2":"type-product","3":"status-publish","4":"has-post-thumbnail","6":"product_brand-jigott","7":"product_cat-maquillage","8":"product_cat-yeux","9":"product_cat-mascara","10":"product_cat-promotion-dete","12":"first","13":"outofstock","14":"sale","15":"shipping-taxable","16":"purchasable","17":"product-type-simple"},"_links":{"self":[{"href":"https:\/\/gangnambeaute.com\/fr\/wp-json\/wp\/v2\/product\/34286","targetHints":{"allow":["GET"]}}],"collection":[{"href":"https:\/\/gangnambeaute.com\/fr\/wp-json\/wp\/v2\/product"}],"about":[{"href":"https:\/\/gangnambeaute.com\/fr\/wp-json\/wp\/v2\/types\/product"}],"replies":[{"embeddable":true,"href":"https:\/\/gangnambeaute.com\/fr\/wp-json\/wp\/v2\/comments?post=34286"}],"version-history":[{"count":5,"href":"https:\/\/gangnambeaute.com\/fr\/wp-json\/wp\/v2\/product\/34286\/revisions"}],"predecessor-version":[{"id":43826,"href":"https:\/\/gangnambeaute.com\/fr\/wp-json\/wp\/v2\/product\/34286\/revisions\/43826"}],"wp:featuredmedia":[{"embeddable":true,"href":"https:\/\/gangnambeaute.com\/fr\/wp-json\/wp\/v2\/media\/41280"}],"wp:attachment":[{"href":"https:\/\/gangnambeaute.com\/fr\/wp-json\/wp\/v2\/media?parent=34286"}],"wp:term":[{"taxonomy":"product_brand","embeddable":true,"href":"https:\/\/gangnambeaute.com\/fr\/wp-json\/wp\/v2\/product_brand?post=34286"},{"taxonomy":"product_cat","embeddable":true,"href":"https:\/\/gangnambeaute.com\/fr\/wp-json\/wp\/v2\/product_cat?post=34286"},{"taxonomy":"product_tag","embeddable":true,"href":"https:\/\/gangnambeaute.com\/fr\/wp-json\/wp\/v2\/product_tag?post=34286"}],"curies":[{"name":"wp","href":"https:\/\/api.w.org\/{rel}","templated":true}]}}