{"id":34231,"date":"2025-06-20T19:08:23","date_gmt":"2025-06-20T19:08:23","guid":{"rendered":"https:\/\/gangnambeaute.com\/?post_type=product&#038;p=34231"},"modified":"2026-04-11T02:53:27","modified_gmt":"2026-04-11T02:53:27","slug":"two-in-one-poreless-power-liquid","status":"publish","type":"product","link":"https:\/\/gangnambeaute.com\/fr\/product\/two-in-one-poreless-power-liquid\/","title":{"rendered":"COSRX &#8211; Two in One Poreless Power Liquid &#8211; 100 ml"},"content":{"rendered":"<div class=\"Y3BBE\" data-sfc-cp=\"\" data-sfc-cb=\"\" data-hveid=\"CAEIARAA\" data-processed=\"true\" data-complete=\"true\"><strong>Ce produit sert \u00e0\u00a0resserrer les pores\u00a0dilat\u00e9s et \u00e0 lisser le grain de peau gr\u00e2ce au BHA naturel.<\/strong><span class=\"uJ19be notranslate\" data-wiz-uids=\"dcsJze_d,dcsJze_e\" data-sfc-cb=\"\" data-complete=\"true\" data-processed=\"true\"><span class=\"vKEkVd\" data-animation-atomic=\"\" data-wiz-attrbind=\"class=dcsJze_c\/TKHnVd\" data-sae=\"\"><strong><span aria-hidden=\"true\">\u00a0<\/span><\/strong><\/span><\/span><\/div>\n<p>&nbsp;<\/p>\n","protected":false},"excerpt":{"rendered":"<div class=\"Y3BBE\" data-sfc-cp=\"\" data-sfc-cb=\"\" data-hveid=\"CAEIAhAA\" data-complete=\"true\" data-processed=\"true\"><strong>Appliquez une pression sur votre\u00a0visage propre\u00a0\u00e0 l&rsquo;aide d&rsquo;un coton ou avec les mains en \u00e9vitant le contour des yeux.<span class=\"uJ19be notranslate\" data-wiz-uids=\"dcsJze_i,dcsJze_j\" data-sfc-cb=\"\" data-complete=\"true\" data-processed=\"true\"><span class=\"vKEkVd\" data-animation-atomic=\"\" data-wiz-attrbind=\"class=dcsJze_h\/TKHnVd\" data-sae=\"\"><span aria-hidden=\"true\">\u00a0<\/span><\/span><\/span><\/strong><\/div>\n","protected":false},"featured_media":43474,"comment_status":"open","ping_status":"closed","template":"","meta":[],"product_brand":[1048],"product_cat":[344,347,363],"product_tag":[],"class_list":{"0":"post-34231","1":"product","2":"type-product","3":"status-publish","4":"has-post-thumbnail","6":"product_brand-cosrx-populare","7":"product_cat-skincare","8":"product_cat-toniques","9":"product_cat-toniques-exfoliants","11":"first","12":"outofstock","13":"sale","14":"shipping-taxable","15":"purchasable","16":"product-type-simple"},"_links":{"self":[{"href":"https:\/\/gangnambeaute.com\/fr\/wp-json\/wp\/v2\/product\/34231","targetHints":{"allow":["GET"]}}],"collection":[{"href":"https:\/\/gangnambeaute.com\/fr\/wp-json\/wp\/v2\/product"}],"about":[{"href":"https:\/\/gangnambeaute.com\/fr\/wp-json\/wp\/v2\/types\/product"}],"replies":[{"embeddable":true,"href":"https:\/\/gangnambeaute.com\/fr\/wp-json\/wp\/v2\/comments?post=34231"}],"version-history":[{"count":7,"href":"https:\/\/gangnambeaute.com\/fr\/wp-json\/wp\/v2\/product\/34231\/revisions"}],"predecessor-version":[{"id":43476,"href":"https:\/\/gangnambeaute.com\/fr\/wp-json\/wp\/v2\/product\/34231\/revisions\/43476"}],"wp:featuredmedia":[{"embeddable":true,"href":"https:\/\/gangnambeaute.com\/fr\/wp-json\/wp\/v2\/media\/43474"}],"wp:attachment":[{"href":"https:\/\/gangnambeaute.com\/fr\/wp-json\/wp\/v2\/media?parent=34231"}],"wp:term":[{"taxonomy":"product_brand","embeddable":true,"href":"https:\/\/gangnambeaute.com\/fr\/wp-json\/wp\/v2\/product_brand?post=34231"},{"taxonomy":"product_cat","embeddable":true,"href":"https:\/\/gangnambeaute.com\/fr\/wp-json\/wp\/v2\/product_cat?post=34231"},{"taxonomy":"product_tag","embeddable":true,"href":"https:\/\/gangnambeaute.com\/fr\/wp-json\/wp\/v2\/product_tag?post=34231"}],"curies":[{"name":"wp","href":"https:\/\/api.w.org\/{rel}","templated":true}]}}