{"id":34158,"date":"2025-06-20T11:36:07","date_gmt":"2025-06-20T11:36:07","guid":{"rendered":"https:\/\/gangnambeaute.com\/?post_type=product&#038;p=34158"},"modified":"2026-04-11T02:53:57","modified_gmt":"2026-04-11T02:53:57","slug":"dasique-souffle-color-pot","status":"publish","type":"product","link":"https:\/\/gangnambeaute.com\/fr\/product\/dasique-souffle-color-pot\/","title":{"rendered":"Dasique &#8211; Souffle Color Pot &#8211; Baume \u00e0 l\u00e8vres teint\u00e9 et blush &#8211; 4 couleurs"},"content":{"rendered":"<p><strong>Ce baume sert \u00e0\u00a0rehausser le teint et les l\u00e8vres avec une texture souffl\u00e9e ultra-l\u00e9g\u00e8re qui s&rsquo;estompe pour un fini mat et naturel.<\/strong><\/p>\n","protected":false},"excerpt":{"rendered":"<p><strong>Tapotez une petite quantit\u00e9 sur vos\u00a0<strong class=\"Yjhzub\" data-sfc-cb=\"\" data-complete=\"true\" data-processed=\"true\">joues ou vos l\u00e8vres<\/strong>\u00a0du bout des doigts et estompez d\u00e9licatement.<\/strong><\/p>\n","protected":false},"featured_media":39238,"comment_status":"open","ping_status":"closed","template":"","meta":[],"product_brand":[1054],"product_cat":[388,389,395,406],"product_tag":[],"class_list":{"0":"post-34158","1":"product","2":"type-product","3":"status-publish","4":"has-post-thumbnail","6":"product_brand-dasique-populare","7":"product_cat-maquillage","8":"product_cat-visage","9":"product_cat-blush","10":"product_cat-rouges-a-levres","12":"first","13":"outofstock","14":"sale","15":"shipping-taxable","16":"purchasable","17":"product-type-variable"},"_links":{"self":[{"href":"https:\/\/gangnambeaute.com\/fr\/wp-json\/wp\/v2\/product\/34158","targetHints":{"allow":["GET"]}}],"collection":[{"href":"https:\/\/gangnambeaute.com\/fr\/wp-json\/wp\/v2\/product"}],"about":[{"href":"https:\/\/gangnambeaute.com\/fr\/wp-json\/wp\/v2\/types\/product"}],"replies":[{"embeddable":true,"href":"https:\/\/gangnambeaute.com\/fr\/wp-json\/wp\/v2\/comments?post=34158"}],"version-history":[{"count":7,"href":"https:\/\/gangnambeaute.com\/fr\/wp-json\/wp\/v2\/product\/34158\/revisions"}],"predecessor-version":[{"id":43762,"href":"https:\/\/gangnambeaute.com\/fr\/wp-json\/wp\/v2\/product\/34158\/revisions\/43762"}],"wp:featuredmedia":[{"embeddable":true,"href":"https:\/\/gangnambeaute.com\/fr\/wp-json\/wp\/v2\/media\/39238"}],"wp:attachment":[{"href":"https:\/\/gangnambeaute.com\/fr\/wp-json\/wp\/v2\/media?parent=34158"}],"wp:term":[{"taxonomy":"product_brand","embeddable":true,"href":"https:\/\/gangnambeaute.com\/fr\/wp-json\/wp\/v2\/product_brand?post=34158"},{"taxonomy":"product_cat","embeddable":true,"href":"https:\/\/gangnambeaute.com\/fr\/wp-json\/wp\/v2\/product_cat?post=34158"},{"taxonomy":"product_tag","embeddable":true,"href":"https:\/\/gangnambeaute.com\/fr\/wp-json\/wp\/v2\/product_tag?post=34158"}],"curies":[{"name":"wp","href":"https:\/\/api.w.org\/{rel}","templated":true}]}}