{"id":34154,"date":"2025-06-20T11:32:15","date_gmt":"2025-06-20T11:32:15","guid":{"rendered":"https:\/\/gangnambeaute.com\/?post_type=product&#038;p=34154"},"modified":"2026-04-11T02:54:07","modified_gmt":"2026-04-11T02:54:07","slug":"dasique-fruity-lip-jam","status":"publish","type":"product","link":"https:\/\/gangnambeaute.com\/fr\/product\/dasique-fruity-lip-jam\/","title":{"rendered":"Dasique &#8211; Fruity Lip Jam &#8211; Baume \u00e0 l\u00e8vres &#8211; 10 couleurs"},"content":{"rendered":"<p><strong>Ce baume sert \u00e0\u00a0nourrir intens\u00e9ment les l\u00e8vres tout en leur offrant une brillance miroir et une teinte fruit\u00e9e ultra-translucide.<\/strong><\/p>\n","protected":false},"excerpt":{"rendered":"<div class=\"Y3BBE\" data-sfc-cp=\"\" data-sfc-cb=\"\" data-hveid=\"CAEIAhAA\" data-complete=\"true\" data-processed=\"true\"><strong>Appliquez une petite quantit\u00e9 sur vos\u00a0l\u00e8vres propres\u00a0\u00e0 l&rsquo;aide de l&rsquo;applicateur ou du bout des doigts pour un effet gourmand et repulp\u00e9.<span class=\"uJ19be notranslate\" data-wiz-uids=\"J2Ljvf_j,J2Ljvf_k\" data-sfc-cb=\"\" data-complete=\"true\" data-processed=\"true\"><span class=\"vKEkVd\" data-animation-atomic=\"\" data-wiz-attrbind=\"class=J2Ljvf_i\/TKHnVd\" data-sae=\"\"><span aria-hidden=\"true\">\u00a0<\/span><\/span><\/span><\/strong><\/div>\n","protected":false},"featured_media":39234,"comment_status":"open","ping_status":"closed","template":"","meta":[],"product_brand":[1054],"product_cat":[388,391,407,410],"product_tag":[],"class_list":{"0":"post-34154","1":"product","2":"type-product","3":"status-publish","4":"has-post-thumbnail","6":"product_brand-dasique-populare","7":"product_cat-maquillage","8":"product_cat-levres","9":"product_cat-gloss","10":"product_cat-baume-a-levres","12":"first","13":"instock","14":"sale","15":"shipping-taxable","16":"purchasable","17":"product-type-variable","18":"has-default-attributes"},"_links":{"self":[{"href":"https:\/\/gangnambeaute.com\/fr\/wp-json\/wp\/v2\/product\/34154","targetHints":{"allow":["GET"]}}],"collection":[{"href":"https:\/\/gangnambeaute.com\/fr\/wp-json\/wp\/v2\/product"}],"about":[{"href":"https:\/\/gangnambeaute.com\/fr\/wp-json\/wp\/v2\/types\/product"}],"replies":[{"embeddable":true,"href":"https:\/\/gangnambeaute.com\/fr\/wp-json\/wp\/v2\/comments?post=34154"}],"version-history":[{"count":7,"href":"https:\/\/gangnambeaute.com\/fr\/wp-json\/wp\/v2\/product\/34154\/revisions"}],"predecessor-version":[{"id":43764,"href":"https:\/\/gangnambeaute.com\/fr\/wp-json\/wp\/v2\/product\/34154\/revisions\/43764"}],"wp:featuredmedia":[{"embeddable":true,"href":"https:\/\/gangnambeaute.com\/fr\/wp-json\/wp\/v2\/media\/39234"}],"wp:attachment":[{"href":"https:\/\/gangnambeaute.com\/fr\/wp-json\/wp\/v2\/media?parent=34154"}],"wp:term":[{"taxonomy":"product_brand","embeddable":true,"href":"https:\/\/gangnambeaute.com\/fr\/wp-json\/wp\/v2\/product_brand?post=34154"},{"taxonomy":"product_cat","embeddable":true,"href":"https:\/\/gangnambeaute.com\/fr\/wp-json\/wp\/v2\/product_cat?post=34154"},{"taxonomy":"product_tag","embeddable":true,"href":"https:\/\/gangnambeaute.com\/fr\/wp-json\/wp\/v2\/product_tag?post=34154"}],"curies":[{"name":"wp","href":"https:\/\/api.w.org\/{rel}","templated":true}]}}