{"id":34094,"date":"2025-06-20T10:23:22","date_gmt":"2025-06-20T10:23:22","guid":{"rendered":"https:\/\/gangnambeaute.com\/?post_type=product&#038;p=34094"},"modified":"2026-05-06T12:44:30","modified_gmt":"2026-05-06T12:44:30","slug":"seoul-1988-eye-cream-retinal-liposome-4-fermented-bean","status":"publish","type":"product","link":"https:\/\/gangnambeaute.com\/fr\/product\/seoul-1988-eye-cream-retinal-liposome-4-fermented-bean\/","title":{"rendered":"K-SECRET- SEOUL 1988 &#8211; Eye Cream : Retinal Liposome 4% + Fermented Bean &#8211; 30ml"},"content":{"rendered":"<p><strong><span data-subtree=\"aimfl\" data-processed=\"true\" data-copy-service-computed-style=\"font-family: &quot;Google Sans&quot;, Arial, sans-serif; font-size: 16px; font-weight: 400; margin: 0px; text-decoration: none; border-bottom: 0px rgb(10, 10, 10);\">Cette cr\u00e8me contour des yeux <\/span><strong class=\"Yjhzub\" data-sfc-root=\"c\" data-sfc-cb=\"\" data-complete=\"true\" data-processed=\"true\" data-copy-service-computed-style=\"font-family: &quot;Google Sans&quot;, Arial, sans-serif; font-size: 16px; font-weight: 600; margin: 0px; text-decoration: none; border-bottom: 0px rgb(10, 10, 10);\">r\u00e9duit visiblement les rides et raffermit le regard<!--TgQPHd|[]--><\/strong> gr\u00e2ce au r\u00e9tinal puissant et aux bienfaits nourrissants du haricot ferment\u00e9.<\/strong><\/p>\n","protected":false},"excerpt":{"rendered":"<p><strong>Appliquez une tr\u00e8s petite quantit\u00e9 (un grain de riz) sous chaque \u0153il le soir, en tapotant doucement avec l&rsquo;annulaire du coin interne vers l&rsquo;ext\u00e9rieur.<\/strong><\/p>\n","protected":false},"featured_media":44823,"comment_status":"open","ping_status":"closed","template":"","meta":[],"product_brand":[1027],"product_cat":[344,353,379],"product_tag":[],"class_list":{"0":"post-34094","1":"product","2":"type-product","3":"status-publish","4":"has-post-thumbnail","6":"product_brand-k-secret","7":"product_cat-skincare","8":"product_cat-soins-des-yeux","9":"product_cat-creme-contour-des-yeux","11":"first","12":"instock","13":"sale","14":"shipping-taxable","15":"purchasable","16":"product-type-simple"},"_links":{"self":[{"href":"https:\/\/gangnambeaute.com\/fr\/wp-json\/wp\/v2\/product\/34094","targetHints":{"allow":["GET"]}}],"collection":[{"href":"https:\/\/gangnambeaute.com\/fr\/wp-json\/wp\/v2\/product"}],"about":[{"href":"https:\/\/gangnambeaute.com\/fr\/wp-json\/wp\/v2\/types\/product"}],"replies":[{"embeddable":true,"href":"https:\/\/gangnambeaute.com\/fr\/wp-json\/wp\/v2\/comments?post=34094"}],"version-history":[{"count":8,"href":"https:\/\/gangnambeaute.com\/fr\/wp-json\/wp\/v2\/product\/34094\/revisions"}],"predecessor-version":[{"id":44824,"href":"https:\/\/gangnambeaute.com\/fr\/wp-json\/wp\/v2\/product\/34094\/revisions\/44824"}],"wp:featuredmedia":[{"embeddable":true,"href":"https:\/\/gangnambeaute.com\/fr\/wp-json\/wp\/v2\/media\/44823"}],"wp:attachment":[{"href":"https:\/\/gangnambeaute.com\/fr\/wp-json\/wp\/v2\/media?parent=34094"}],"wp:term":[{"taxonomy":"product_brand","embeddable":true,"href":"https:\/\/gangnambeaute.com\/fr\/wp-json\/wp\/v2\/product_brand?post=34094"},{"taxonomy":"product_cat","embeddable":true,"href":"https:\/\/gangnambeaute.com\/fr\/wp-json\/wp\/v2\/product_cat?post=34094"},{"taxonomy":"product_tag","embeddable":true,"href":"https:\/\/gangnambeaute.com\/fr\/wp-json\/wp\/v2\/product_tag?post=34094"}],"curies":[{"name":"wp","href":"https:\/\/api.w.org\/{rel}","templated":true}]}}