{"id":34082,"date":"2025-06-20T10:00:10","date_gmt":"2025-06-20T10:00:10","guid":{"rendered":"https:\/\/gangnambeaute.com\/?post_type=product&#038;p=34082"},"modified":"2026-04-11T02:53:19","modified_gmt":"2026-04-11T02:53:19","slug":"hyaluron-hydrating-sun-stick-spf-pa-50","status":"publish","type":"product","link":"https:\/\/gangnambeaute.com\/fr\/product\/hyaluron-hydrating-sun-stick-spf-pa-50\/","title":{"rendered":"Ma:nyo &#8211; Hyaluron Hydrating Sun Stick SPF\/PA++++ 50+ &#8211; stick solaire"},"content":{"rendered":"<p><strong>Ce stick solaire \u00e0 l&rsquo;acide hyaluronique et au complexe apaisant offre une tr\u00e8s haute protection SPF 50+ tout en hydratant intens\u00e9ment la peau avec un fini mat et l\u00e9ger.<\/strong><\/p>\n","protected":false},"excerpt":{"rendered":"<p><strong>Faites glisser le stick directement sur les zones expos\u00e9es au soleil apr\u00e8s votre routine de soin ou par-dessus votre maquillage pour des retouches faciles.<\/strong><\/p>\n","protected":false},"featured_media":41220,"comment_status":"open","ping_status":"closed","template":"","meta":[],"product_brand":[1026],"product_cat":[344,352,377],"product_tag":[],"class_list":{"0":"post-34082","1":"product","2":"type-product","3":"status-publish","4":"has-post-thumbnail","6":"product_brand-manyo","7":"product_cat-skincare","8":"product_cat-soins-solaires","9":"product_cat-stick-solaire","11":"first","12":"instock","13":"sale","14":"shipping-taxable","15":"purchasable","16":"product-type-simple"},"_links":{"self":[{"href":"https:\/\/gangnambeaute.com\/fr\/wp-json\/wp\/v2\/product\/34082","targetHints":{"allow":["GET"]}}],"collection":[{"href":"https:\/\/gangnambeaute.com\/fr\/wp-json\/wp\/v2\/product"}],"about":[{"href":"https:\/\/gangnambeaute.com\/fr\/wp-json\/wp\/v2\/types\/product"}],"replies":[{"embeddable":true,"href":"https:\/\/gangnambeaute.com\/fr\/wp-json\/wp\/v2\/comments?post=34082"}],"version-history":[{"count":3,"href":"https:\/\/gangnambeaute.com\/fr\/wp-json\/wp\/v2\/product\/34082\/revisions"}],"predecessor-version":[{"id":43261,"href":"https:\/\/gangnambeaute.com\/fr\/wp-json\/wp\/v2\/product\/34082\/revisions\/43261"}],"wp:featuredmedia":[{"embeddable":true,"href":"https:\/\/gangnambeaute.com\/fr\/wp-json\/wp\/v2\/media\/41220"}],"wp:attachment":[{"href":"https:\/\/gangnambeaute.com\/fr\/wp-json\/wp\/v2\/media?parent=34082"}],"wp:term":[{"taxonomy":"product_brand","embeddable":true,"href":"https:\/\/gangnambeaute.com\/fr\/wp-json\/wp\/v2\/product_brand?post=34082"},{"taxonomy":"product_cat","embeddable":true,"href":"https:\/\/gangnambeaute.com\/fr\/wp-json\/wp\/v2\/product_cat?post=34082"},{"taxonomy":"product_tag","embeddable":true,"href":"https:\/\/gangnambeaute.com\/fr\/wp-json\/wp\/v2\/product_tag?post=34082"}],"curies":[{"name":"wp","href":"https:\/\/api.w.org\/{rel}","templated":true}]}}