{"id":34053,"date":"2025-06-20T09:04:12","date_gmt":"2025-06-20T09:04:12","guid":{"rendered":"https:\/\/gangnambeaute.com\/?post_type=product&#038;p=34053"},"modified":"2026-04-11T02:53:17","modified_gmt":"2026-04-11T02:53:17","slug":"retinol-collagen-lifting-pad","status":"publish","type":"product","link":"https:\/\/gangnambeaute.com\/fr\/product\/retinol-collagen-lifting-pad\/","title":{"rendered":"MEDIHEAL\u2013 Retinol Collagen Lifting Pad \u2013 100 pads"},"content":{"rendered":"<div class=\"Y3BBE\" data-sfc-cp=\"\" data-sfc-cb=\"\" data-hveid=\"CAEIARAA\" data-complete=\"true\" data-processed=\"true\"><strong>Ces cotons imbib\u00e9s servent \u00e0\u00a0raffermir la peau et \u00e0 r\u00e9duire l&rsquo;apparence des rides gr\u00e2ce \u00e0 la synergie du r\u00e9tinol et du collag\u00e8ne qui boostent l&rsquo;\u00e9lasticit\u00e9.<\/strong><\/div>\n","protected":false},"excerpt":{"rendered":"<div class=\"Y3BBE\" data-sfc-cp=\"\" data-sfc-cb=\"\" data-hveid=\"CAEIAhAA\" data-complete=\"true\" data-processed=\"true\"><strong>Placez les disques sur les\u00a0zones cibl\u00e9es (pommettes, front, rides) de votre visage propre pendant 3 \u00e0 5 minutes, ou passez-les d\u00e9licatement sur l&rsquo;ensemble du visage comme un tonique.<\/strong><\/div>\n","protected":false},"featured_media":41201,"comment_status":"open","ping_status":"closed","template":"","meta":[],"product_brand":[1057],"product_cat":[118],"product_tag":[],"class_list":{"0":"post-34053","1":"product","2":"type-product","3":"status-publish","4":"has-post-thumbnail","6":"product_brand-mediheal-populare","7":"product_cat-default","9":"first","10":"outofstock","11":"sale","12":"shipping-taxable","13":"purchasable","14":"product-type-simple"},"_links":{"self":[{"href":"https:\/\/gangnambeaute.com\/fr\/wp-json\/wp\/v2\/product\/34053","targetHints":{"allow":["GET"]}}],"collection":[{"href":"https:\/\/gangnambeaute.com\/fr\/wp-json\/wp\/v2\/product"}],"about":[{"href":"https:\/\/gangnambeaute.com\/fr\/wp-json\/wp\/v2\/types\/product"}],"replies":[{"embeddable":true,"href":"https:\/\/gangnambeaute.com\/fr\/wp-json\/wp\/v2\/comments?post=34053"}],"version-history":[{"count":3,"href":"https:\/\/gangnambeaute.com\/fr\/wp-json\/wp\/v2\/product\/34053\/revisions"}],"predecessor-version":[{"id":43939,"href":"https:\/\/gangnambeaute.com\/fr\/wp-json\/wp\/v2\/product\/34053\/revisions\/43939"}],"wp:featuredmedia":[{"embeddable":true,"href":"https:\/\/gangnambeaute.com\/fr\/wp-json\/wp\/v2\/media\/41201"}],"wp:attachment":[{"href":"https:\/\/gangnambeaute.com\/fr\/wp-json\/wp\/v2\/media?parent=34053"}],"wp:term":[{"taxonomy":"product_brand","embeddable":true,"href":"https:\/\/gangnambeaute.com\/fr\/wp-json\/wp\/v2\/product_brand?post=34053"},{"taxonomy":"product_cat","embeddable":true,"href":"https:\/\/gangnambeaute.com\/fr\/wp-json\/wp\/v2\/product_cat?post=34053"},{"taxonomy":"product_tag","embeddable":true,"href":"https:\/\/gangnambeaute.com\/fr\/wp-json\/wp\/v2\/product_tag?post=34053"}],"curies":[{"name":"wp","href":"https:\/\/api.w.org\/{rel}","templated":true}]}}