{"id":34038,"date":"2025-06-20T08:37:18","date_gmt":"2025-06-20T08:37:18","guid":{"rendered":"https:\/\/gangnambeaute.com\/?post_type=product&#038;p=34038"},"modified":"2026-04-11T02:53:17","modified_gmt":"2026-04-11T02:53:17","slug":"perfect-cover-b-b-cream-no-27","status":"publish","type":"product","link":"https:\/\/gangnambeaute.com\/fr\/product\/perfect-cover-b-b-cream-no-27\/","title":{"rendered":"MISSHA &#8211; Perfect Cover B.B Cream No.27 &#8211; 50 ml"},"content":{"rendered":"<p><strong>Cette BB cr\u00e8me sert \u00e0\u00a0unifier le teint tout en offrant une haute couvrance, une protection solaire et une hydratation intense gr\u00e2ce \u00e0 l&rsquo;acide hyaluronique et aux c\u00e9ramides.<\/strong><\/p>\n","protected":false},"excerpt":{"rendered":"<div class=\"Y3BBE\" data-sfc-cp=\"\" data-sfc-cb=\"\" data-hveid=\"CAEIAhAA\" data-complete=\"true\" data-processed=\"true\"><strong>Appliquez une noisette sur votre\u00a0visage propre\u00a0et \u00e9tirez la mati\u00e8re du centre vers l&rsquo;ext\u00e9rieur au doigt, \u00e0 l&rsquo;\u00e9ponge ou au pinceau.<span class=\"uJ19be notranslate\" data-wiz-uids=\"tDssLd_j,tDssLd_k\" data-sfc-cb=\"\" data-complete=\"true\" data-processed=\"true\"><span class=\"vKEkVd\" data-animation-atomic=\"\" data-wiz-attrbind=\"class=tDssLd_i\/TKHnVd\" data-sae=\"\"><span aria-hidden=\"true\">\u00a0<\/span><\/span><\/span><\/strong><\/div>\n","protected":false},"featured_media":43838,"comment_status":"open","ping_status":"closed","template":"","meta":[],"product_brand":[1053],"product_cat":[388,393],"product_tag":[],"class_list":{"0":"post-34038","1":"product","2":"type-product","3":"status-publish","4":"has-post-thumbnail","6":"product_brand-missha-populare","7":"product_cat-maquillage","8":"product_cat-bb-creme","10":"first","11":"instock","12":"sale","13":"shipping-taxable","14":"purchasable","15":"product-type-simple"},"_links":{"self":[{"href":"https:\/\/gangnambeaute.com\/fr\/wp-json\/wp\/v2\/product\/34038","targetHints":{"allow":["GET"]}}],"collection":[{"href":"https:\/\/gangnambeaute.com\/fr\/wp-json\/wp\/v2\/product"}],"about":[{"href":"https:\/\/gangnambeaute.com\/fr\/wp-json\/wp\/v2\/types\/product"}],"replies":[{"embeddable":true,"href":"https:\/\/gangnambeaute.com\/fr\/wp-json\/wp\/v2\/comments?post=34038"}],"version-history":[{"count":7,"href":"https:\/\/gangnambeaute.com\/fr\/wp-json\/wp\/v2\/product\/34038\/revisions"}],"predecessor-version":[{"id":43839,"href":"https:\/\/gangnambeaute.com\/fr\/wp-json\/wp\/v2\/product\/34038\/revisions\/43839"}],"wp:featuredmedia":[{"embeddable":true,"href":"https:\/\/gangnambeaute.com\/fr\/wp-json\/wp\/v2\/media\/43838"}],"wp:attachment":[{"href":"https:\/\/gangnambeaute.com\/fr\/wp-json\/wp\/v2\/media?parent=34038"}],"wp:term":[{"taxonomy":"product_brand","embeddable":true,"href":"https:\/\/gangnambeaute.com\/fr\/wp-json\/wp\/v2\/product_brand?post=34038"},{"taxonomy":"product_cat","embeddable":true,"href":"https:\/\/gangnambeaute.com\/fr\/wp-json\/wp\/v2\/product_cat?post=34038"},{"taxonomy":"product_tag","embeddable":true,"href":"https:\/\/gangnambeaute.com\/fr\/wp-json\/wp\/v2\/product_tag?post=34038"}],"curies":[{"name":"wp","href":"https:\/\/api.w.org\/{rel}","templated":true}]}}