{"id":33914,"date":"2025-06-20T08:04:09","date_gmt":"2025-06-20T08:04:09","guid":{"rendered":"https:\/\/gangnambeaute.com\/?post_type=product&#038;p=33914"},"modified":"2026-05-12T09:35:22","modified_gmt":"2026-05-12T09:35:22","slug":"1025-dokdo-trial-kit","status":"publish","type":"product","link":"https:\/\/gangnambeaute.com\/fr\/product\/1025-dokdo-trial-kit\/","title":{"rendered":"ROUND LAB &#8211; 1025 Dokdo Trial Kit &#8211; 4 produits"},"content":{"rendered":"<p class=\"p1\"><strong>Ce kit de voyage complet \u00e9limine les impuret\u00e9s et hydrate intens\u00e9ment<!--TgQPHd|[]--> les peaux sensibles gr\u00e2ce aux min\u00e9raux de l&rsquo;eau de mer profonde de l&rsquo;\u00eele de Dokdo.<\/strong><\/p>\n","protected":false},"excerpt":{"rendered":"<p><strong>Suivez l&rsquo;ordre des quatre \u00e9tapes matin et soir : nettoyez avec le nettoyant<!--TgQPHd|[]-->, appliquez le tonique<!--TgQPHd|[]--> sur un coton, \u00e9talez l&rsquo;ampoule<!--TgQPHd|[]-->, puis scellez le tout avec la lotion<!--TgQPHd|[]-->.\u00a0<\/strong><\/p>\n","protected":false},"featured_media":44908,"comment_status":"open","ping_status":"closed","template":"","meta":[],"product_brand":[1024],"product_cat":[344,436,437],"product_tag":[],"class_list":{"0":"post-33914","1":"product","2":"type-product","3":"status-publish","4":"has-post-thumbnail","6":"product_brand-roundlab","7":"product_cat-skincare","8":"product_cat-kits-coffrets","9":"product_cat-kits-de-marques-officielles","11":"first","12":"outofstock","13":"sale","14":"shipping-taxable","15":"purchasable","16":"product-type-simple"},"_links":{"self":[{"href":"https:\/\/gangnambeaute.com\/fr\/wp-json\/wp\/v2\/product\/33914","targetHints":{"allow":["GET"]}}],"collection":[{"href":"https:\/\/gangnambeaute.com\/fr\/wp-json\/wp\/v2\/product"}],"about":[{"href":"https:\/\/gangnambeaute.com\/fr\/wp-json\/wp\/v2\/types\/product"}],"replies":[{"embeddable":true,"href":"https:\/\/gangnambeaute.com\/fr\/wp-json\/wp\/v2\/comments?post=33914"}],"version-history":[{"count":5,"href":"https:\/\/gangnambeaute.com\/fr\/wp-json\/wp\/v2\/product\/33914\/revisions"}],"predecessor-version":[{"id":34532,"href":"https:\/\/gangnambeaute.com\/fr\/wp-json\/wp\/v2\/product\/33914\/revisions\/34532"}],"wp:featuredmedia":[{"embeddable":true,"href":"https:\/\/gangnambeaute.com\/fr\/wp-json\/wp\/v2\/media\/44908"}],"wp:attachment":[{"href":"https:\/\/gangnambeaute.com\/fr\/wp-json\/wp\/v2\/media?parent=33914"}],"wp:term":[{"taxonomy":"product_brand","embeddable":true,"href":"https:\/\/gangnambeaute.com\/fr\/wp-json\/wp\/v2\/product_brand?post=33914"},{"taxonomy":"product_cat","embeddable":true,"href":"https:\/\/gangnambeaute.com\/fr\/wp-json\/wp\/v2\/product_cat?post=33914"},{"taxonomy":"product_tag","embeddable":true,"href":"https:\/\/gangnambeaute.com\/fr\/wp-json\/wp\/v2\/product_tag?post=33914"}],"curies":[{"name":"wp","href":"https:\/\/api.w.org\/{rel}","templated":true}]}}