{"id":33908,"date":"2025-06-19T19:17:50","date_gmt":"2025-06-19T19:17:50","guid":{"rendered":"https:\/\/gangnambeaute.com\/?post_type=product&#038;p=33908"},"modified":"2026-04-11T02:53:14","modified_gmt":"2026-04-11T02:53:14","slug":"pine-calming-cica-trial-kit","status":"publish","type":"product","link":"https:\/\/gangnambeaute.com\/fr\/product\/pine-calming-cica-trial-kit\/","title":{"rendered":"ROUND LAB &#8211; Pine Calming Cica Trial Kit &#8211; 4 produits"},"content":{"rendered":"<p>Bienfaits et avantages :<\/p>\n<p>Une ligne Calming Cica avec l&rsquo;ingr\u00e9dient Pine Cica Activer\u2122 qui apaise rapidement les peaux sensibles.<\/p>\n<p>Pine Calming Cica Cleanser :<\/p>\n<p>Ce nettoyant \u00e9limine efficacement les impuret\u00e9s et les cellules mortes \u00e0 l&rsquo;aide de LHA et BHA, laissant la peau rafra\u00eechie.<\/p>\n<p>Pine Calming Cica Toner :<\/p>\n<p>Ce tonique apaise rapidement les peaux rouges et sensibles et lisse le grain de peau rugueux.<\/p>\n<p>Pine Calming Cica Ampoule :<\/p>\n<p>Cette ampoule apaise rapidement les peaux rouges et sensibles tout en am\u00e9liorant la texture de la peau en lissant les rugosit\u00e9s.<\/p>\n<p>Pine Calming Cica Cream :<\/p>\n<p>Cette cr\u00e8me apaise rapidement les peaux sensibles.<\/p>\n","protected":false},"excerpt":{"rendered":"<p>Bienfaits et avantages : Une ligne Calming Cica avec l&rsquo;ingr\u00e9dient Pine Cica Activer\u2122 qui apaise rapidement les peaux sensibles. Pine<\/p>\n","protected":false},"featured_media":41169,"comment_status":"open","ping_status":"closed","template":"","meta":[],"product_brand":[1024],"product_cat":[344,436,437],"product_tag":[],"class_list":{"0":"post-33908","1":"product","2":"type-product","3":"status-publish","4":"has-post-thumbnail","6":"product_brand-roundlab","7":"product_cat-skincare","8":"product_cat-kits-coffrets","9":"product_cat-kits-de-marques-officielles","11":"first","12":"outofstock","13":"sale","14":"shipping-taxable","15":"purchasable","16":"product-type-simple"},"_links":{"self":[{"href":"https:\/\/gangnambeaute.com\/fr\/wp-json\/wp\/v2\/product\/33908","targetHints":{"allow":["GET"]}}],"collection":[{"href":"https:\/\/gangnambeaute.com\/fr\/wp-json\/wp\/v2\/product"}],"about":[{"href":"https:\/\/gangnambeaute.com\/fr\/wp-json\/wp\/v2\/types\/product"}],"replies":[{"embeddable":true,"href":"https:\/\/gangnambeaute.com\/fr\/wp-json\/wp\/v2\/comments?post=33908"}],"version-history":[{"count":4,"href":"https:\/\/gangnambeaute.com\/fr\/wp-json\/wp\/v2\/product\/33908\/revisions"}],"predecessor-version":[{"id":35475,"href":"https:\/\/gangnambeaute.com\/fr\/wp-json\/wp\/v2\/product\/33908\/revisions\/35475"}],"wp:featuredmedia":[{"embeddable":true,"href":"https:\/\/gangnambeaute.com\/fr\/wp-json\/wp\/v2\/media\/41169"}],"wp:attachment":[{"href":"https:\/\/gangnambeaute.com\/fr\/wp-json\/wp\/v2\/media?parent=33908"}],"wp:term":[{"taxonomy":"product_brand","embeddable":true,"href":"https:\/\/gangnambeaute.com\/fr\/wp-json\/wp\/v2\/product_brand?post=33908"},{"taxonomy":"product_cat","embeddable":true,"href":"https:\/\/gangnambeaute.com\/fr\/wp-json\/wp\/v2\/product_cat?post=33908"},{"taxonomy":"product_tag","embeddable":true,"href":"https:\/\/gangnambeaute.com\/fr\/wp-json\/wp\/v2\/product_tag?post=33908"}],"curies":[{"name":"wp","href":"https:\/\/api.w.org\/{rel}","templated":true}]}}