{"id":33888,"date":"2025-06-19T19:00:50","date_gmt":"2025-06-19T19:00:50","guid":{"rendered":"https:\/\/gangnambeaute.com\/?post_type=product&#038;p=33888"},"modified":"2026-04-11T02:53:13","modified_gmt":"2026-04-11T02:53:13","slug":"secretkey_snow-white-spot-gel","status":"publish","type":"product","link":"https:\/\/gangnambeaute.com\/fr\/product\/secretkey_snow-white-spot-gel\/","title":{"rendered":"Secret Key &#8211; Snow White Spot Gel &#8211; 65g"},"content":{"rendered":"<div class=\"Y3BBE\" data-sfc-cp=\"\" data-sfc-cb=\"\" data-hveid=\"CAEIARAA\" data-complete=\"true\" data-processed=\"true\"><strong>Ce gel sert \u00e0\u00a0\u00e9claircir les taches brunes et les zones sombres (aisselles, coudes, visage) gr\u00e2ce \u00e0 la niacinamide.<\/strong><\/div>\n","protected":false},"excerpt":{"rendered":"<div class=\"Y3BBE\" data-sfc-cp=\"\" data-sfc-cb=\"\" data-hveid=\"CAEIAhAA\" data-processed=\"true\" data-complete=\"true\"><strong>Appliquez une noisette de produit sur les\u00a0zones cibl\u00e9es et massez doucement jusqu&rsquo;\u00e0 absorption.<\/strong><\/div>\n","protected":false},"featured_media":41158,"comment_status":"open","ping_status":"closed","template":"","meta":[],"product_brand":[1023],"product_cat":[348,368,415,423],"product_tag":[],"class_list":{"0":"post-33888","1":"product","2":"type-product","3":"status-publish","4":"has-post-thumbnail","6":"product_brand-secret-key","7":"product_cat-soin-concentre","8":"product_cat-serums","9":"product_cat-soins-du-corps","10":"product_cat-hydratant-et-lotion-pour-le-corps","12":"first","13":"outofstock","14":"sale","15":"shipping-taxable","16":"purchasable","17":"product-type-simple"},"_links":{"self":[{"href":"https:\/\/gangnambeaute.com\/fr\/wp-json\/wp\/v2\/product\/33888","targetHints":{"allow":["GET"]}}],"collection":[{"href":"https:\/\/gangnambeaute.com\/fr\/wp-json\/wp\/v2\/product"}],"about":[{"href":"https:\/\/gangnambeaute.com\/fr\/wp-json\/wp\/v2\/types\/product"}],"replies":[{"embeddable":true,"href":"https:\/\/gangnambeaute.com\/fr\/wp-json\/wp\/v2\/comments?post=33888"}],"version-history":[{"count":7,"href":"https:\/\/gangnambeaute.com\/fr\/wp-json\/wp\/v2\/product\/33888\/revisions"}],"predecessor-version":[{"id":43352,"href":"https:\/\/gangnambeaute.com\/fr\/wp-json\/wp\/v2\/product\/33888\/revisions\/43352"}],"wp:featuredmedia":[{"embeddable":true,"href":"https:\/\/gangnambeaute.com\/fr\/wp-json\/wp\/v2\/media\/41158"}],"wp:attachment":[{"href":"https:\/\/gangnambeaute.com\/fr\/wp-json\/wp\/v2\/media?parent=33888"}],"wp:term":[{"taxonomy":"product_brand","embeddable":true,"href":"https:\/\/gangnambeaute.com\/fr\/wp-json\/wp\/v2\/product_brand?post=33888"},{"taxonomy":"product_cat","embeddable":true,"href":"https:\/\/gangnambeaute.com\/fr\/wp-json\/wp\/v2\/product_cat?post=33888"},{"taxonomy":"product_tag","embeddable":true,"href":"https:\/\/gangnambeaute.com\/fr\/wp-json\/wp\/v2\/product_tag?post=33888"}],"curies":[{"name":"wp","href":"https:\/\/api.w.org\/{rel}","templated":true}]}}