{"id":33852,"date":"2025-06-19T17:53:35","date_gmt":"2025-06-19T17:53:35","guid":{"rendered":"https:\/\/gangnambeaute.com\/?post_type=product&#038;p=33852"},"modified":"2026-04-16T17:13:43","modified_gmt":"2026-04-16T17:13:43","slug":"skin1004-madagascar-centella-tone-brightening-capsule-ampoule-30ml","status":"publish","type":"product","link":"https:\/\/gangnambeaute.com\/fr\/product\/skin1004-madagascar-centella-tone-brightening-capsule-ampoule-30ml\/","title":{"rendered":"SKIN1004 &#8211; Madagascar Centella Tone Brightening Capsule Ampoule &#8211; 30ml"},"content":{"rendered":"<div class=\"Y3BBE\" data-sfc-cp=\"\" data-hveid=\"CAEIARAA\" data-complete=\"true\" data-processed=\"true\"><\/div>\n<div class=\"Y3BBE\" data-sfc-cp=\"\" data-hveid=\"CAEIAhAA\" data-complete=\"true\" data-processed=\"true\" aria-owns=\"action-menu-parent-container\"><strong>Ce s\u00e9rum 2-en-1 hydrate et illumine la peau gr\u00e2ce au complexe brevet\u00e9\u00a0MadeWhite\u2122\u00a0(Centella Asiatica et Niacinamide). Ses extraits de\u00a0fruits (papaye et pomme)\u00a0exfolient en douceur pour un teint unifi\u00e9, une peau souple et apais\u00e9e.<\/strong><\/div>\n<p>&nbsp;<\/p>\n","protected":false},"excerpt":{"rendered":"<p><strong>Apr\u00e8s avoir nettoyer et tonifier votre visage, appliquez le produit en massant d\u00e9licatement.<\/strong><\/p>\n","protected":false},"featured_media":43695,"comment_status":"open","ping_status":"closed","template":"","meta":[],"product_brand":[1046],"product_cat":[344,348,369,431,433,434],"product_tag":[],"class_list":{"0":"post-33852","1":"product","2":"type-product","3":"status-publish","4":"has-post-thumbnail","6":"product_brand-skin-1004-populare","7":"product_cat-skincare","8":"product_cat-soin-concentre","9":"product_cat-ampoules","10":"product_cat-offres","11":"product_cat-promotion-dete","12":"product_cat-nouveautes","14":"first","15":"instock","16":"sale","17":"shipping-taxable","18":"purchasable","19":"product-type-simple"},"_links":{"self":[{"href":"https:\/\/gangnambeaute.com\/fr\/wp-json\/wp\/v2\/product\/33852","targetHints":{"allow":["GET"]}}],"collection":[{"href":"https:\/\/gangnambeaute.com\/fr\/wp-json\/wp\/v2\/product"}],"about":[{"href":"https:\/\/gangnambeaute.com\/fr\/wp-json\/wp\/v2\/types\/product"}],"replies":[{"embeddable":true,"href":"https:\/\/gangnambeaute.com\/fr\/wp-json\/wp\/v2\/comments?post=33852"}],"version-history":[{"count":5,"href":"https:\/\/gangnambeaute.com\/fr\/wp-json\/wp\/v2\/product\/33852\/revisions"}],"predecessor-version":[{"id":42526,"href":"https:\/\/gangnambeaute.com\/fr\/wp-json\/wp\/v2\/product\/33852\/revisions\/42526"}],"wp:featuredmedia":[{"embeddable":true,"href":"https:\/\/gangnambeaute.com\/fr\/wp-json\/wp\/v2\/media\/43695"}],"wp:attachment":[{"href":"https:\/\/gangnambeaute.com\/fr\/wp-json\/wp\/v2\/media?parent=33852"}],"wp:term":[{"taxonomy":"product_brand","embeddable":true,"href":"https:\/\/gangnambeaute.com\/fr\/wp-json\/wp\/v2\/product_brand?post=33852"},{"taxonomy":"product_cat","embeddable":true,"href":"https:\/\/gangnambeaute.com\/fr\/wp-json\/wp\/v2\/product_cat?post=33852"},{"taxonomy":"product_tag","embeddable":true,"href":"https:\/\/gangnambeaute.com\/fr\/wp-json\/wp\/v2\/product_tag?post=33852"}],"curies":[{"name":"wp","href":"https:\/\/api.w.org\/{rel}","templated":true}]}}