{"id":33845,"date":"2025-06-19T17:42:33","date_gmt":"2025-06-19T17:42:33","guid":{"rendered":"https:\/\/gangnambeaute.com\/?post_type=product&#038;p=33845"},"modified":"2026-04-11T02:53:11","modified_gmt":"2026-04-11T02:53:11","slug":"skin1004-madagascar-centella-ampoule-foam-20ml","status":"publish","type":"product","link":"https:\/\/gangnambeaute.com\/fr\/product\/skin1004-madagascar-centella-ampoule-foam-20ml\/","title":{"rendered":"SKIN1004 &#8211; Madagascar Centella Ampoule Foam &#8211; 20ml"},"content":{"rendered":"<p><strong>Ce nettoyant sert \u00e0\u00a0purifier les pores\u00a0en profondeur tout en apaisant la peau gr\u00e2ce \u00e0 sa mousse riche \u00e0 l&rsquo;extrait de Centella Asiatica.<\/strong><\/p>\n","protected":false},"excerpt":{"rendered":"<div class=\"Y3BBE\" data-sfc-cp=\"\" data-sfc-cb=\"\" data-hveid=\"CAEIAhAA\" data-complete=\"true\" data-processed=\"true\"><strong>Massez une noisette sur votre\u00a0visage humide pour cr\u00e9er une mousse, puis rincez abondamment \u00e0 l&rsquo;eau ti\u00e8de.<\/strong><\/div>\n","protected":false},"featured_media":43699,"comment_status":"open","ping_status":"closed","template":"","meta":[],"product_brand":[1046],"product_cat":[344,346,360,433],"product_tag":[],"class_list":{"0":"post-33845","1":"product","2":"type-product","3":"status-publish","4":"has-post-thumbnail","6":"product_brand-skin-1004-populare","7":"product_cat-skincare","8":"product_cat-nettoyants","9":"product_cat-gels-nettoyants","10":"product_cat-promotion-dete","12":"first","13":"outofstock","14":"sale","15":"shipping-taxable","16":"purchasable","17":"product-type-simple"},"_links":{"self":[{"href":"https:\/\/gangnambeaute.com\/fr\/wp-json\/wp\/v2\/product\/33845","targetHints":{"allow":["GET"]}}],"collection":[{"href":"https:\/\/gangnambeaute.com\/fr\/wp-json\/wp\/v2\/product"}],"about":[{"href":"https:\/\/gangnambeaute.com\/fr\/wp-json\/wp\/v2\/types\/product"}],"replies":[{"embeddable":true,"href":"https:\/\/gangnambeaute.com\/fr\/wp-json\/wp\/v2\/comments?post=33845"}],"version-history":[{"count":4,"href":"https:\/\/gangnambeaute.com\/fr\/wp-json\/wp\/v2\/product\/33845\/revisions"}],"predecessor-version":[{"id":43698,"href":"https:\/\/gangnambeaute.com\/fr\/wp-json\/wp\/v2\/product\/33845\/revisions\/43698"}],"wp:featuredmedia":[{"embeddable":true,"href":"https:\/\/gangnambeaute.com\/fr\/wp-json\/wp\/v2\/media\/43699"}],"wp:attachment":[{"href":"https:\/\/gangnambeaute.com\/fr\/wp-json\/wp\/v2\/media?parent=33845"}],"wp:term":[{"taxonomy":"product_brand","embeddable":true,"href":"https:\/\/gangnambeaute.com\/fr\/wp-json\/wp\/v2\/product_brand?post=33845"},{"taxonomy":"product_cat","embeddable":true,"href":"https:\/\/gangnambeaute.com\/fr\/wp-json\/wp\/v2\/product_cat?post=33845"},{"taxonomy":"product_tag","embeddable":true,"href":"https:\/\/gangnambeaute.com\/fr\/wp-json\/wp\/v2\/product_tag?post=33845"}],"curies":[{"name":"wp","href":"https:\/\/api.w.org\/{rel}","templated":true}]}}