{"id":31615,"date":"2025-05-20T01:39:33","date_gmt":"2025-05-20T01:39:33","guid":{"rendered":"https:\/\/gangnambeaute.com\/?post_type=product&#038;p=31615"},"modified":"2026-04-11T02:52:53","modified_gmt":"2026-04-11T02:52:53","slug":"etude-dear-darling-tint-encre-a-levres","status":"publish","type":"product","link":"https:\/\/gangnambeaute.com\/fr\/product\/etude-dear-darling-tint-encre-a-levres\/","title":{"rendered":"ETUDE\u00a0&#8211;\u00a0Dear Darling Tint &#8211; Encre \u00e0 l\u00e8vres &#8211; 6 couleurs"},"content":{"rendered":"<p><strong>Cette encre \u00e0 l\u00e8vres sert \u00e0\u00a0colorer durablement vos l\u00e8vres avec une texture gel-eau iconique qui offre un fini frais et modulable.<\/strong><\/p>\n","protected":false},"excerpt":{"rendered":"<div class=\"Y3BBE\" data-sfc-cp=\"\" data-sfc-cb=\"\" data-hveid=\"CAEIAhAA\" data-complete=\"true\" data-processed=\"true\"><strong>Appliquez une petite quantit\u00e9 sur vos\u00a0l\u00e8vres propres, puis estompez rapidement vers l&rsquo;ext\u00e9rieur pour un effet d\u00e9grad\u00e9 ou uniforme.<span class=\"uJ19be notranslate\" data-wiz-uids=\"viCHEb_j,viCHEb_k\" data-sfc-cb=\"\" data-complete=\"true\" data-processed=\"true\"><span class=\"vKEkVd\" data-animation-atomic=\"\" data-wiz-attrbind=\"class=viCHEb_i\/TKHnVd\" data-sae=\"\"><span aria-hidden=\"true\">\u00a0<\/span><\/span><\/span><\/strong><\/div>\n","protected":false},"featured_media":43756,"comment_status":"open","ping_status":"closed","template":"","meta":[],"product_brand":[1052],"product_cat":[391,406],"product_tag":[],"class_list":{"0":"post-31615","1":"product","2":"type-product","3":"status-publish","4":"has-post-thumbnail","6":"product_brand-etude-populare","7":"product_cat-levres","8":"product_cat-rouges-a-levres","10":"first","11":"instock","12":"sale","13":"shipping-taxable","14":"purchasable","15":"product-type-variable"},"_links":{"self":[{"href":"https:\/\/gangnambeaute.com\/fr\/wp-json\/wp\/v2\/product\/31615","targetHints":{"allow":["GET"]}}],"collection":[{"href":"https:\/\/gangnambeaute.com\/fr\/wp-json\/wp\/v2\/product"}],"about":[{"href":"https:\/\/gangnambeaute.com\/fr\/wp-json\/wp\/v2\/types\/product"}],"replies":[{"embeddable":true,"href":"https:\/\/gangnambeaute.com\/fr\/wp-json\/wp\/v2\/comments?post=31615"}],"version-history":[{"count":6,"href":"https:\/\/gangnambeaute.com\/fr\/wp-json\/wp\/v2\/product\/31615\/revisions"}],"predecessor-version":[{"id":43757,"href":"https:\/\/gangnambeaute.com\/fr\/wp-json\/wp\/v2\/product\/31615\/revisions\/43757"}],"wp:featuredmedia":[{"embeddable":true,"href":"https:\/\/gangnambeaute.com\/fr\/wp-json\/wp\/v2\/media\/43756"}],"wp:attachment":[{"href":"https:\/\/gangnambeaute.com\/fr\/wp-json\/wp\/v2\/media?parent=31615"}],"wp:term":[{"taxonomy":"product_brand","embeddable":true,"href":"https:\/\/gangnambeaute.com\/fr\/wp-json\/wp\/v2\/product_brand?post=31615"},{"taxonomy":"product_cat","embeddable":true,"href":"https:\/\/gangnambeaute.com\/fr\/wp-json\/wp\/v2\/product_cat?post=31615"},{"taxonomy":"product_tag","embeddable":true,"href":"https:\/\/gangnambeaute.com\/fr\/wp-json\/wp\/v2\/product_tag?post=31615"}],"curies":[{"name":"wp","href":"https:\/\/api.w.org\/{rel}","templated":true}]}}