{"id":31612,"date":"2025-05-20T01:16:04","date_gmt":"2025-05-20T01:16:04","guid":{"rendered":"https:\/\/gangnambeaute.com\/?post_type=product&#038;p=31612"},"modified":"2026-04-11T02:52:52","modified_gmt":"2026-04-11T02:52:52","slug":"etude-face-blur-primer","status":"publish","type":"product","link":"https:\/\/gangnambeaute.com\/fr\/product\/etude-face-blur-primer\/","title":{"rendered":"ETUDE &#8211; Face Blur Primer smoothing SPF 33 PA++ &#8211; Primer pour le visage"},"content":{"rendered":"<p>Ingr\u00e9dients<\/p>\n<p>Eau, dicaprylate\/dicaprate de butyl\u00e8ne glycol, dim\u00e9thicone, cyclopentasiloxane, m\u00e9thoxycinnamate d&rsquo;\u00e9thylhexyle, cyclohexasiloxane, butyl\u00e8ne glycol, trisiloxane, dioxyde de titane (nano), niacinamide, lauryl peg-9 polydim\u00e9thylsiloxy\u00e9thyl dim\u00e9thicone, oxyde de zinc (nano), polym\u00e8re r\u00e9ticul\u00e9 de dim\u00e9thicone\/vinyl dim\u00e9thicone, hectorite de dist\u00e9ardimonium, silice, chlorure de sodium, peg-10 dim\u00e9thicone, polym\u00e8re r\u00e9ticul\u00e9 de dim\u00e9thicone\/vinyl dim\u00e9thicone silsesquioxane, dioxyde de titane (ci 77891), 1,2-hexanediol, mica, aluminium hydroxyde, acide st\u00e9arique, polym\u00e9thacrylate de m\u00e9thyle, parfum, caprylate de glyc\u00e9ryle, \u00e9thylhexylglyc\u00e9rine, tri\u00e9thoxycaprylylsilane, edta disodique, oxydes de fer (ci 77492), ad\u00e9nosine, oxydes de fer (ci 77491), m\u00e9thicone, tocoph\u00e9rol<\/p>\n<p>Bienfaits et avatanges<\/p>\n<p>1. La base multi-maquillage offre une peau lisse et lumineuse comme si elle avait \u00e9t\u00e9 trait\u00e9e avec un flou pour le visage nu.<br \/>\n2. Peau sans pores et lisse : la poudre Baby Pixel et la poudre de couverture sont combin\u00e9es pour lisser la peau \/ uniformiser la texture de la peau \/ illuminer la peau<br \/>\n3. Base de couleur corail correctrice de teint : la poudre de peau l\u00e9g\u00e8re et a\u00e9r\u00e9e est confortable sur la peau, et la base corail avec des perles subtiles offre un look lumineux et radieux Passer \u00e0 la fin de la galerie d&rsquo;images Passer au d\u00e9but de la galerie d&rsquo;images<\/p>\n<p>Utilisation<\/p>\n<p>Apr\u00e8s le soin de la peau, pr\u00e9levez la quantit\u00e9 ad\u00e9quate et appliquez-la sur tout le visage<\/p>\n","protected":false},"excerpt":{"rendered":"<p>Ingr\u00e9dients Eau, dicaprylate\/dicaprate de butyl\u00e8ne glycol, dim\u00e9thicone, cyclopentasiloxane, m\u00e9thoxycinnamate d&rsquo;\u00e9thylhexyle, cyclohexasiloxane, butyl\u00e8ne glycol, trisiloxane, dioxyde de titane (nano), niacinamide, lauryl<\/p>\n","protected":false},"featured_media":41107,"comment_status":"open","ping_status":"closed","template":"","meta":[],"product_brand":[1052],"product_cat":[388,389,398],"product_tag":[],"class_list":{"0":"post-31612","1":"product","2":"type-product","3":"status-publish","4":"has-post-thumbnail","6":"product_brand-etude-populare","7":"product_cat-maquillage","8":"product_cat-visage","9":"product_cat-primer-pour-le-visage","11":"first","12":"outofstock","13":"sale","14":"shipping-taxable","15":"purchasable","16":"product-type-simple"},"_links":{"self":[{"href":"https:\/\/gangnambeaute.com\/fr\/wp-json\/wp\/v2\/product\/31612","targetHints":{"allow":["GET"]}}],"collection":[{"href":"https:\/\/gangnambeaute.com\/fr\/wp-json\/wp\/v2\/product"}],"about":[{"href":"https:\/\/gangnambeaute.com\/fr\/wp-json\/wp\/v2\/types\/product"}],"replies":[{"embeddable":true,"href":"https:\/\/gangnambeaute.com\/fr\/wp-json\/wp\/v2\/comments?post=31612"}],"version-history":[{"count":5,"href":"https:\/\/gangnambeaute.com\/fr\/wp-json\/wp\/v2\/product\/31612\/revisions"}],"predecessor-version":[{"id":35631,"href":"https:\/\/gangnambeaute.com\/fr\/wp-json\/wp\/v2\/product\/31612\/revisions\/35631"}],"wp:featuredmedia":[{"embeddable":true,"href":"https:\/\/gangnambeaute.com\/fr\/wp-json\/wp\/v2\/media\/41107"}],"wp:attachment":[{"href":"https:\/\/gangnambeaute.com\/fr\/wp-json\/wp\/v2\/media?parent=31612"}],"wp:term":[{"taxonomy":"product_brand","embeddable":true,"href":"https:\/\/gangnambeaute.com\/fr\/wp-json\/wp\/v2\/product_brand?post=31612"},{"taxonomy":"product_cat","embeddable":true,"href":"https:\/\/gangnambeaute.com\/fr\/wp-json\/wp\/v2\/product_cat?post=31612"},{"taxonomy":"product_tag","embeddable":true,"href":"https:\/\/gangnambeaute.com\/fr\/wp-json\/wp\/v2\/product_tag?post=31612"}],"curies":[{"name":"wp","href":"https:\/\/api.w.org\/{rel}","templated":true}]}}