{"id":30576,"date":"2025-05-11T01:38:53","date_gmt":"2025-05-11T01:38:53","guid":{"rendered":"https:\/\/darkturquoise-squirrel-824428.hostingersite.com\/product\/protein-boding-no-wash-treatment-130ml-violet-muguet\/"},"modified":"2026-04-11T02:52:51","modified_gmt":"2026-04-11T02:52:51","slug":"protein-boding-no-wash-treatment-130ml-violet-muguet","status":"publish","type":"product","link":"https:\/\/gangnambeaute.com\/fr\/product\/protein-boding-no-wash-treatment-130ml-violet-muguet\/","title":{"rendered":"KUNDAL &#8211; PROTEIN BODING NO WASH TREATMENT &#8211; VIOLET MUGUET &#8211; 130 ml"},"content":{"rendered":"<div class=\"Y3BBE\" data-sfc-cp=\"\" data-sfc-cb=\"\" data-hveid=\"CAEIARAA\" data-complete=\"true\" data-processed=\"true\"><strong>Ce soin sans rin\u00e7age sert \u00e0\u00a0r\u00e9parer les cheveux ab\u00eem\u00e9s et \u00e0 sceller les cuticules gr\u00e2ce \u00e0 une haute concentration en prot\u00e9ines et un parfum de muguet violet.<\/strong><\/div>\n","protected":false},"excerpt":{"rendered":"<div class=\"Y3BBE\" data-sfc-cp=\"\" data-sfc-cb=\"\" data-hveid=\"CAEIAhAA\" data-complete=\"true\" data-processed=\"true\"><strong>Appliquez une noisette sur vos\u00a0cheveux essor\u00e9s\u00a0(longueurs et pointes), r\u00e9partissez uniform\u00e9ment au peigne ou aux doigts, puis proc\u00e9dez au s\u00e9chage.<span class=\"uJ19be notranslate\" data-wiz-uids=\"UmZrFf_i,UmZrFf_j\" data-sfc-cb=\"\" data-complete=\"true\" data-processed=\"true\"><span class=\"vKEkVd\" data-animation-atomic=\"\" data-wiz-attrbind=\"class=UmZrFf_h\/TKHnVd\" data-sae=\"\"><span aria-hidden=\"true\">\u00a0<\/span><\/span><\/span><\/strong><\/div>\n","protected":false},"featured_media":43804,"comment_status":"open","ping_status":"closed","template":"","meta":[],"product_brand":[1051],"product_cat":[413,414,419],"product_tag":[],"class_list":{"0":"post-30576","1":"product","2":"type-product","3":"status-publish","4":"has-post-thumbnail","6":"product_brand-kundal-populare","7":"product_cat-cheveux-corps","8":"product_cat-soins-des-cheveux","9":"product_cat-traitements-capillaires","11":"first","12":"outofstock","13":"sale","14":"shipping-taxable","15":"purchasable","16":"product-type-simple"},"_links":{"self":[{"href":"https:\/\/gangnambeaute.com\/fr\/wp-json\/wp\/v2\/product\/30576","targetHints":{"allow":["GET"]}}],"collection":[{"href":"https:\/\/gangnambeaute.com\/fr\/wp-json\/wp\/v2\/product"}],"about":[{"href":"https:\/\/gangnambeaute.com\/fr\/wp-json\/wp\/v2\/types\/product"}],"replies":[{"embeddable":true,"href":"https:\/\/gangnambeaute.com\/fr\/wp-json\/wp\/v2\/comments?post=30576"}],"version-history":[{"count":8,"href":"https:\/\/gangnambeaute.com\/fr\/wp-json\/wp\/v2\/product\/30576\/revisions"}],"predecessor-version":[{"id":43805,"href":"https:\/\/gangnambeaute.com\/fr\/wp-json\/wp\/v2\/product\/30576\/revisions\/43805"}],"wp:featuredmedia":[{"embeddable":true,"href":"https:\/\/gangnambeaute.com\/fr\/wp-json\/wp\/v2\/media\/43804"}],"wp:attachment":[{"href":"https:\/\/gangnambeaute.com\/fr\/wp-json\/wp\/v2\/media?parent=30576"}],"wp:term":[{"taxonomy":"product_brand","embeddable":true,"href":"https:\/\/gangnambeaute.com\/fr\/wp-json\/wp\/v2\/product_brand?post=30576"},{"taxonomy":"product_cat","embeddable":true,"href":"https:\/\/gangnambeaute.com\/fr\/wp-json\/wp\/v2\/product_cat?post=30576"},{"taxonomy":"product_tag","embeddable":true,"href":"https:\/\/gangnambeaute.com\/fr\/wp-json\/wp\/v2\/product_tag?post=30576"}],"curies":[{"name":"wp","href":"https:\/\/api.w.org\/{rel}","templated":true}]}}