{"id":30545,"date":"2025-05-11T01:25:47","date_gmt":"2025-05-11T01:25:47","guid":{"rendered":"https:\/\/darkturquoise-squirrel-824428.hostingersite.com\/product\/skin-1004-madagascar-centella-double-cleansing-duo-set\/"},"modified":"2026-05-16T13:41:54","modified_gmt":"2026-05-16T13:41:54","slug":"skin-1004-madagascar-centella-double-cleansing-duo-set","status":"publish","type":"product","link":"https:\/\/gangnambeaute.com\/fr\/product\/skin-1004-madagascar-centella-double-cleansing-duo-set\/","title":{"rendered":"SKIN1004 &#8211; Madagascar Centella Double Cleansing Duo Set &#8211; Kits de marques officielles"},"content":{"rendered":"<div class=\"Y3BBE\" data-sfc-cp=\"\" data-hveid=\"CAEIAhAA\" data-complete=\"true\" data-processed=\"true\"><strong class=\"Yjhzub\" data-complete=\"true\" data-processed=\"true\">Ce duo de nettoyage \u00e0 la Centella Asiatica purifie la peau en deux \u00e9tapes : l&rsquo;huile l\u00e9g\u00e8re \u00e9limine le maquillage et les impuret\u00e9s, tandis que la mousse douce nettoie les pores en profondeur, enrichi en ingr\u00e9dients naturels, ce coffret apaise, hydrate et respecte les peaux les plus sensibles.<\/strong><\/div>\n","protected":false},"excerpt":{"rendered":"<p><strong class=\"Yjhzub\" data-complete=\"true\" data-processed=\"true\" aria-owns=\"action-menu-parent-container\">Matin : utilisez la mousse pour purifier la peau du s\u00e9bum nocturne et Soir : utilisez l&rsquo;huile pour dissoudre le maquillage et les impuret\u00e9s de la journ\u00e9e.<\/strong><\/p>\n","protected":false},"featured_media":42575,"comment_status":"open","ping_status":"closed","template":"","meta":[],"product_brand":[1046],"product_cat":[433,434,344,436,345,437,346,357,360,429,430,431,432],"product_tag":[585],"class_list":{"0":"post-30545","1":"product","2":"type-product","3":"status-publish","4":"has-post-thumbnail","6":"product_brand-skin-1004-populare","7":"product_cat-promotion-dete","8":"product_cat-nouveautes","9":"product_cat-skincare","10":"product_cat-kits-coffrets","11":"product_cat-demaquillants","12":"product_cat-kits-de-marques-officielles","13":"product_cat-nettoyants","14":"product_cat-huiles-nettoyantes","15":"product_cat-gels-nettoyants","16":"product_cat-soldes","17":"product_cat-promotions","18":"product_cat-offres","19":"product_cat-meilleurs-ventes","20":"product_tag-mv-home","22":"first","23":"instock","24":"sale","25":"shipping-taxable","26":"purchasable","27":"product-type-simple"},"_links":{"self":[{"href":"https:\/\/gangnambeaute.com\/fr\/wp-json\/wp\/v2\/product\/30545","targetHints":{"allow":["GET"]}}],"collection":[{"href":"https:\/\/gangnambeaute.com\/fr\/wp-json\/wp\/v2\/product"}],"about":[{"href":"https:\/\/gangnambeaute.com\/fr\/wp-json\/wp\/v2\/types\/product"}],"replies":[{"embeddable":true,"href":"https:\/\/gangnambeaute.com\/fr\/wp-json\/wp\/v2\/comments?post=30545"}],"version-history":[{"count":8,"href":"https:\/\/gangnambeaute.com\/fr\/wp-json\/wp\/v2\/product\/30545\/revisions"}],"predecessor-version":[{"id":42405,"href":"https:\/\/gangnambeaute.com\/fr\/wp-json\/wp\/v2\/product\/30545\/revisions\/42405"}],"wp:featuredmedia":[{"embeddable":true,"href":"https:\/\/gangnambeaute.com\/fr\/wp-json\/wp\/v2\/media\/42575"}],"wp:attachment":[{"href":"https:\/\/gangnambeaute.com\/fr\/wp-json\/wp\/v2\/media?parent=30545"}],"wp:term":[{"taxonomy":"product_brand","embeddable":true,"href":"https:\/\/gangnambeaute.com\/fr\/wp-json\/wp\/v2\/product_brand?post=30545"},{"taxonomy":"product_cat","embeddable":true,"href":"https:\/\/gangnambeaute.com\/fr\/wp-json\/wp\/v2\/product_cat?post=30545"},{"taxonomy":"product_tag","embeddable":true,"href":"https:\/\/gangnambeaute.com\/fr\/wp-json\/wp\/v2\/product_tag?post=30545"}],"curies":[{"name":"wp","href":"https:\/\/api.w.org\/{rel}","templated":true}]}}