{"id":30543,"date":"2025-05-11T01:25:47","date_gmt":"2025-05-11T01:25:47","guid":{"rendered":"https:\/\/darkturquoise-squirrel-824428.hostingersite.com\/product\/skin-1004-hyalu-cica-sunsational-kit\/"},"modified":"2026-04-11T02:52:49","modified_gmt":"2026-04-11T02:52:49","slug":"skin-1004-hyalu-cica-sunsational-kit","status":"publish","type":"product","link":"https:\/\/gangnambeaute.com\/fr\/product\/skin-1004-hyalu-cica-sunsational-kit\/","title":{"rendered":"SKIN1004 &#8211; Hyalu Cica Sunsational Kit &#8211; Kits de marques officielles"},"content":{"rendered":"<p><strong>Ce kit sert \u00e0\u00a0prot\u00e9ger des UV tout en hydratant intens\u00e9ment la peau gr\u00e2ce \u00e0 une routine compl\u00e8te combinant protection solaire et soins \u00e0 l&rsquo;acide hyaluronique et \u00e0 la Centella.<\/strong><\/p>\n","protected":false},"excerpt":{"rendered":"<div class=\"Y3BBE\" data-sfc-cp=\"\" data-sfc-cb=\"\" data-hveid=\"CAEIAhAA\" data-complete=\"true\" data-processed=\"true\"><strong>Appliquez successivement les soins sur votre\u00a0visage propre\u00a0le matin, en terminant toujours par l&rsquo;\u00e9cran solaire ou le stick pour une protection optimale.<span class=\"uJ19be notranslate\" data-wiz-uids=\"raC7td_j,raC7td_k\" data-sfc-cb=\"\" data-complete=\"true\" data-processed=\"true\"><span class=\"vKEkVd\" data-animation-atomic=\"\" data-wiz-attrbind=\"class=raC7td_i\/TKHnVd\" data-sae=\"\"><span aria-hidden=\"true\">\u00a0<\/span><\/span><\/span><\/strong><\/div>\n","protected":false},"featured_media":43711,"comment_status":"open","ping_status":"closed","template":"","meta":[],"product_brand":[1046],"product_cat":[344,352,376,377,436,437],"product_tag":[],"class_list":{"0":"post-30543","1":"product","2":"type-product","3":"status-publish","4":"has-post-thumbnail","6":"product_brand-skin-1004-populare","7":"product_cat-skincare","8":"product_cat-soins-solaires","9":"product_cat-ecrans","10":"product_cat-stick-solaire","11":"product_cat-kits-coffrets","12":"product_cat-kits-de-marques-officielles","14":"first","15":"outofstock","16":"sale","17":"shipping-taxable","18":"purchasable","19":"product-type-simple"},"_links":{"self":[{"href":"https:\/\/gangnambeaute.com\/fr\/wp-json\/wp\/v2\/product\/30543","targetHints":{"allow":["GET"]}}],"collection":[{"href":"https:\/\/gangnambeaute.com\/fr\/wp-json\/wp\/v2\/product"}],"about":[{"href":"https:\/\/gangnambeaute.com\/fr\/wp-json\/wp\/v2\/types\/product"}],"replies":[{"embeddable":true,"href":"https:\/\/gangnambeaute.com\/fr\/wp-json\/wp\/v2\/comments?post=30543"}],"version-history":[{"count":7,"href":"https:\/\/gangnambeaute.com\/fr\/wp-json\/wp\/v2\/product\/30543\/revisions"}],"predecessor-version":[{"id":43710,"href":"https:\/\/gangnambeaute.com\/fr\/wp-json\/wp\/v2\/product\/30543\/revisions\/43710"}],"wp:featuredmedia":[{"embeddable":true,"href":"https:\/\/gangnambeaute.com\/fr\/wp-json\/wp\/v2\/media\/43711"}],"wp:attachment":[{"href":"https:\/\/gangnambeaute.com\/fr\/wp-json\/wp\/v2\/media?parent=30543"}],"wp:term":[{"taxonomy":"product_brand","embeddable":true,"href":"https:\/\/gangnambeaute.com\/fr\/wp-json\/wp\/v2\/product_brand?post=30543"},{"taxonomy":"product_cat","embeddable":true,"href":"https:\/\/gangnambeaute.com\/fr\/wp-json\/wp\/v2\/product_cat?post=30543"},{"taxonomy":"product_tag","embeddable":true,"href":"https:\/\/gangnambeaute.com\/fr\/wp-json\/wp\/v2\/product_tag?post=30543"}],"curies":[{"name":"wp","href":"https:\/\/api.w.org\/{rel}","templated":true}]}}