{"id":30542,"date":"2025-05-11T01:25:47","date_gmt":"2025-05-11T01:25:47","guid":{"rendered":"https:\/\/darkturquoise-squirrel-824428.hostingersite.com\/product\/skin-1004-madagascar-centella-ampoule-kit\/"},"modified":"2026-04-11T02:52:48","modified_gmt":"2026-04-11T02:52:48","slug":"skin-1004-madagascar-centella-ampoule-kit","status":"publish","type":"product","link":"https:\/\/gangnambeaute.com\/fr\/product\/skin-1004-madagascar-centella-ampoule-kit\/","title":{"rendered":"SKIN1004 &#8211; Madagascar Centella Ampoule Kit &#8211; 30 ml* 4 unit\u00e9s &#8211; Kits de marques officielles"},"content":{"rendered":"<p><strong>Ce kit sert \u00e0\u00a0traiter diff\u00e9rents besoins\u00a0(apaisement, \u00e9clat, pores, barri\u00e8re cutan\u00e9e) gr\u00e2ce \u00e0 quatre versions cibl\u00e9es de l&rsquo;ampoule \u00e0 la Centella.<\/strong><\/p>\n","protected":false},"excerpt":{"rendered":"<div class=\"Y3BBE\" data-sfc-cp=\"\" data-sfc-cb=\"\" data-hveid=\"CAEIAhAA\" data-complete=\"true\" data-processed=\"true\"><strong>Appliquez quelques gouttes de l&rsquo;ampoule choisie sur votre\u00a0visage propre\u00a0et tapotez doucement avant votre cr\u00e8me hydratante.<span class=\"uJ19be notranslate\" data-wiz-uids=\"jmGAeb_j,jmGAeb_k\" data-sfc-cb=\"\" data-complete=\"true\" data-processed=\"true\"><span class=\"vKEkVd\" data-animation-atomic=\"\" data-wiz-attrbind=\"class=jmGAeb_i\/TKHnVd\" data-sae=\"\"><span aria-hidden=\"true\">\u00a0<\/span><\/span><\/span><\/strong><\/div>\n","protected":false},"featured_media":43705,"comment_status":"open","ping_status":"closed","template":"","meta":[],"product_brand":[1046],"product_cat":[344,348,369,436,437],"product_tag":[666],"class_list":{"0":"post-30542","1":"product","2":"type-product","3":"status-publish","4":"has-post-thumbnail","6":"product_brand-skin-1004-populare","7":"product_cat-skincare","8":"product_cat-soin-concentre","9":"product_cat-ampoules","10":"product_cat-kits-coffrets","11":"product_cat-kits-de-marques-officielles","12":"product_tag-coupcoeur","14":"first","15":"instock","16":"sale","17":"shipping-taxable","18":"purchasable","19":"product-type-simple"},"_links":{"self":[{"href":"https:\/\/gangnambeaute.com\/fr\/wp-json\/wp\/v2\/product\/30542","targetHints":{"allow":["GET"]}}],"collection":[{"href":"https:\/\/gangnambeaute.com\/fr\/wp-json\/wp\/v2\/product"}],"about":[{"href":"https:\/\/gangnambeaute.com\/fr\/wp-json\/wp\/v2\/types\/product"}],"replies":[{"embeddable":true,"href":"https:\/\/gangnambeaute.com\/fr\/wp-json\/wp\/v2\/comments?post=30542"}],"version-history":[{"count":9,"href":"https:\/\/gangnambeaute.com\/fr\/wp-json\/wp\/v2\/product\/30542\/revisions"}],"predecessor-version":[{"id":43706,"href":"https:\/\/gangnambeaute.com\/fr\/wp-json\/wp\/v2\/product\/30542\/revisions\/43706"}],"wp:featuredmedia":[{"embeddable":true,"href":"https:\/\/gangnambeaute.com\/fr\/wp-json\/wp\/v2\/media\/43705"}],"wp:attachment":[{"href":"https:\/\/gangnambeaute.com\/fr\/wp-json\/wp\/v2\/media?parent=30542"}],"wp:term":[{"taxonomy":"product_brand","embeddable":true,"href":"https:\/\/gangnambeaute.com\/fr\/wp-json\/wp\/v2\/product_brand?post=30542"},{"taxonomy":"product_cat","embeddable":true,"href":"https:\/\/gangnambeaute.com\/fr\/wp-json\/wp\/v2\/product_cat?post=30542"},{"taxonomy":"product_tag","embeddable":true,"href":"https:\/\/gangnambeaute.com\/fr\/wp-json\/wp\/v2\/product_tag?post=30542"}],"curies":[{"name":"wp","href":"https:\/\/api.w.org\/{rel}","templated":true}]}}