{"id":30531,"date":"2025-05-10T04:56:29","date_gmt":"2025-05-10T04:56:29","guid":{"rendered":"https:\/\/darkturquoise-squirrel-824428.hostingersite.com\/product\/cosrx-master-patch-basic-patchs-anti-boutons\/"},"modified":"2026-04-11T02:52:45","modified_gmt":"2026-04-11T02:52:45","slug":"cosrx-master-patch-basic-patchs-anti-boutons","status":"publish","type":"product","link":"https:\/\/gangnambeaute.com\/fr\/product\/cosrx-master-patch-basic-patchs-anti-boutons\/","title":{"rendered":"COSRX &#8211; Master Patch Basic &#8211; Patch pour les boutons &#8211; 36 patch"},"content":{"rendered":"<p><strong>Ces patchs servent \u00e0\u00a0absorber le s\u00e9bum et \u00e0 prot\u00e9ger les boutons des bact\u00e9ries pour acc\u00e9l\u00e9rer leur gu\u00e9rison naturelle.<\/strong><\/p>\n","protected":false},"excerpt":{"rendered":"<p><strong>Collez un patch sur le\u00a0bouton propre et sec, laissez agir plusieurs heures (ou toute la nuit) et retirez-le une fois blanchi.<\/strong><\/p>\n","protected":false},"featured_media":43506,"comment_status":"open","ping_status":"closed","template":"","meta":[],"product_brand":[1048],"product_cat":[344,356,387],"product_tag":[],"class_list":{"0":"post-30531","1":"product","2":"type-product","3":"status-publish","4":"has-post-thumbnail","6":"product_brand-cosrx-populare","7":"product_cat-skincare","8":"product_cat-patchs","9":"product_cat-patch-pour-les-boutons","11":"first","12":"outofstock","13":"sale","14":"shipping-taxable","15":"purchasable","16":"product-type-simple"},"_links":{"self":[{"href":"https:\/\/gangnambeaute.com\/fr\/wp-json\/wp\/v2\/product\/30531","targetHints":{"allow":["GET"]}}],"collection":[{"href":"https:\/\/gangnambeaute.com\/fr\/wp-json\/wp\/v2\/product"}],"about":[{"href":"https:\/\/gangnambeaute.com\/fr\/wp-json\/wp\/v2\/types\/product"}],"replies":[{"embeddable":true,"href":"https:\/\/gangnambeaute.com\/fr\/wp-json\/wp\/v2\/comments?post=30531"}],"version-history":[{"count":6,"href":"https:\/\/gangnambeaute.com\/fr\/wp-json\/wp\/v2\/product\/30531\/revisions"}],"predecessor-version":[{"id":43499,"href":"https:\/\/gangnambeaute.com\/fr\/wp-json\/wp\/v2\/product\/30531\/revisions\/43499"}],"wp:featuredmedia":[{"embeddable":true,"href":"https:\/\/gangnambeaute.com\/fr\/wp-json\/wp\/v2\/media\/43506"}],"wp:attachment":[{"href":"https:\/\/gangnambeaute.com\/fr\/wp-json\/wp\/v2\/media?parent=30531"}],"wp:term":[{"taxonomy":"product_brand","embeddable":true,"href":"https:\/\/gangnambeaute.com\/fr\/wp-json\/wp\/v2\/product_brand?post=30531"},{"taxonomy":"product_cat","embeddable":true,"href":"https:\/\/gangnambeaute.com\/fr\/wp-json\/wp\/v2\/product_cat?post=30531"},{"taxonomy":"product_tag","embeddable":true,"href":"https:\/\/gangnambeaute.com\/fr\/wp-json\/wp\/v2\/product_tag?post=30531"}],"curies":[{"name":"wp","href":"https:\/\/api.w.org\/{rel}","templated":true}]}}