{"id":30525,"date":"2025-05-10T04:56:29","date_gmt":"2025-05-10T04:56:29","guid":{"rendered":"https:\/\/darkturquoise-squirrel-824428.hostingersite.com\/product\/cosrx-advanced-snail-mucin-glass-glow-hydrogel-face-masks-skincare-3-ea\/"},"modified":"2026-05-03T13:35:16","modified_gmt":"2026-05-03T13:35:16","slug":"cosrx-advanced-snail-mucin-glass-glow-hydrogel-face-masks-skincare-3-ea","status":"publish","type":"product","link":"https:\/\/gangnambeaute.com\/fr\/product\/cosrx-advanced-snail-mucin-glass-glow-hydrogel-face-masks-skincare-3-ea\/","title":{"rendered":"COSRX &#8211; Advanced Snail Mucin Glass Glow Hydrogel Face Masks &#8211; Masque en feuille &#8211; 34g* 3 unit\u00e9s"},"content":{"rendered":"<p><strong>Ce lot de masques sert \u00e0 hydrater intens\u00e9ment et \u00e0 donner un \u00e9clat \u00ab\u00a0peau de verre\u00a0\u00bb imm\u00e9diat gr\u00e2ce \u00e0 la bave d&rsquo;escargot.<\/strong><\/p>\n","protected":false},"excerpt":{"rendered":"<div class=\"Y3BBE\" data-sfc-cp=\"\" data-sfc-cb=\"\" data-hveid=\"CAEIAhAA\" data-complete=\"true\" data-processed=\"true\">\n<div class=\"Y3BBE\" data-sfc-cp=\"\" data-sfc-cb=\"\" data-hveid=\"CAEIAhAA\" data-complete=\"true\" data-processed=\"true\"><strong>Appliquez le masque sur votre\u00a0visage propre, laissez agir 20 minutes, puis massez l&rsquo;exc\u00e9dent de s\u00e9rum.<span class=\"uJ19be notranslate\" data-wiz-uids=\"QtPSf_j,QtPSf_k\" data-sfc-cb=\"\" data-complete=\"true\" data-processed=\"true\"><span class=\"vKEkVd\" data-animation-atomic=\"\" data-wiz-attrbind=\"class=QtPSf_i\/TKHnVd\" data-sae=\"\"><span aria-hidden=\"true\">\u00a0<\/span><\/span><\/span><\/strong><\/div>\n<\/div>\n","protected":false},"featured_media":42890,"comment_status":"open","ping_status":"closed","template":"","meta":[],"product_brand":[1048],"product_cat":[344,355,384],"product_tag":[666],"class_list":{"0":"post-30525","1":"product","2":"type-product","3":"status-publish","4":"has-post-thumbnail","6":"product_brand-cosrx-populare","7":"product_cat-skincare","8":"product_cat-masques","9":"product_cat-masques-en-feuille","10":"product_tag-coupcoeur","12":"first","13":"instock","14":"sale","15":"shipping-taxable","16":"purchasable","17":"product-type-simple"},"_links":{"self":[{"href":"https:\/\/gangnambeaute.com\/fr\/wp-json\/wp\/v2\/product\/30525","targetHints":{"allow":["GET"]}}],"collection":[{"href":"https:\/\/gangnambeaute.com\/fr\/wp-json\/wp\/v2\/product"}],"about":[{"href":"https:\/\/gangnambeaute.com\/fr\/wp-json\/wp\/v2\/types\/product"}],"replies":[{"embeddable":true,"href":"https:\/\/gangnambeaute.com\/fr\/wp-json\/wp\/v2\/comments?post=30525"}],"version-history":[{"count":7,"href":"https:\/\/gangnambeaute.com\/fr\/wp-json\/wp\/v2\/product\/30525\/revisions"}],"predecessor-version":[{"id":43487,"href":"https:\/\/gangnambeaute.com\/fr\/wp-json\/wp\/v2\/product\/30525\/revisions\/43487"}],"wp:featuredmedia":[{"embeddable":true,"href":"https:\/\/gangnambeaute.com\/fr\/wp-json\/wp\/v2\/media\/42890"}],"wp:attachment":[{"href":"https:\/\/gangnambeaute.com\/fr\/wp-json\/wp\/v2\/media?parent=30525"}],"wp:term":[{"taxonomy":"product_brand","embeddable":true,"href":"https:\/\/gangnambeaute.com\/fr\/wp-json\/wp\/v2\/product_brand?post=30525"},{"taxonomy":"product_cat","embeddable":true,"href":"https:\/\/gangnambeaute.com\/fr\/wp-json\/wp\/v2\/product_cat?post=30525"},{"taxonomy":"product_tag","embeddable":true,"href":"https:\/\/gangnambeaute.com\/fr\/wp-json\/wp\/v2\/product_tag?post=30525"}],"curies":[{"name":"wp","href":"https:\/\/api.w.org\/{rel}","templated":true}]}}