{"id":30516,"date":"2025-05-10T04:56:28","date_gmt":"2025-05-10T04:56:28","guid":{"rendered":"https:\/\/darkturquoise-squirrel-824428.hostingersite.com\/product\/cosrx-refresh-aha-bha-vitamin-c-lip-plumper-soin-repulpant-pour-les-levres\/"},"modified":"2026-04-11T02:52:42","modified_gmt":"2026-04-11T02:52:42","slug":"cosrx-refresh-aha-bha-vitamin-c-lip-plumper-soin-repulpant-pour-les-levres","status":"publish","type":"product","link":"https:\/\/gangnambeaute.com\/fr\/product\/cosrx-refresh-aha-bha-vitamin-c-lip-plumper-soin-repulpant-pour-les-levres\/","title":{"rendered":"COSRX &#8211; Refresh AHA BHA Vitamin C Lip Plumper &#8211; Soin repulpant pour les l\u00e8vres &#8211; 20g"},"content":{"rendered":"<p><strong>Ce soin sert \u00e0\u00a0repulper les l\u00e8vres et \u00e0 \u00e9liminer les peaux mortes gr\u00e2ce \u00e0 l&rsquo;AHA, au BHA et \u00e0 la vitamine C.<\/strong><\/p>\n","protected":false},"excerpt":{"rendered":"<div class=\"Y3BBE\" data-sfc-cp=\"\" data-sfc-cb=\"\" data-hveid=\"CAEIAhAA\" data-complete=\"true\" data-processed=\"true\"><strong>Appliquez une couche g\u00e9n\u00e9reuse sur vos\u00a0l\u00e8vres propres\u00a0et laissez agir pour un effet lissant et volumateur.<span class=\"uJ19be notranslate\" data-wiz-uids=\"AelHOb_j,AelHOb_k\" data-sfc-cb=\"\" data-complete=\"true\" data-processed=\"true\"><span class=\"vKEkVd\" data-animation-atomic=\"\" data-wiz-attrbind=\"class=AelHOb_i\/TKHnVd\" data-sae=\"\"><span aria-hidden=\"true\">\u00a0<\/span><\/span><\/span><\/strong><\/div>\n","protected":false},"featured_media":43523,"comment_status":"open","ping_status":"closed","template":"","meta":[],"product_brand":[1048],"product_cat":[344,354,383],"product_tag":[],"class_list":{"0":"post-30516","1":"product","2":"type-product","3":"status-publish","4":"has-post-thumbnail","6":"product_brand-cosrx-populare","7":"product_cat-skincare","8":"product_cat-soins-des-levres","9":"product_cat-masque-de-nuit","11":"first","12":"outofstock","13":"sale","14":"shipping-taxable","15":"purchasable","16":"product-type-simple"},"_links":{"self":[{"href":"https:\/\/gangnambeaute.com\/fr\/wp-json\/wp\/v2\/product\/30516","targetHints":{"allow":["GET"]}}],"collection":[{"href":"https:\/\/gangnambeaute.com\/fr\/wp-json\/wp\/v2\/product"}],"about":[{"href":"https:\/\/gangnambeaute.com\/fr\/wp-json\/wp\/v2\/types\/product"}],"replies":[{"embeddable":true,"href":"https:\/\/gangnambeaute.com\/fr\/wp-json\/wp\/v2\/comments?post=30516"}],"version-history":[{"count":5,"href":"https:\/\/gangnambeaute.com\/fr\/wp-json\/wp\/v2\/product\/30516\/revisions"}],"predecessor-version":[{"id":43521,"href":"https:\/\/gangnambeaute.com\/fr\/wp-json\/wp\/v2\/product\/30516\/revisions\/43521"}],"wp:featuredmedia":[{"embeddable":true,"href":"https:\/\/gangnambeaute.com\/fr\/wp-json\/wp\/v2\/media\/43523"}],"wp:attachment":[{"href":"https:\/\/gangnambeaute.com\/fr\/wp-json\/wp\/v2\/media?parent=30516"}],"wp:term":[{"taxonomy":"product_brand","embeddable":true,"href":"https:\/\/gangnambeaute.com\/fr\/wp-json\/wp\/v2\/product_brand?post=30516"},{"taxonomy":"product_cat","embeddable":true,"href":"https:\/\/gangnambeaute.com\/fr\/wp-json\/wp\/v2\/product_cat?post=30516"},{"taxonomy":"product_tag","embeddable":true,"href":"https:\/\/gangnambeaute.com\/fr\/wp-json\/wp\/v2\/product_tag?post=30516"}],"curies":[{"name":"wp","href":"https:\/\/api.w.org\/{rel}","templated":true}]}}