{"id":30512,"date":"2025-05-10T04:56:28","date_gmt":"2025-05-10T04:56:28","guid":{"rendered":"https:\/\/darkturquoise-squirrel-824428.hostingersite.com\/product\/cosrx-advanced-snail-peptide-eye-cream-creme-contour-des-yeux\/"},"modified":"2026-04-11T02:52:41","modified_gmt":"2026-04-11T02:52:41","slug":"cosrx-advanced-snail-peptide-eye-cream-creme-contour-des-yeux","status":"publish","type":"product","link":"https:\/\/gangnambeaute.com\/fr\/product\/cosrx-advanced-snail-peptide-eye-cream-creme-contour-des-yeux\/","title":{"rendered":"COSRX &#8211; Advanced Snail Peptide Eye Cream &#8211; Cr\u00e8me contour des yeux &#8211; 25ml"},"content":{"rendered":"<p><strong>Cette cr\u00e8me sert \u00e0\u00a0r\u00e9duire les cernes et \u00e0 lisser les ridules du regard gr\u00e2ce \u00e0 la bave d&rsquo;escargot et aux peptides.<\/strong><\/p>\n","protected":false},"excerpt":{"rendered":"<p><strong>Appliquez une noisette sur le\u00a0contour des yeux propre et tapotez d\u00e9licatement avec l&rsquo;annulaire jusqu&rsquo;\u00e0 absorption.<\/strong><\/p>\n","protected":false},"featured_media":43511,"comment_status":"open","ping_status":"closed","template":"","meta":[],"product_brand":[1048],"product_cat":[344,353,379],"product_tag":[666],"class_list":{"0":"post-30512","1":"product","2":"type-product","3":"status-publish","4":"has-post-thumbnail","6":"product_brand-cosrx-populare","7":"product_cat-skincare","8":"product_cat-soins-des-yeux","9":"product_cat-creme-contour-des-yeux","10":"product_tag-coupcoeur","12":"first","13":"instock","14":"sale","15":"shipping-taxable","16":"purchasable","17":"product-type-simple"},"_links":{"self":[{"href":"https:\/\/gangnambeaute.com\/fr\/wp-json\/wp\/v2\/product\/30512","targetHints":{"allow":["GET"]}}],"collection":[{"href":"https:\/\/gangnambeaute.com\/fr\/wp-json\/wp\/v2\/product"}],"about":[{"href":"https:\/\/gangnambeaute.com\/fr\/wp-json\/wp\/v2\/types\/product"}],"replies":[{"embeddable":true,"href":"https:\/\/gangnambeaute.com\/fr\/wp-json\/wp\/v2\/comments?post=30512"}],"version-history":[{"count":5,"href":"https:\/\/gangnambeaute.com\/fr\/wp-json\/wp\/v2\/product\/30512\/revisions"}],"predecessor-version":[{"id":43512,"href":"https:\/\/gangnambeaute.com\/fr\/wp-json\/wp\/v2\/product\/30512\/revisions\/43512"}],"wp:featuredmedia":[{"embeddable":true,"href":"https:\/\/gangnambeaute.com\/fr\/wp-json\/wp\/v2\/media\/43511"}],"wp:attachment":[{"href":"https:\/\/gangnambeaute.com\/fr\/wp-json\/wp\/v2\/media?parent=30512"}],"wp:term":[{"taxonomy":"product_brand","embeddable":true,"href":"https:\/\/gangnambeaute.com\/fr\/wp-json\/wp\/v2\/product_brand?post=30512"},{"taxonomy":"product_cat","embeddable":true,"href":"https:\/\/gangnambeaute.com\/fr\/wp-json\/wp\/v2\/product_cat?post=30512"},{"taxonomy":"product_tag","embeddable":true,"href":"https:\/\/gangnambeaute.com\/fr\/wp-json\/wp\/v2\/product_tag?post=30512"}],"curies":[{"name":"wp","href":"https:\/\/api.w.org\/{rel}","templated":true}]}}