{"id":30486,"date":"2025-05-10T04:56:26","date_gmt":"2025-05-10T04:56:26","guid":{"rendered":"https:\/\/darkturquoise-squirrel-824428.hostingersite.com\/product\/skin-1004-madagascar-centella-soothing-cream-creme-hydratante-3\/"},"modified":"2026-04-11T02:52:33","modified_gmt":"2026-04-11T02:52:33","slug":"skin-1004-madagascar-centella-soothing-cream-creme-hydratante-3","status":"publish","type":"product","link":"https:\/\/gangnambeaute.com\/fr\/product\/skin-1004-madagascar-centella-soothing-cream-creme-hydratante-3\/","title":{"rendered":"SKIN1004 &#8211; Madagascar Centella Soothing Cream &#8211; Cr\u00e8me &#8211; 75ml"},"content":{"rendered":"<p><strong>Cette cr\u00e8me sert \u00e0\u00a0apaiser instantan\u00e9ment les peaux sensibles et \u00e0 renforcer la barri\u00e8re cutan\u00e9e gr\u00e2ce \u00e0 72 % d&rsquo;extrait de Centella Asiatica.<\/strong><\/p>\n","protected":false},"excerpt":{"rendered":"<p>&nbsp;<\/p>\n<div class=\"Y3BBE\" data-sfc-cp=\"\" data-sfc-cb=\"\" data-hveid=\"CAEIAhAA\" data-complete=\"true\" data-processed=\"true\"><strong>Appliquez une noisette sur votre\u00a0visage propre\u00a0et massez d\u00e9licatement jusqu&rsquo;\u00e0 absorption compl\u00e8te, matin et soir.<span class=\"uJ19be notranslate\" data-wiz-uids=\"YcYSHb_j,YcYSHb_k\" data-sfc-cb=\"\" data-complete=\"true\" data-processed=\"true\"><span class=\"vKEkVd\" data-animation-atomic=\"\" data-wiz-attrbind=\"class=YcYSHb_i\/TKHnVd\" data-sae=\"\"><span aria-hidden=\"true\">\u00a0<\/span><\/span><\/span><\/strong><\/div>\n","protected":false},"featured_media":43730,"comment_status":"open","ping_status":"closed","template":"","meta":[],"product_brand":[1046],"product_cat":[344,348,370,429,431,434],"product_tag":[],"class_list":{"0":"post-30486","1":"product","2":"type-product","3":"status-publish","4":"has-post-thumbnail","6":"product_brand-skin-1004-populare","7":"product_cat-skincare","8":"product_cat-soin-concentre","9":"product_cat-cremes","10":"product_cat-soldes","11":"product_cat-offres","12":"product_cat-nouveautes","14":"first","15":"outofstock","16":"sale","17":"shipping-taxable","18":"purchasable","19":"product-type-simple"},"_links":{"self":[{"href":"https:\/\/gangnambeaute.com\/fr\/wp-json\/wp\/v2\/product\/30486","targetHints":{"allow":["GET"]}}],"collection":[{"href":"https:\/\/gangnambeaute.com\/fr\/wp-json\/wp\/v2\/product"}],"about":[{"href":"https:\/\/gangnambeaute.com\/fr\/wp-json\/wp\/v2\/types\/product"}],"replies":[{"embeddable":true,"href":"https:\/\/gangnambeaute.com\/fr\/wp-json\/wp\/v2\/comments?post=30486"}],"version-history":[{"count":7,"href":"https:\/\/gangnambeaute.com\/fr\/wp-json\/wp\/v2\/product\/30486\/revisions"}],"predecessor-version":[{"id":43731,"href":"https:\/\/gangnambeaute.com\/fr\/wp-json\/wp\/v2\/product\/30486\/revisions\/43731"}],"wp:featuredmedia":[{"embeddable":true,"href":"https:\/\/gangnambeaute.com\/fr\/wp-json\/wp\/v2\/media\/43730"}],"wp:attachment":[{"href":"https:\/\/gangnambeaute.com\/fr\/wp-json\/wp\/v2\/media?parent=30486"}],"wp:term":[{"taxonomy":"product_brand","embeddable":true,"href":"https:\/\/gangnambeaute.com\/fr\/wp-json\/wp\/v2\/product_brand?post=30486"},{"taxonomy":"product_cat","embeddable":true,"href":"https:\/\/gangnambeaute.com\/fr\/wp-json\/wp\/v2\/product_cat?post=30486"},{"taxonomy":"product_tag","embeddable":true,"href":"https:\/\/gangnambeaute.com\/fr\/wp-json\/wp\/v2\/product_tag?post=30486"}],"curies":[{"name":"wp","href":"https:\/\/api.w.org\/{rel}","templated":true}]}}