{"id":30482,"date":"2025-05-10T04:56:26","date_gmt":"2025-05-10T04:56:26","guid":{"rendered":"https:\/\/darkturquoise-squirrel-824428.hostingersite.com\/product\/beauty-of-joseon-red-bean-water-gel-gel-hydratant\/"},"modified":"2026-04-11T02:52:32","modified_gmt":"2026-04-11T02:52:32","slug":"beauty-of-joseon-red-bean-water-gel-gel-hydratant","status":"publish","type":"product","link":"https:\/\/gangnambeaute.com\/fr\/product\/beauty-of-joseon-red-bean-water-gel-gel-hydratant\/","title":{"rendered":"Beauty of Joseon &#8211; Red Bean Water Gel &#8211; Gel Hydratant &#8211; 100 ml"},"content":{"rendered":"<p><strong>Ce gel l\u00e9ger aux haricots rouges et peptides hydrate intens\u00e9ment tout en r\u00e9gulant l&rsquo;exc\u00e8s de s\u00e9bum pour un fini frais et mat.<\/strong><\/p>\n","protected":false},"excerpt":{"rendered":"<p><strong>Appliquez une noisette sur votre\u00a0visage propre\u00a0matin et soir en massant d\u00e9licatement jusqu&rsquo;\u00e0 absorption.<\/strong><\/p>\n","protected":false},"featured_media":43048,"comment_status":"open","ping_status":"closed","template":"","meta":[],"product_brand":[1063],"product_cat":[344,348,370],"product_tag":[],"class_list":{"0":"post-30482","1":"product","2":"type-product","3":"status-publish","4":"has-post-thumbnail","6":"product_brand-beauty-of-joseon","7":"product_cat-skincare","8":"product_cat-soin-concentre","9":"product_cat-cremes","11":"first","12":"outofstock","13":"sale","14":"shipping-taxable","15":"purchasable","16":"product-type-simple"},"_links":{"self":[{"href":"https:\/\/gangnambeaute.com\/fr\/wp-json\/wp\/v2\/product\/30482","targetHints":{"allow":["GET"]}}],"collection":[{"href":"https:\/\/gangnambeaute.com\/fr\/wp-json\/wp\/v2\/product"}],"about":[{"href":"https:\/\/gangnambeaute.com\/fr\/wp-json\/wp\/v2\/types\/product"}],"replies":[{"embeddable":true,"href":"https:\/\/gangnambeaute.com\/fr\/wp-json\/wp\/v2\/comments?post=30482"}],"version-history":[{"count":5,"href":"https:\/\/gangnambeaute.com\/fr\/wp-json\/wp\/v2\/product\/30482\/revisions"}],"predecessor-version":[{"id":43049,"href":"https:\/\/gangnambeaute.com\/fr\/wp-json\/wp\/v2\/product\/30482\/revisions\/43049"}],"wp:featuredmedia":[{"embeddable":true,"href":"https:\/\/gangnambeaute.com\/fr\/wp-json\/wp\/v2\/media\/43048"}],"wp:attachment":[{"href":"https:\/\/gangnambeaute.com\/fr\/wp-json\/wp\/v2\/media?parent=30482"}],"wp:term":[{"taxonomy":"product_brand","embeddable":true,"href":"https:\/\/gangnambeaute.com\/fr\/wp-json\/wp\/v2\/product_brand?post=30482"},{"taxonomy":"product_cat","embeddable":true,"href":"https:\/\/gangnambeaute.com\/fr\/wp-json\/wp\/v2\/product_cat?post=30482"},{"taxonomy":"product_tag","embeddable":true,"href":"https:\/\/gangnambeaute.com\/fr\/wp-json\/wp\/v2\/product_tag?post=30482"}],"curies":[{"name":"wp","href":"https:\/\/api.w.org\/{rel}","templated":true}]}}