{"id":30472,"date":"2025-05-10T04:56:24","date_gmt":"2025-05-10T04:56:24","guid":{"rendered":"https:\/\/darkturquoise-squirrel-824428.hostingersite.com\/product\/skin-1004-madagascar-centella-ampoule-serum-3\/"},"modified":"2026-05-16T18:59:58","modified_gmt":"2026-05-16T18:59:58","slug":"skin-1004-madagascar-centella-ampoule-serum-3","status":"publish","type":"product","link":"https:\/\/gangnambeaute.com\/fr\/product\/skin-1004-madagascar-centella-ampoule-serum-3\/","title":{"rendered":"SKIN1004 &#8211; Madagascar Centella Ampoule &#8211; Ampoule &#8211; 100ml"},"content":{"rendered":"<p><strong>Cette ampoule sert \u00e0\u00a0apaiser intens\u00e9ment et \u00e0 r\u00e9parer la barri\u00e8re cutan\u00e9e gr\u00e2ce \u00e0 100 % d&rsquo;extrait de Centella Asiatica de Madagascar.<\/strong><\/p>\n","protected":false},"excerpt":{"rendered":"<div class=\"Y3BBE\" data-sfc-cp=\"\" data-sfc-cb=\"\" data-hveid=\"CAEIAhAA\" data-complete=\"true\" data-processed=\"true\"><strong>Appliquez quelques gouttes sur votre\u00a0visage propre\u00a0et tapotez doucement jusqu&rsquo;\u00e0 absorption compl\u00e8te avant votre cr\u00e8me.<span class=\"uJ19be notranslate\" data-wiz-uids=\"d86GCd_j,d86GCd_k\" data-sfc-cb=\"\" data-complete=\"true\" data-processed=\"true\"><span class=\"vKEkVd\" data-animation-atomic=\"\" data-wiz-attrbind=\"class=d86GCd_i\/TKHnVd\" data-sae=\"\"><span aria-hidden=\"true\">\u00a0<\/span><\/span><\/span><\/strong><\/div>\n","protected":false},"featured_media":43733,"comment_status":"open","ping_status":"closed","template":"","meta":[],"product_brand":[1046],"product_cat":[344,348,369],"product_tag":[],"class_list":{"0":"post-30472","1":"product","2":"type-product","3":"status-publish","4":"has-post-thumbnail","6":"product_brand-skin-1004-populare","7":"product_cat-skincare","8":"product_cat-soin-concentre","9":"product_cat-ampoules","11":"first","12":"instock","13":"sale","14":"shipping-taxable","15":"purchasable","16":"product-type-simple"},"_links":{"self":[{"href":"https:\/\/gangnambeaute.com\/fr\/wp-json\/wp\/v2\/product\/30472","targetHints":{"allow":["GET"]}}],"collection":[{"href":"https:\/\/gangnambeaute.com\/fr\/wp-json\/wp\/v2\/product"}],"about":[{"href":"https:\/\/gangnambeaute.com\/fr\/wp-json\/wp\/v2\/types\/product"}],"replies":[{"embeddable":true,"href":"https:\/\/gangnambeaute.com\/fr\/wp-json\/wp\/v2\/comments?post=30472"}],"version-history":[{"count":7,"href":"https:\/\/gangnambeaute.com\/fr\/wp-json\/wp\/v2\/product\/30472\/revisions"}],"predecessor-version":[{"id":43734,"href":"https:\/\/gangnambeaute.com\/fr\/wp-json\/wp\/v2\/product\/30472\/revisions\/43734"}],"wp:featuredmedia":[{"embeddable":true,"href":"https:\/\/gangnambeaute.com\/fr\/wp-json\/wp\/v2\/media\/43733"}],"wp:attachment":[{"href":"https:\/\/gangnambeaute.com\/fr\/wp-json\/wp\/v2\/media?parent=30472"}],"wp:term":[{"taxonomy":"product_brand","embeddable":true,"href":"https:\/\/gangnambeaute.com\/fr\/wp-json\/wp\/v2\/product_brand?post=30472"},{"taxonomy":"product_cat","embeddable":true,"href":"https:\/\/gangnambeaute.com\/fr\/wp-json\/wp\/v2\/product_cat?post=30472"},{"taxonomy":"product_tag","embeddable":true,"href":"https:\/\/gangnambeaute.com\/fr\/wp-json\/wp\/v2\/product_tag?post=30472"}],"curies":[{"name":"wp","href":"https:\/\/api.w.org\/{rel}","templated":true}]}}