{"id":30460,"date":"2025-05-10T04:56:24","date_gmt":"2025-05-10T04:56:24","guid":{"rendered":"https:\/\/darkturquoise-squirrel-824428.hostingersite.com\/product\/cosrx-the-6-peptide-skin-booster-serum\/"},"modified":"2026-05-03T13:34:11","modified_gmt":"2026-05-03T13:34:11","slug":"cosrx-the-6-peptide-skin-booster-serum","status":"publish","type":"product","link":"https:\/\/gangnambeaute.com\/fr\/product\/cosrx-the-6-peptide-skin-booster-serum\/","title":{"rendered":"COSRX &#8211; The 6 Peptide Skin Booster &#8211; S\u00e9rum &#8211; 150ml"},"content":{"rendered":"<p><strong>Ce s\u00e9rum sert \u00e0\u00a0booster l&rsquo;efficacit\u00e9 des soins suivants et \u00e0 am\u00e9liorer la texture, le grain de peau et l&rsquo;\u00e9lasticit\u00e9 gr\u00e2ce \u00e0 six types de peptides.<\/strong><\/p>\n","protected":false},"excerpt":{"rendered":"<p><strong>Appliquez une \u00e0 deux pressions sur votre\u00a0visage propre comme premi\u00e8re \u00e9tape de votre routine, juste avant vos autres s\u00e9rums.<\/strong><\/p>\n","protected":false},"featured_media":43583,"comment_status":"open","ping_status":"closed","template":"","meta":[],"product_brand":[1048],"product_cat":[344,348,368,434],"product_tag":[586],"class_list":{"0":"post-30460","1":"product","2":"type-product","3":"status-publish","4":"has-post-thumbnail","6":"product_brand-cosrx-populare","7":"product_cat-skincare","8":"product_cat-soin-concentre","9":"product_cat-serums","10":"product_cat-nouveautes","11":"product_tag-ligne-rx","13":"first","14":"instock","15":"sale","16":"shipping-taxable","17":"purchasable","18":"product-type-simple"},"_links":{"self":[{"href":"https:\/\/gangnambeaute.com\/fr\/wp-json\/wp\/v2\/product\/30460","targetHints":{"allow":["GET"]}}],"collection":[{"href":"https:\/\/gangnambeaute.com\/fr\/wp-json\/wp\/v2\/product"}],"about":[{"href":"https:\/\/gangnambeaute.com\/fr\/wp-json\/wp\/v2\/types\/product"}],"replies":[{"embeddable":true,"href":"https:\/\/gangnambeaute.com\/fr\/wp-json\/wp\/v2\/comments?post=30460"}],"version-history":[{"count":5,"href":"https:\/\/gangnambeaute.com\/fr\/wp-json\/wp\/v2\/product\/30460\/revisions"}],"predecessor-version":[{"id":43585,"href":"https:\/\/gangnambeaute.com\/fr\/wp-json\/wp\/v2\/product\/30460\/revisions\/43585"}],"wp:featuredmedia":[{"embeddable":true,"href":"https:\/\/gangnambeaute.com\/fr\/wp-json\/wp\/v2\/media\/43583"}],"wp:attachment":[{"href":"https:\/\/gangnambeaute.com\/fr\/wp-json\/wp\/v2\/media?parent=30460"}],"wp:term":[{"taxonomy":"product_brand","embeddable":true,"href":"https:\/\/gangnambeaute.com\/fr\/wp-json\/wp\/v2\/product_brand?post=30460"},{"taxonomy":"product_cat","embeddable":true,"href":"https:\/\/gangnambeaute.com\/fr\/wp-json\/wp\/v2\/product_cat?post=30460"},{"taxonomy":"product_tag","embeddable":true,"href":"https:\/\/gangnambeaute.com\/fr\/wp-json\/wp\/v2\/product_tag?post=30460"}],"curies":[{"name":"wp","href":"https:\/\/api.w.org\/{rel}","templated":true}]}}