{"id":30456,"date":"2025-05-10T04:56:23","date_gmt":"2025-05-10T04:56:23","guid":{"rendered":"https:\/\/darkturquoise-squirrel-824428.hostingersite.com\/product\/cosrx-hyaluronic-acid-hydra-power-essence\/"},"modified":"2026-04-11T02:52:25","modified_gmt":"2026-04-11T02:52:25","slug":"cosrx-hyaluronic-acid-hydra-power-essence","status":"publish","type":"product","link":"https:\/\/gangnambeaute.com\/fr\/product\/cosrx-hyaluronic-acid-hydra-power-essence\/","title":{"rendered":"COSRX &#8211; Hyaluronic Acid Hydra Power Essence &#8211; 100 ml"},"content":{"rendered":"<p><strong>Cette essence sert \u00e0\u00a0hydrater intens\u00e9ment et \u00e0 adoucir les peaux tr\u00e8s d\u00e9shydrat\u00e9es gr\u00e2ce \u00e0 une haute concentration en acide hyaluronique.<\/strong><\/p>\n","protected":false},"excerpt":{"rendered":"<p><strong>Appliquez une ou deux pressions sur votre\u00a0visage propre\u00a0et tapotez doucement jusqu&rsquo;\u00e0 absorption compl\u00e8te avant votre cr\u00e8me.<\/strong><\/p>\n","protected":false},"featured_media":43611,"comment_status":"open","ping_status":"closed","template":"","meta":[],"product_brand":[1048],"product_cat":[344,348,367,435],"product_tag":[],"class_list":{"0":"post-30456","1":"product","2":"type-product","3":"status-publish","4":"has-post-thumbnail","6":"product_brand-cosrx-populare","7":"product_cat-skincare","8":"product_cat-soin-concentre","9":"product_cat-essences","10":"product_cat-retour-en-stock","12":"first","13":"instock","14":"sale","15":"shipping-taxable","16":"purchasable","17":"product-type-simple"},"_links":{"self":[{"href":"https:\/\/gangnambeaute.com\/fr\/wp-json\/wp\/v2\/product\/30456","targetHints":{"allow":["GET"]}}],"collection":[{"href":"https:\/\/gangnambeaute.com\/fr\/wp-json\/wp\/v2\/product"}],"about":[{"href":"https:\/\/gangnambeaute.com\/fr\/wp-json\/wp\/v2\/types\/product"}],"replies":[{"embeddable":true,"href":"https:\/\/gangnambeaute.com\/fr\/wp-json\/wp\/v2\/comments?post=30456"}],"version-history":[{"count":6,"href":"https:\/\/gangnambeaute.com\/fr\/wp-json\/wp\/v2\/product\/30456\/revisions"}],"predecessor-version":[{"id":43610,"href":"https:\/\/gangnambeaute.com\/fr\/wp-json\/wp\/v2\/product\/30456\/revisions\/43610"}],"wp:featuredmedia":[{"embeddable":true,"href":"https:\/\/gangnambeaute.com\/fr\/wp-json\/wp\/v2\/media\/43611"}],"wp:attachment":[{"href":"https:\/\/gangnambeaute.com\/fr\/wp-json\/wp\/v2\/media?parent=30456"}],"wp:term":[{"taxonomy":"product_brand","embeddable":true,"href":"https:\/\/gangnambeaute.com\/fr\/wp-json\/wp\/v2\/product_brand?post=30456"},{"taxonomy":"product_cat","embeddable":true,"href":"https:\/\/gangnambeaute.com\/fr\/wp-json\/wp\/v2\/product_cat?post=30456"},{"taxonomy":"product_tag","embeddable":true,"href":"https:\/\/gangnambeaute.com\/fr\/wp-json\/wp\/v2\/product_tag?post=30456"}],"curies":[{"name":"wp","href":"https:\/\/api.w.org\/{rel}","templated":true}]}}