{"id":30455,"date":"2025-05-10T04:56:23","date_gmt":"2025-05-10T04:56:23","guid":{"rendered":"https:\/\/darkturquoise-squirrel-824428.hostingersite.com\/product\/cosrx-essence-a-la-mucine-descargot-advanced-snail-96-mucin-power\/"},"modified":"2026-04-18T09:45:01","modified_gmt":"2026-04-18T09:45:01","slug":"cosrx-essence-a-la-mucine-descargot-advanced-snail-96-mucin-power","status":"publish","type":"product","link":"https:\/\/gangnambeaute.com\/fr\/product\/cosrx-essence-a-la-mucine-descargot-advanced-snail-96-mucin-power\/","title":{"rendered":"COSRX &#8211; Advanced Snail 96 Mucin Power Essence &#8211; 100 ml"},"content":{"rendered":"<p><strong>Cette essence sert \u00e0\u00a0r\u00e9parer la peau et \u00e0 l&rsquo;hydrater intens\u00e9ment gr\u00e2ce \u00e0 96 % de bave d&rsquo;escargot filtr\u00e9e.<\/strong><\/p>\n","protected":false},"excerpt":{"rendered":"<div class=\"Y3BBE\" data-sfc-cp=\"\" data-sfc-cb=\"\" data-hveid=\"CAEIAhAA\" data-complete=\"true\" data-processed=\"true\"><strong>Appliquez une ou deux pressions sur votre\u00a0visage propre\u00a0et tapotez doucement jusqu&rsquo;\u00e0 absorption compl\u00e8te avant votre cr\u00e8me.<span class=\"uJ19be notranslate\" data-wiz-uids=\"pKGZb_j,pKGZb_k\" data-sfc-cb=\"\" data-complete=\"true\" data-processed=\"true\"><span class=\"vKEkVd\" data-animation-atomic=\"\" data-wiz-attrbind=\"class=pKGZb_i\/TKHnVd\" data-sae=\"\"><span aria-hidden=\"true\">\u00a0<\/span><\/span><\/span><\/strong><\/div>\n","protected":false},"featured_media":43606,"comment_status":"open","ping_status":"closed","template":"","meta":[],"product_brand":[1048],"product_cat":[344,348,367,432],"product_tag":[],"class_list":{"0":"post-30455","1":"product","2":"type-product","3":"status-publish","4":"has-post-thumbnail","6":"product_brand-cosrx-populare","7":"product_cat-skincare","8":"product_cat-soin-concentre","9":"product_cat-essences","10":"product_cat-meilleurs-ventes","12":"first","13":"instock","14":"sale","15":"shipping-taxable","16":"purchasable","17":"product-type-simple"},"_links":{"self":[{"href":"https:\/\/gangnambeaute.com\/fr\/wp-json\/wp\/v2\/product\/30455","targetHints":{"allow":["GET"]}}],"collection":[{"href":"https:\/\/gangnambeaute.com\/fr\/wp-json\/wp\/v2\/product"}],"about":[{"href":"https:\/\/gangnambeaute.com\/fr\/wp-json\/wp\/v2\/types\/product"}],"replies":[{"embeddable":true,"href":"https:\/\/gangnambeaute.com\/fr\/wp-json\/wp\/v2\/comments?post=30455"}],"version-history":[{"count":4,"href":"https:\/\/gangnambeaute.com\/fr\/wp-json\/wp\/v2\/product\/30455\/revisions"}],"predecessor-version":[{"id":43607,"href":"https:\/\/gangnambeaute.com\/fr\/wp-json\/wp\/v2\/product\/30455\/revisions\/43607"}],"wp:featuredmedia":[{"embeddable":true,"href":"https:\/\/gangnambeaute.com\/fr\/wp-json\/wp\/v2\/media\/43606"}],"wp:attachment":[{"href":"https:\/\/gangnambeaute.com\/fr\/wp-json\/wp\/v2\/media?parent=30455"}],"wp:term":[{"taxonomy":"product_brand","embeddable":true,"href":"https:\/\/gangnambeaute.com\/fr\/wp-json\/wp\/v2\/product_brand?post=30455"},{"taxonomy":"product_cat","embeddable":true,"href":"https:\/\/gangnambeaute.com\/fr\/wp-json\/wp\/v2\/product_cat?post=30455"},{"taxonomy":"product_tag","embeddable":true,"href":"https:\/\/gangnambeaute.com\/fr\/wp-json\/wp\/v2\/product_tag?post=30455"}],"curies":[{"name":"wp","href":"https:\/\/api.w.org\/{rel}","templated":true}]}}